{"id":9037,"date":"2017-10-05T07:47:23","date_gmt":"2017-10-05T07:47:23","guid":{"rendered":"http:\/\/belleazul.com\/it\/product\/water-sleeping-mask\/"},"modified":"2018-10-04T14:01:35","modified_gmt":"2018-10-04T14:01:35","slug":"water-sleeping-mask","status":"publish","type":"product","link":"https:\/\/belleazul.com\/it\/prodotto\/water-sleeping-mask\/","title":{"rendered":"Pure Swiss Water Sleeping Mask"},"content":{"rendered":"<div class=\"fusion-one-sixth fusion-layout-column fusion-spacing-yes fusion-hide-on-mobile\" style=\"margin-top:0px;margin-bottom:20px;\"><div class=\"fusion-column-wrapper\"><div class=\"fusion-clearfix\"><\/div><\/div><\/div> <div class=\"fusion-one-third fusion-layout-column fusion-spacing-yes\" style=\"margin-top:0px;margin-bottom:20px;\"><div class=\"fusion-column-wrapper\">\n<h5>Un dolce riposo per la tua pelle!<\/h5>\n<div class=\"fusion-sep-clear\"><\/div><div class=\"fusion-separator fusion-full-width-sep sep-none\" style=\"border-color:#e0dede;margin-left: auto;margin-right: auto;margin-top:40px;\"><\/div>Gel-Mask innovativo, ad assorbimento rapido durante la notte per idratare e rigenerare la pelle in profondit\u00e0.<\/p>\n<p>Alimentato da Acido Ialuronico e Aloe Vera, si scioglie istantaneamente nella pelle, rilasciando un&#8217;intensa umidit\u00e0.<br \/>\nArricchito con le cellule staminali di Argan, ripristina il bagliore giovanile della pelle e riduce visibilmente i segni di fatica durante la notte.  <div class=\"fusion-clearfix\"><\/div><\/div><\/div> <div class=\"fusion-one-third fusion-layout-column fusion-spacing-yes\" style=\"margin-top:0px;margin-bottom:20px;\"><div class=\"fusion-column-wrapper\"><img loading=\"lazy\" decoding=\"async\" class=\"aligncenter size-full wp-image-5624\" src=\"http:\/\/belleazul.com\/wp-content\/uploads\/2017\/10\/LIFESTYLE-1.png\" alt=\"Captura de pantalla 2017-07-26 a las 13.20.35\" width=\"499\" height=\"623\" \/><div class=\"fusion-clearfix\"><\/div><\/div><\/div> <div class=\"fusion-one-sixth fusion-layout-column fusion-column-last fusion-spacing-yes fusion-hide-on-mobile\" style=\"margin-top:0px;margin-bottom:20px;\"><div class=\"fusion-column-wrapper\"><div class=\"fusion-clearfix\"><\/div><\/div><\/div><div class=\"fusion-clearfix\"><\/div>\n<div class=\"fusion-one-half fusion-layout-column fusion-spacing-yes\" style=\"margin-top:130px;margin-bottom:20px;\"><div class=\"fusion-column-wrapper\"><img loading=\"lazy\" decoding=\"async\" class=\"aligncenter size-full wp-image-5634\" src=\"http:\/\/belleazul.com\/wp-content\/uploads\/2017\/10\/PS_WATER-SLEEPING-MASK2_baja.png\" width=\"575\" height=\"831\" \/><div class=\"fusion-clearfix\"><\/div><\/div><\/div> <div class=\"fusion-one-half fusion-layout-column fusion-column-last fusion-spacing-yes\" style=\"margin-top:50px;margin-bottom:20px;\"><div class=\"fusion-column-wrapper\"><div class=\"fusion-column-table\"><div class=\"fusion-column-tablecell\">\n<div class=\"fusion-one-third fusion-layout-column fusion-spacing-yes\" style=\"margin-top:0px;margin-bottom:20px;\"><div class=\"fusion-column-wrapper\"><img loading=\"lazy\" decoding=\"async\" class=\"aligncenter size-full wp-image-5639\" src=\"http:\/\/belleazul.com\/wp-content\/uploads\/2017\/07\/bullet_1.png\" alt=\"bullet_1\" width=\"148\" height=\"143\" srcset=\"https:\/\/belleazul.com\/wp-content\/uploads\/2017\/07\/bullet_1-120x116.png 120w, https:\/\/belleazul.com\/wp-content\/uploads\/2017\/07\/bullet_1.png 148w\" sizes=\"(max-width: 148px) 100vw, 148px\" \/><div class=\"fusion-clearfix\"><\/div><\/div><\/div> <div class=\"fusion-two-third fusion-layout-column fusion-column-last fusion-spacing-yes\" style=\"margin-top:0px;margin-bottom:20px;\"><div class=\"fusion-column-wrapper\"><span style=\"font-size: 40px; font-weight: 600;\">Acido ialuronico<\/span><br \/>\nQuando invecchiamo, la nostra pelle perde la capacit\u00e0 di mantenere l&#8217;umidit\u00e0, con conseguente perdita visibile della fermezza e dell&#8217;elasticit\u00e0. Grazie alla sua capacit\u00e0 di mantenere l&#8217;umidit\u00e0, l&#8217;acido ialuronico dona alla pelle la sua elasticit\u00e0 naturale.<div class=\"fusion-clearfix\"><\/div><\/div><\/div><div class=\"fusion-clearfix\"><\/div>\n<div class=\"fusion-one-third fusion-layout-column fusion-spacing-yes\" style=\"margin-top:0px;margin-bottom:20px;\"><div class=\"fusion-column-wrapper\"><img loading=\"lazy\" decoding=\"async\" class=\"aligncenter size-full wp-image-5644\" src=\"http:\/\/belleazul.com\/wp-content\/uploads\/2017\/07\/bullet_2.png\" alt=\"bullet_2\" width=\"148\" height=\"143\" srcset=\"https:\/\/belleazul.com\/wp-content\/uploads\/2017\/07\/bullet_2-120x116.png 120w, https:\/\/belleazul.com\/wp-content\/uploads\/2017\/07\/bullet_2.png 148w\" sizes=\"(max-width: 148px) 100vw, 148px\" \/><div class=\"fusion-clearfix\"><\/div><\/div><\/div> <div class=\"fusion-two-third fusion-layout-column fusion-column-last fusion-spacing-yes\" style=\"margin-top:0px;margin-bottom:20px;\"><div class=\"fusion-column-wrapper\"><span style=\"font-size: 40px; font-weight: 600;\">Aloe Vera<\/span><br \/>\nConosciuto per le sue propriet\u00e0 lenitive e idratanti, blocca l&#8217;umidit\u00e0 nella tua pelle, lasciandola elastica e radiante. <div class=\"fusion-clearfix\"><\/div><\/div><\/div><div class=\"fusion-clearfix\"><\/div>\n<div class=\"fusion-one-third fusion-layout-column fusion-spacing-yes\" style=\"margin-top:0px;margin-bottom:20px;\"><div class=\"fusion-column-wrapper\"><img loading=\"lazy\" decoding=\"async\" class=\"aligncenter size-full wp-image-5649\" src=\"http:\/\/belleazul.com\/wp-content\/uploads\/2017\/07\/bullet_3.png\" alt=\"bullet_3\" width=\"148\" height=\"143\" srcset=\"https:\/\/belleazul.com\/wp-content\/uploads\/2017\/07\/bullet_3-120x116.png 120w, https:\/\/belleazul.com\/wp-content\/uploads\/2017\/07\/bullet_3.png 148w\" sizes=\"(max-width: 148px) 100vw, 148px\" \/><div class=\"fusion-clearfix\"><\/div><\/div><\/div> <div class=\"fusion-two-third fusion-layout-column fusion-column-last fusion-spacing-yes\" style=\"margin-top:0px;margin-bottom:20px;\"><div class=\"fusion-column-wrapper\"><span style=\"font-size: 40px; font-weight: 600;\">Cellule staminali di Argan<\/span><br \/>\nStimola il naturale processo di auto-rigenerazione della pelle e riduce i segni visibili dell&#8217;invecchiamento. <div class=\"fusion-clearfix\"><\/div><\/div><\/div><div class=\"fusion-clearfix\"><\/div> <div class=\"fusion-clearfix\"><\/div><\/div><\/div><\/div><\/div><div class=\"fusion-clearfix\"><\/div>\n<p><span style=\"font-size: 55px; color: #00bfd7; font-weight: 600;\">COMPLETA IL TUO LOOK  <\/span><\/p>\n<h5>Lo adorerai! <\/h5>\n<div class=\"fusion-one-full fusion-layout-column fusion-column-last fusion-spacing-yes fusion-hide-on-mobile\" style=\"margin-top:0px;margin-bottom:20px;\"><div class=\"fusion-column-wrapper\">[rev_slider alias=&#8221;carrousel-productos-it&#8221;]<div class=\"fusion-clearfix\"><\/div><\/div><\/div><div class=\"fusion-clearfix\"><\/div><div class=\"fusion-one-full fusion-layout-column fusion-column-last fusion-spacing-yes showonmobile \" style=\"margin-top:0px;margin-bottom:20px;\"><div class=\"fusion-column-wrapper\">[rev_slider alias=&#8221;carrusel-movil-it&#8221;]<div class=\"fusion-clearfix\"><\/div><\/div><\/div><div class=\"fusion-clearfix\"><\/div>\n","protected":false},"excerpt":{"rendered":"[fullwidth background_color=\"\" background_image=\"\" background_parallax=\"none\" enable_mobile=\"no\" parallax_speed=\"0.3\" background_repeat=\"no-repeat\" background_position=\"left top\" video_url=\"\" video_aspect_ratio=\"16:9\" video_webm=\"\" video_mp4=\"\" video_ogv=\"\" video_preview_image=\"\" overlay_color=\"\" overlay_opacity=\"0.5\" video_mute=\"yes\" video_loop=\"yes\" fade=\"no\" border_size=\"0px\" border_color=\"\" border_style=\"solid\" padding_top=\"0\" padding_bottom=\"0\" padding_left=\"\" padding_right=\"\" hundred_percent=\"no\" equal_height_columns=\"no\" hide_on_mobile=\"no\" menu_anchor=\"\" class=\"\" id=\"\"]<br \/>\n[fusion_text]<\/p>\n<h1 style=\"text-align: left;\"><span style=\"font-weight: 400; font-size: 60%;\">La pelle riposata e tonica al mattino grazie alla carica di idratazione notturna con la Water Sleeping Mask.<br \/>\n<\/span><\/h1>\n<p>[\/fusion_text][\/fullwidth]\n","protected":false},"featured_media":8761,"comment_status":"open","ping_status":"closed","template":"","meta":[],"product_brand":[],"product_cat":[48,25],"product_tag":[],"class_list":{"0":"post-9037","1":"product","2":"type-product","3":"status-publish","4":"has-post-thumbnail","6":"product_cat-home-it","7":"product_cat-viso","9":"first","10":"instock","11":"taxable","12":"shipping-taxable","13":"purchasable","14":"product-type-simple"},"yoast_head":"<!-- This site is optimized with the Yoast SEO plugin v25.6 - https:\/\/yoast.com\/wordpress\/plugins\/seo\/ -->\n<title>Water Sleeping Mask - Belle Azul Pure Swiss Range<\/title>\n<meta name=\"description\" content=\"A fresh quenching water sleeping mask gel-cream for fully hydrated and visibly plump skin all day long. Complete your routine with the Pure Swiss Range!\" \/>\n<meta name=\"robots\" content=\"index, follow, max-snippet:-1, max-image-preview:large, max-video-preview:-1\" \/>\n<link rel=\"canonical\" href=\"https:\/\/belleazul.com\/prodotto\/water-sleeping-mask\/\" \/>\n<meta property=\"og:locale\" content=\"it_IT\" \/>\n<meta property=\"og:type\" content=\"article\" \/>\n<meta property=\"og:title\" content=\"Water Sleeping Mask - Belle Azul Pure Swiss Range\" \/>\n<meta property=\"og:description\" content=\"A fresh quenching water sleeping mask gel-cream for fully hydrated and visibly plump skin all day long. Complete your routine with the Pure Swiss Range!\" \/>\n<meta property=\"og:url\" content=\"https:\/\/belleazul.com\/prodotto\/water-sleeping-mask\/\" \/>\n<meta property=\"og:site_name\" content=\"Belle Azul\" \/>\n<meta property=\"article:modified_time\" content=\"2018-10-04T14:01:35+00:00\" \/>\n<meta property=\"og:image\" content=\"https:\/\/belleazul.com\/wp-content\/uploads\/2017\/10\/mask-1.png\" \/>\n\t<meta property=\"og:image:width\" content=\"678\" \/>\n\t<meta property=\"og:image:height\" content=\"1030\" \/>\n\t<meta property=\"og:image:type\" content=\"image\/png\" \/>\n<meta name=\"twitter:card\" content=\"summary_large_image\" \/>\n<meta name=\"twitter:label1\" content=\"Est. reading time\" \/>\n\t<meta name=\"twitter:data1\" content=\"5 minutes\" \/>\n<script type=\"application\/ld+json\" class=\"yoast-schema-graph\">{\"@context\":\"https:\/\/schema.org\",\"@graph\":[{\"@type\":\"WebPage\",\"@id\":\"https:\/\/belleazul.com\/prodotto\/water-sleeping-mask\/\",\"url\":\"https:\/\/belleazul.com\/prodotto\/water-sleeping-mask\/\",\"name\":\"Water Sleeping Mask - Belle Azul Pure Swiss Range\",\"isPartOf\":{\"@id\":\"https:\/\/belleazul.com\/#website\"},\"primaryImageOfPage\":{\"@id\":\"https:\/\/belleazul.com\/prodotto\/water-sleeping-mask\/#primaryimage\"},\"image\":{\"@id\":\"https:\/\/belleazul.com\/prodotto\/water-sleeping-mask\/#primaryimage\"},\"thumbnailUrl\":\"https:\/\/belleazul.com\/wp-content\/uploads\/2017\/10\/mask-1.png\",\"datePublished\":\"2017-10-05T07:47:23+00:00\",\"dateModified\":\"2018-10-04T14:01:35+00:00\",\"description\":\"A fresh quenching water sleeping mask gel-cream for fully hydrated and visibly plump skin all day long. Complete your routine with the Pure Swiss Range!\",\"breadcrumb\":{\"@id\":\"https:\/\/belleazul.com\/prodotto\/water-sleeping-mask\/#breadcrumb\"},\"inLanguage\":\"it-IT\",\"potentialAction\":[{\"@type\":\"ReadAction\",\"target\":[\"https:\/\/belleazul.com\/prodotto\/water-sleeping-mask\/\"]}]},{\"@type\":\"ImageObject\",\"inLanguage\":\"it-IT\",\"@id\":\"https:\/\/belleazul.com\/prodotto\/water-sleeping-mask\/#primaryimage\",\"url\":\"https:\/\/belleazul.com\/wp-content\/uploads\/2017\/10\/mask-1.png\",\"contentUrl\":\"https:\/\/belleazul.com\/wp-content\/uploads\/2017\/10\/mask-1.png\",\"width\":678,\"height\":1030},{\"@type\":\"BreadcrumbList\",\"@id\":\"https:\/\/belleazul.com\/prodotto\/water-sleeping-mask\/#breadcrumb\",\"itemListElement\":[{\"@type\":\"ListItem\",\"position\":1,\"name\":\"Home\",\"item\":\"https:\/\/belleazul.com\/it\/\"},{\"@type\":\"ListItem\",\"position\":2,\"name\":\"Our promises\",\"item\":\"https:\/\/belleazul.com\/beauty-values\/\"},{\"@type\":\"ListItem\",\"position\":3,\"name\":\"Pure Swiss Water Sleeping Mask\"}]},{\"@type\":\"WebSite\",\"@id\":\"https:\/\/belleazul.com\/#website\",\"url\":\"https:\/\/belleazul.com\/\",\"name\":\"Belle Azul\",\"description\":\"Mediterranean Beauty Brand\",\"potentialAction\":[{\"@type\":\"SearchAction\",\"target\":{\"@type\":\"EntryPoint\",\"urlTemplate\":\"https:\/\/belleazul.com\/?s={search_term_string}\"},\"query-input\":{\"@type\":\"PropertyValueSpecification\",\"valueRequired\":true,\"valueName\":\"search_term_string\"}}],\"inLanguage\":\"it-IT\"}]}<\/script>\n<!-- \/ Yoast SEO plugin. -->","yoast_head_json":{"title":"Water Sleeping Mask - Belle Azul Pure Swiss Range","description":"A fresh quenching water sleeping mask gel-cream for fully hydrated and visibly plump skin all day long. Complete your routine with the Pure Swiss Range!","robots":{"index":"index","follow":"follow","max-snippet":"max-snippet:-1","max-image-preview":"max-image-preview:large","max-video-preview":"max-video-preview:-1"},"canonical":"https:\/\/belleazul.com\/prodotto\/water-sleeping-mask\/","og_locale":"it_IT","og_type":"article","og_title":"Water Sleeping Mask - Belle Azul Pure Swiss Range","og_description":"A fresh quenching water sleeping mask gel-cream for fully hydrated and visibly plump skin all day long. Complete your routine with the Pure Swiss Range!","og_url":"https:\/\/belleazul.com\/prodotto\/water-sleeping-mask\/","og_site_name":"Belle Azul","article_modified_time":"2018-10-04T14:01:35+00:00","og_image":[{"width":678,"height":1030,"url":"https:\/\/belleazul.com\/wp-content\/uploads\/2017\/10\/mask-1.png","type":"image\/png"}],"twitter_card":"summary_large_image","twitter_misc":{"Est. reading time":"5 minutes"},"schema":{"@context":"https:\/\/schema.org","@graph":[{"@type":"WebPage","@id":"https:\/\/belleazul.com\/prodotto\/water-sleeping-mask\/","url":"https:\/\/belleazul.com\/prodotto\/water-sleeping-mask\/","name":"Water Sleeping Mask - Belle Azul Pure Swiss Range","isPartOf":{"@id":"https:\/\/belleazul.com\/#website"},"primaryImageOfPage":{"@id":"https:\/\/belleazul.com\/prodotto\/water-sleeping-mask\/#primaryimage"},"image":{"@id":"https:\/\/belleazul.com\/prodotto\/water-sleeping-mask\/#primaryimage"},"thumbnailUrl":"https:\/\/belleazul.com\/wp-content\/uploads\/2017\/10\/mask-1.png","datePublished":"2017-10-05T07:47:23+00:00","dateModified":"2018-10-04T14:01:35+00:00","description":"A fresh quenching water sleeping mask gel-cream for fully hydrated and visibly plump skin all day long. Complete your routine with the Pure Swiss Range!","breadcrumb":{"@id":"https:\/\/belleazul.com\/prodotto\/water-sleeping-mask\/#breadcrumb"},"inLanguage":"it-IT","potentialAction":[{"@type":"ReadAction","target":["https:\/\/belleazul.com\/prodotto\/water-sleeping-mask\/"]}]},{"@type":"ImageObject","inLanguage":"it-IT","@id":"https:\/\/belleazul.com\/prodotto\/water-sleeping-mask\/#primaryimage","url":"https:\/\/belleazul.com\/wp-content\/uploads\/2017\/10\/mask-1.png","contentUrl":"https:\/\/belleazul.com\/wp-content\/uploads\/2017\/10\/mask-1.png","width":678,"height":1030},{"@type":"BreadcrumbList","@id":"https:\/\/belleazul.com\/prodotto\/water-sleeping-mask\/#breadcrumb","itemListElement":[{"@type":"ListItem","position":1,"name":"Home","item":"https:\/\/belleazul.com\/it\/"},{"@type":"ListItem","position":2,"name":"Our promises","item":"https:\/\/belleazul.com\/beauty-values\/"},{"@type":"ListItem","position":3,"name":"Pure Swiss Water Sleeping Mask"}]},{"@type":"WebSite","@id":"https:\/\/belleazul.com\/#website","url":"https:\/\/belleazul.com\/","name":"Belle Azul","description":"Mediterranean Beauty Brand","potentialAction":[{"@type":"SearchAction","target":{"@type":"EntryPoint","urlTemplate":"https:\/\/belleazul.com\/?s={search_term_string}"},"query-input":{"@type":"PropertyValueSpecification","valueRequired":true,"valueName":"search_term_string"}}],"inLanguage":"it-IT"}]}},"_links":{"self":[{"href":"https:\/\/belleazul.com\/it\/wp-json\/wp\/v2\/product\/9037"}],"collection":[{"href":"https:\/\/belleazul.com\/it\/wp-json\/wp\/v2\/product"}],"about":[{"href":"https:\/\/belleazul.com\/it\/wp-json\/wp\/v2\/types\/product"}],"replies":[{"embeddable":true,"href":"https:\/\/belleazul.com\/it\/wp-json\/wp\/v2\/comments?post=9037"}],"wp:featuredmedia":[{"embeddable":true,"href":"https:\/\/belleazul.com\/it\/wp-json\/wp\/v2\/media\/8761"}],"wp:attachment":[{"href":"https:\/\/belleazul.com\/it\/wp-json\/wp\/v2\/media?parent=9037"}],"wp:term":[{"taxonomy":"product_brand","embeddable":true,"href":"https:\/\/belleazul.com\/it\/wp-json\/wp\/v2\/product_brand?post=9037"},{"taxonomy":"product_cat","embeddable":true,"href":"https:\/\/belleazul.com\/it\/wp-json\/wp\/v2\/product_cat?post=9037"},{"taxonomy":"product_tag","embeddable":true,"href":"https:\/\/belleazul.com\/it\/wp-json\/wp\/v2\/product_tag?post=9037"}],"curies":[{"name":"wp","href":"https:\/\/api.w.org\/{rel}","templated":true}]}}