{"id":8848,"date":"2017-08-01T15:53:58","date_gmt":"2017-08-01T15:53:58","guid":{"rendered":"http:\/\/belleazul.com\/it\/beauty-buzz\/"},"modified":"2017-11-21T10:56:20","modified_gmt":"2017-11-21T10:56:20","slug":"beauty-buzz","status":"publish","type":"page","link":"https:\/\/belleazul.com\/it\/beauty-buzz\/","title":{"rendered":"Beauty Buzz"},"content":{"rendered":"<div class=\"fusion-fullwidth fullwidth-box fusion-fullwidth-1  fusion-parallax-none hundred-percent-fullwidth\" style=\"border-color:#eae9e9;border-bottom-width: 0px;border-top-width: 0px;border-bottom-style: solid;border-top-style: solid;padding-bottom:0px;padding-top:600px;padding-left:0px;padding-right:0px;background-color:rgba(255,255,255,0);background-position:center center;background-repeat:no-repeat;-webkit-background-size:cover;-moz-background-size:cover;-o-background-size:cover;background-size:cover;-ms-filter: &quot;progid:DXImageTransform.Microsoft.AlphaImageLoader(src=&#039;http:\/\/belleazul.com\/wp-content\/uploads\/2017\/07\/HEADER-BLOG-1.jpg&#039;, sizingMethod=&#039;scale&#039;)&quot;;background-image: url(http:\/\/belleazul.com\/wp-content\/uploads\/2017\/07\/HEADER-BLOG-1.jpg);\"><style type=\"text\/css\" scoped=\"scoped\">.fusion-fullwidth-1 {\n                            padding-left: 0px !important;\n                            padding-right: 0px !important;\n                        }<\/style><div class=\"fusion-row\"><\/div><\/div><div class=\"fusion-one-third fusion-layout-column fusion-spacing-yes\" style=\"margin-top:0px;margin-bottom:20px;\"><div class=\"fusion-column-wrapper\"><div class=\"fusion-clearfix\"><\/div><\/div><\/div><div class=\"fusion-one-third fusion-layout-column fusion-spacing-yes\" style=\"margin-top:0px;margin-bottom:20px;\"><div class=\"fusion-column-wrapper\"><div class=\"fusion-sep-clear\"><\/div><div class=\"fusion-separator fusion-full-width-sep sep-none\" style=\"border-color:#e0dede;margin-left: auto;margin-right: auto;margin-top:40px;margin-bottom:40px;\"><\/div><h5>Ciao Bellezze!<\/h5>\n<p class=\"p1\">Nel mondo della bellezza, ci sono infinite possibilit\u00e0 su come continuare a guardarsi e sentirsi favolosi  e &#8220;Beauty Buzz&#8221; ti soddisfer\u00e0 sempre. Scopri i pi\u00f9 recenti trucchi, suggerimenti e consigli, le tendenze pi\u00f9 in voga e suggerimenti per una vita sana dai nostri esperti di bellezza, qui nella soleggiata Barcellona. Lasciati ispirare &#8211; Ricevi l&#8217;esclusiva &#8211; Tira fuori la vostra bellezza.<\/p>\n<div class=\"fusion-clearfix\"><\/div><\/div><\/div><div class=\"fusion-one-third fusion-layout-column fusion-column-last fusion-spacing-yes\" style=\"margin-top:0px;margin-bottom:20px;\"><div class=\"fusion-column-wrapper\"><div class=\"fusion-clearfix\"><\/div><\/div><\/div><div class=\"fusion-clearfix\"><\/div><div class=\"fusion-fullwidth fullwidth-box fusion-fullwidth-2  fusion-parallax-none nonhundred-percent-fullwidth\" style=\"border-color:#eae9e9;border-bottom-width: 0px;border-top-width: 0px;border-bottom-style: solid;border-top-style: solid;padding-bottom:20px;padding-top:80px;padding-left:;padding-right:;background-color:rgba(255,255,255,0);\"><style type=\"text\/css\" scoped=\"scoped\">.fusion-fullwidth-2 {\n                            padding-left: px !important;\n                            padding-right: px !important;\n                        }<\/style><div class=\"fusion-row\"><div class=\"fusion-recent-posts avada-container layout-default layout-columns-3 imgblog\"><section class=\"fusion-columns columns fusion-columns-3 columns-3\"><div class=\"fusion-column column col col-lg-4 col-md-4 col-sm-4\"><div class=\"fusion-flexslider flexslider flexslider-hover-type-none\"><ul class=\"slides\"><li><a href=\"https:\/\/belleazul.com\/it\/what-causes-heavy-legs-how-can-we-treat-them\/\" class=\"hover-type-none\"><img decoding=\"async\" src=\"https:\/\/belleazul.com\/wp-content\/uploads\/2018\/08\/pexels-photo-839605-700x441.jpeg\" alt=\"\" \/><\/a><\/li><\/ul><\/div><div class=\"recent-posts-content\">\n\t\n\t\t\t<span class=\"vcard\" style=\"display: none;\">\n\t\t\t<span class=\"fn\">\n\t\t\t\t<a href=\"https:\/\/belleazul.com\/it\/author\/tomerfargmail-com\/\" title=\"Posts by Tomer Farkas\" rel=\"author\">Tomer Farkas<\/a>\t\t\t<\/span>\n\t\t<\/span>\n\t\n\t\t\t<span class=\"updated\" style=\"display:none;\">\n\t\t\t2018-08-17T11:18:45+00:00\t\t<\/span>\n\t\n<h4 class=\"entry-title\"><a href=\"https:\/\/belleazul.com\/it\/what-causes-heavy-legs-how-can-we-treat-them\/\">What Causes Heavy Legs and How Can We Treat Them?<\/a><\/h4><\/div><\/div><div class=\"fusion-column column col col-lg-4 col-md-4 col-sm-4\"><div class=\"fusion-flexslider flexslider flexslider-hover-type-none\"><ul class=\"slides\"><li><a href=\"https:\/\/belleazul.com\/it\/calorie-intake-how-many-calories-consume-day\/\" class=\"hover-type-none\"><img decoding=\"async\" src=\"https:\/\/belleazul.com\/wp-content\/uploads\/2018\/07\/belly-body-calories-diet-42069-700x441.jpeg\" alt=\"\" \/><\/a><\/li><\/ul><\/div><div class=\"recent-posts-content\">\n\t\n\t\t\t<span class=\"vcard\" style=\"display: none;\">\n\t\t\t<span class=\"fn\">\n\t\t\t\t<a href=\"https:\/\/belleazul.com\/it\/author\/tomerfargmail-com\/\" title=\"Posts by Tomer Farkas\" rel=\"author\">Tomer Farkas<\/a>\t\t\t<\/span>\n\t\t<\/span>\n\t\n\t\t\t<span class=\"updated\" style=\"display:none;\">\n\t\t\t2018-07-11T11:43:46+00:00\t\t<\/span>\n\t\n<h4 class=\"entry-title\"><a href=\"https:\/\/belleazul.com\/it\/calorie-intake-how-many-calories-consume-day\/\">Calorie Intake: How Many Calories Should You Consume a Day?<\/a><\/h4><\/div><\/div><div class=\"fusion-column column col col-lg-4 col-md-4 col-sm-4\"><div class=\"fusion-flexslider flexslider flexslider-hover-type-none\"><ul class=\"slides\"><li><a href=\"https:\/\/belleazul.com\/it\/truth-adding-face-mask-skincare-routine\/\" class=\"hover-type-none\"><img decoding=\"async\" src=\"https:\/\/belleazul.com\/wp-content\/uploads\/2018\/06\/Captura.jpg\" alt=\"\" \/><\/a><\/li><\/ul><\/div><div class=\"recent-posts-content\">\n\t\n\t\t\t<span class=\"vcard\" style=\"display: none;\">\n\t\t\t<span class=\"fn\">\n\t\t\t\t<a href=\"https:\/\/belleazul.com\/it\/author\/tomerfargmail-com\/\" title=\"Posts by Tomer Farkas\" rel=\"author\">Tomer Farkas<\/a>\t\t\t<\/span>\n\t\t<\/span>\n\t\n\t\t\t<span class=\"updated\" style=\"display:none;\">\n\t\t\t2018-06-27T08:34:30+00:00\t\t<\/span>\n\t\n<h4 class=\"entry-title\"><a href=\"https:\/\/belleazul.com\/it\/truth-adding-face-mask-skincare-routine\/\">The Truth About Adding A Face Mask To Your Skincare Routine<\/a><\/h4><\/div><\/div><div class=\"fusion-clearfix\"><\/div><div class=\"fusion-column column col col-lg-4 col-md-4 col-sm-4\"><div class=\"fusion-flexslider flexslider flexslider-hover-type-none\"><ul class=\"slides\"><li><a href=\"https:\/\/belleazul.com\/it\/top-5-ways-relieve-stress\/\" class=\"hover-type-none\"><img decoding=\"async\" src=\"https:\/\/belleazul.com\/wp-content\/uploads\/2018\/06\/pexels-photo-313690-700x441.jpeg\" alt=\"\" \/><\/a><\/li><\/ul><\/div><div class=\"recent-posts-content\">\n\t\n\t\t\t<span class=\"vcard\" style=\"display: none;\">\n\t\t\t<span class=\"fn\">\n\t\t\t\t<a href=\"https:\/\/belleazul.com\/it\/author\/tomerfargmail-com\/\" title=\"Posts by Tomer Farkas\" rel=\"author\">Tomer Farkas<\/a>\t\t\t<\/span>\n\t\t<\/span>\n\t\n\t\t\t<span class=\"updated\" style=\"display:none;\">\n\t\t\t2018-06-13T09:46:47+00:00\t\t<\/span>\n\t\n<h4 class=\"entry-title\"><a href=\"https:\/\/belleazul.com\/it\/top-5-ways-relieve-stress\/\">Top 5 Ways to Relieve Stress<\/a><\/h4><\/div><\/div><div class=\"fusion-column column col col-lg-4 col-md-4 col-sm-4\"><div class=\"fusion-flexslider flexslider flexslider-hover-type-none\"><ul class=\"slides\"><li><a href=\"https:\/\/belleazul.com\/it\/prepara-tuoi-piedi-per-le-vacanze\/\" class=\"hover-type-none\"><img decoding=\"async\" src=\"https:\/\/belleazul.com\/wp-content\/uploads\/2018\/06\/closed-for-holiday-1583103_960_720-700x441.jpg\" alt=\"\" \/><\/a><\/li><\/ul><\/div><div class=\"recent-posts-content\">\n\t\n\t\t\t<span class=\"vcard\" style=\"display: none;\">\n\t\t\t<span class=\"fn\">\n\t\t\t\t<a href=\"https:\/\/belleazul.com\/it\/author\/tomerfargmail-com\/\" title=\"Posts by Tomer Farkas\" rel=\"author\">Tomer Farkas<\/a>\t\t\t<\/span>\n\t\t<\/span>\n\t\n\t\t\t<span class=\"updated\" style=\"display:none;\">\n\t\t\t2018-06-11T09:20:08+00:00\t\t<\/span>\n\t\n<h4 class=\"entry-title\"><a href=\"https:\/\/belleazul.com\/it\/prepara-tuoi-piedi-per-le-vacanze\/\">Prepara i Tuoi Piedi per le Vacanze!<\/a><\/h4><\/div><\/div><div class=\"fusion-column column col col-lg-4 col-md-4 col-sm-4\"><div class=\"fusion-flexslider flexslider flexslider-hover-type-none\"><ul class=\"slides\"><li><a href=\"https:\/\/belleazul.com\/it\/routine-di-cura-della-pelle\/\" class=\"hover-type-none\"><img decoding=\"async\" src=\"https:\/\/belleazul.com\/wp-content\/uploads\/2018\/05\/2-skin20160712_IMG_0047-700x441.jpg\" alt=\"\" \/><\/a><\/li><\/ul><\/div><div class=\"recent-posts-content\">\n\t\n\t\t\t<span class=\"vcard\" style=\"display: none;\">\n\t\t\t<span class=\"fn\">\n\t\t\t\t<a href=\"https:\/\/belleazul.com\/it\/author\/tomerfargmail-com\/\" title=\"Posts by Tomer Farkas\" rel=\"author\">Tomer Farkas<\/a>\t\t\t<\/span>\n\t\t<\/span>\n\t\n\t\t\t<span class=\"updated\" style=\"display:none;\">\n\t\t\t2018-06-11T09:11:09+00:00\t\t<\/span>\n\t\n<h4 class=\"entry-title\"><a href=\"https:\/\/belleazul.com\/it\/routine-di-cura-della-pelle\/\">Routine di Cura della Pelle: 4 Passaggi per Avere una Pelle Luminosa<\/a><\/h4><\/div><\/div><div class=\"fusion-clearfix\"><\/div><div class=\"fusion-column column col col-lg-4 col-md-4 col-sm-4\"><div class=\"fusion-flexslider flexslider flexslider-hover-type-none\"><ul class=\"slides\"><li><a href=\"https:\/\/belleazul.com\/it\/come-mantenere-pelle-idratata-hydrated-estate\/\" class=\"hover-type-none\"><img decoding=\"async\" src=\"https:\/\/belleazul.com\/wp-content\/uploads\/2018\/05\/Jarra-450x441.jpg\" alt=\"\" \/><\/a><\/li><\/ul><\/div><div class=\"recent-posts-content\">\n\t\n\t\t\t<span class=\"vcard\" style=\"display: none;\">\n\t\t\t<span class=\"fn\">\n\t\t\t\t<a href=\"https:\/\/belleazul.com\/it\/author\/tomerfargmail-com\/\" title=\"Posts by Tomer Farkas\" rel=\"author\">Tomer Farkas<\/a>\t\t\t<\/span>\n\t\t<\/span>\n\t\n\t\t\t<span class=\"updated\" style=\"display:none;\">\n\t\t\t2018-05-28T12:03:46+00:00\t\t<\/span>\n\t\n<h4 class=\"entry-title\"><a href=\"https:\/\/belleazul.com\/it\/come-mantenere-pelle-idratata-hydrated-estate\/\">Come Mantenere la Pelle Idratata in Estate?<\/a><\/h4><\/div><\/div><div class=\"fusion-column column col col-lg-4 col-md-4 col-sm-4\"><div class=\"fusion-flexslider flexslider flexslider-hover-type-none\"><ul class=\"slides\"><li><a href=\"https:\/\/belleazul.com\/it\/7-segreti-bellezza-ogni-ragazza-dovrebbe-sapere\/\" class=\"hover-type-none\"><img decoding=\"async\" src=\"https:\/\/belleazul.com\/wp-content\/uploads\/2018\/05\/Heart-450x441.jpg\" alt=\"\" \/><\/a><\/li><\/ul><\/div><div class=\"recent-posts-content\">\n\t\n\t\t\t<span class=\"vcard\" style=\"display: none;\">\n\t\t\t<span class=\"fn\">\n\t\t\t\t<a href=\"https:\/\/belleazul.com\/it\/author\/tomerfargmail-com\/\" title=\"Posts by Tomer Farkas\" rel=\"author\">Tomer Farkas<\/a>\t\t\t<\/span>\n\t\t<\/span>\n\t\n\t\t\t<span class=\"updated\" style=\"display:none;\">\n\t\t\t2018-05-28T12:04:52+00:00\t\t<\/span>\n\t\n<h4 class=\"entry-title\"><a href=\"https:\/\/belleazul.com\/it\/7-segreti-bellezza-ogni-ragazza-dovrebbe-sapere\/\">7 Segreti di Bellezza che Ogni Ragazza Dovrebbe Sapere<\/a><\/h4><\/div><\/div><div class=\"fusion-column column col col-lg-4 col-md-4 col-sm-4\"><div class=\"fusion-flexslider flexslider flexslider-hover-type-none\"><ul class=\"slides\"><li><a href=\"https:\/\/belleazul.com\/it\/summer-beauty-routine\/\" class=\"hover-type-none\"><img decoding=\"async\" src=\"https:\/\/belleazul.com\/wp-content\/uploads\/2017\/07\/BLOG-FOTOS-WEB-03-2-450x441.png\" alt=\"\" \/><\/a><\/li><\/ul><\/div><div class=\"recent-posts-content\">\n\t\n\t\t\t<span class=\"vcard\" style=\"display: none;\">\n\t\t\t<span class=\"fn\">\n\t\t\t\t<a href=\"https:\/\/belleazul.com\/it\/author\/tomerfargmail-com\/\" title=\"Posts by Tomer Farkas\" rel=\"author\">Tomer Farkas<\/a>\t\t\t<\/span>\n\t\t<\/span>\n\t\n\t\t\t<span class=\"updated\" style=\"display:none;\">\n\t\t\t2017-07-21T11:41:37+00:00\t\t<\/span>\n\t\n<h4 class=\"entry-title\"><a href=\"https:\/\/belleazul.com\/it\/summer-beauty-routine\/\">Summer 2017: A beauty must have for every destination<\/a><\/h4><\/div><\/div><div class=\"fusion-clearfix\"><\/div><div class=\"fusion-column column col col-lg-4 col-md-4 col-sm-4\"><div class=\"fusion-flexslider flexslider flexslider-hover-type-none\"><ul class=\"slides\"><li><a href=\"https:\/\/belleazul.com\/it\/fun-multimasking\/\" class=\"hover-type-none\"><img decoding=\"async\" src=\"https:\/\/belleazul.com\/wp-content\/uploads\/2017\/02\/BLOG-FOTOS-WEB-01-4-450x441.png\" alt=\"\" \/><\/a><\/li><\/ul><\/div><div class=\"recent-posts-content\">\n\t\n\t\t\t<span class=\"vcard\" style=\"display: none;\">\n\t\t\t<span class=\"fn\">\n\t\t\t\t<a href=\"https:\/\/belleazul.com\/it\/author\/tomerfargmail-com\/\" title=\"Posts by Tomer Farkas\" rel=\"author\">Tomer Farkas<\/a>\t\t\t<\/span>\n\t\t<\/span>\n\t\n\t\t\t<span class=\"updated\" style=\"display:none;\">\n\t\t\t2017-02-02T12:14:56+00:00\t\t<\/span>\n\t\n<h4 class=\"entry-title\"><a href=\"https:\/\/belleazul.com\/it\/fun-multimasking\/\">Fun Multimasking Trend<\/a><\/h4><\/div><\/div><div class=\"fusion-column column col col-lg-4 col-md-4 col-sm-4\"><div class=\"fusion-flexslider flexslider flexslider-hover-type-none\"><ul class=\"slides\"><li><a href=\"https:\/\/belleazul.com\/it\/hi-and-welcome-to-our-blog\/\" class=\"hover-type-none\"><img decoding=\"async\" src=\"https:\/\/belleazul.com\/wp-content\/uploads\/2016\/07\/BLOG-FOTOS-WEB-02-2-450x441.png\" alt=\"\" \/><\/a><\/li><\/ul><\/div><div class=\"recent-posts-content\">\n\t\n\t\t\t<span class=\"vcard\" style=\"display: none;\">\n\t\t\t<span class=\"fn\">\n\t\t\t\t<a href=\"https:\/\/belleazul.com\/it\/author\/tomerfargmail-com\/\" title=\"Posts by Tomer Farkas\" rel=\"author\">Tomer Farkas<\/a>\t\t\t<\/span>\n\t\t<\/span>\n\t\n\t\t\t<span class=\"updated\" style=\"display:none;\">\n\t\t\t2016-07-26T16:44:39+00:00\t\t<\/span>\n\t\n<h4 class=\"entry-title\"><a href=\"https:\/\/belleazul.com\/it\/hi-and-welcome-to-our-blog\/\">Hi &#038; welcome to our blog!<\/a><\/h4><\/div><\/div><\/section><\/div><\/div><\/div><div class=\"fusion-bg-parallax\" data-bg-align=\"center center\" data-direction=\"down\" data-mute=\"yes\" data-opacity=\"100\" data-velocity=\"-0.3\" data-mobile-enabled=\"false\" data-break-parents=\"0\" data-bg-image=\"http:\/\/belleazul.com\/wp-content\/uploads\/2017\/07\/blog_down.jpg\" data-bg-repeat=\"false\"><\/div><div class=\"fusion-fullwidth fullwidth-box fusion-fullwidth-3  fusion-parallax-down hundred-percent-fullwidth\" style=\"border-color:#eae9e9;border-bottom-width: 0px;border-top-width: 0px;border-bottom-style: solid;border-top-style: solid;padding-bottom:0px;padding-top:600px;padding-left:0px;padding-right:0px;\"><style type=\"text\/css\" scoped=\"scoped\">.fusion-fullwidth-3 {\n                            padding-left: 0px !important;\n                            padding-right: 0px !important;\n                        }<\/style><div class=\"fusion-row\"><\/div><\/div><div class=\"fusion-fullwidth fullwidth-box fusion-fullwidth-4  fusion-parallax-none nonhundred-percent-fullwidth\" style=\"border-color:#eae9e9;border-bottom-width: 0px;border-top-width: 0px;border-bottom-style: solid;border-top-style: solid;padding-bottom:80px;padding-top:80px;padding-left:;padding-right:;background-color:rgba(255,255,255,0);\"><style type=\"text\/css\" scoped=\"scoped\">.fusion-fullwidth-4 {\n                            padding-left: px !important;\n                            padding-right: px !important;\n                        }<\/style><div class=\"fusion-row\"><div class=\"fusion-one-third fusion-layout-column fusion-spacing-yes\" style=\"margin-top:0px;margin-bottom:20px;\"><div class=\"fusion-column-wrapper\"><div class=\"fusion-clearfix\"><\/div><\/div><\/div><div class=\"fusion-one-third fusion-layout-column fusion-spacing-yes\" style=\"margin-top:0px;margin-bottom:20px;\"><div class=\"fusion-column-wrapper\"><span class=\"fusion-imageframe imageframe-none imageframe-1 hover-type-none\"> <img decoding=\"async\" alt=\"\" src=\"http:\/\/belleazul.com\/wp-content\/uploads\/2017\/07\/SOCIAL-MEDIA.png\" class=\"img-responsive\"\/><\/span><div class=\"fusion-clearfix\"><\/div><\/div><\/div><div class=\"fusion-one-third fusion-layout-column fusion-column-last fusion-spacing-yes\" style=\"margin-top:0px;margin-bottom:20px;\"><div class=\"fusion-column-wrapper\"><div class=\"fusion-clearfix\"><\/div><\/div><\/div><div class=\"fusion-clearfix\"><\/div><\/div><\/div><div class=\"fusion-fullwidth fullwidth-box fusion-fullwidth-5  fusion-parallax-none nonhundred-percent-fullwidth\" style=\"border-color:#eae9e9;border-bottom-width: 0px;border-top-width: 0px;border-bottom-style: solid;border-top-style: solid;padding-bottom:20px;padding-top:20px;padding-left:;padding-right:;background-color:rgba(255,255,255,0);\"><style type=\"text\/css\" scoped=\"scoped\">.fusion-fullwidth-5 {\n                            padding-left: px !important;\n                            padding-right: px !important;\n                        }<\/style><div class=\"fusion-row\"><div class=\"fusion-one-full fusion-layout-column fusion-column-last fusion-spacing-yes\" style=\"margin-top:0px;margin-bottom:20px;\"><div class=\"fusion-column-wrapper\"><div data-is data-is-api=\"https:\/\/belleazul.com\/wp-content\/plugins\/elfsight-instashow\/api\/\" data-is-source=\"@belleazul\" data-is-limit=\"0\" data-is-cache-media-time=\"0\" data-is-columns=\"4\" data-is-rows=\"1\" data-is-gutter=\"0\" data-is-responsive=\"%7B%22800%22%3A%7B%22columns%22%3A%222%22%2C%22rows%22%3A%221%22%2C%22gutter%22%3A%220%22%7D%7D\" data-is-speed=\"600\" data-is-auto=\"0\" data-is-popup-speed=\"400\"><\/div>\n<div class=\"fusion-clearfix\"><\/div><\/div><\/div><div class=\"fusion-clearfix\"><\/div><\/div><\/div>\n","protected":false},"excerpt":{"rendered":"","protected":false},"author":65,"featured_media":0,"parent":0,"menu_order":0,"comment_status":"closed","ping_status":"closed","template":"100-width.php","meta":{"footnotes":""},"class_list":["post-8848","page","type-page","status-publish","hentry"],"yoast_head":"<!-- This site is optimized with the Yoast SEO plugin v25.6 - https:\/\/yoast.com\/wordpress\/plugins\/seo\/ -->\n<title>Belle Azul | Let&#039;s talk beauty<\/title>\n<meta name=\"description\" content=\"Belle Azul Let&#039;s talk beauty. The latest beauty tips and news from our Beauty Blog. The perfect beauty must-have of the week.\" \/>\n<meta name=\"robots\" content=\"index, follow, max-snippet:-1, max-image-preview:large, max-video-preview:-1\" \/>\n<link rel=\"canonical\" href=\"https:\/\/belleazul.com\/beauty-buzz\/\" \/>\n<meta property=\"og:locale\" content=\"it_IT\" \/>\n<meta property=\"og:type\" content=\"article\" \/>\n<meta property=\"og:title\" content=\"Belle Azul | Let&#039;s talk beauty\" \/>\n<meta property=\"og:description\" content=\"Belle Azul Let&#039;s talk beauty. The latest beauty tips and news from our Beauty Blog. The perfect beauty must-have of the week.\" \/>\n<meta property=\"og:url\" content=\"https:\/\/belleazul.com\/beauty-buzz\/\" \/>\n<meta property=\"og:site_name\" content=\"Belle Azul\" \/>\n<meta property=\"article:modified_time\" content=\"2017-11-21T10:56:20+00:00\" \/>\n<meta property=\"og:image\" content=\"http:\/\/belleazul.com\/wp-content\/uploads\/2017\/07\/SOCIAL-MEDIA.png\" \/>\n<meta name=\"twitter:card\" content=\"summary_large_image\" \/>\n<meta name=\"twitter:label1\" content=\"Est. reading time\" \/>\n\t<meta name=\"twitter:data1\" content=\"5 minutes\" \/>\n<script type=\"application\/ld+json\" class=\"yoast-schema-graph\">{\"@context\":\"https:\/\/schema.org\",\"@graph\":[{\"@type\":\"WebPage\",\"@id\":\"https:\/\/belleazul.com\/beauty-buzz\/\",\"url\":\"https:\/\/belleazul.com\/beauty-buzz\/\",\"name\":\"Belle Azul | Let's talk beauty\",\"isPartOf\":{\"@id\":\"https:\/\/belleazul.com\/#website\"},\"primaryImageOfPage\":{\"@id\":\"https:\/\/belleazul.com\/beauty-buzz\/#primaryimage\"},\"image\":{\"@id\":\"https:\/\/belleazul.com\/beauty-buzz\/#primaryimage\"},\"thumbnailUrl\":\"http:\/\/belleazul.com\/wp-content\/uploads\/2017\/07\/SOCIAL-MEDIA.png\",\"datePublished\":\"2017-08-01T15:53:58+00:00\",\"dateModified\":\"2017-11-21T10:56:20+00:00\",\"description\":\"Belle Azul Let's talk beauty. The latest beauty tips and news from our Beauty Blog. The perfect beauty must-have of the week.\",\"breadcrumb\":{\"@id\":\"https:\/\/belleazul.com\/beauty-buzz\/#breadcrumb\"},\"inLanguage\":\"it-IT\",\"potentialAction\":[{\"@type\":\"ReadAction\",\"target\":[\"https:\/\/belleazul.com\/beauty-buzz\/\"]}]},{\"@type\":\"ImageObject\",\"inLanguage\":\"it-IT\",\"@id\":\"https:\/\/belleazul.com\/beauty-buzz\/#primaryimage\",\"url\":\"http:\/\/belleazul.com\/wp-content\/uploads\/2017\/07\/SOCIAL-MEDIA.png\",\"contentUrl\":\"http:\/\/belleazul.com\/wp-content\/uploads\/2017\/07\/SOCIAL-MEDIA.png\"},{\"@type\":\"BreadcrumbList\",\"@id\":\"https:\/\/belleazul.com\/beauty-buzz\/#breadcrumb\",\"itemListElement\":[{\"@type\":\"ListItem\",\"position\":1,\"name\":\"Home\",\"item\":\"https:\/\/belleazul.com\/it\/\"},{\"@type\":\"ListItem\",\"position\":2,\"name\":\"Beauty Buzz\"}]},{\"@type\":\"WebSite\",\"@id\":\"https:\/\/belleazul.com\/#website\",\"url\":\"https:\/\/belleazul.com\/\",\"name\":\"Belle Azul\",\"description\":\"Mediterranean Beauty Brand\",\"potentialAction\":[{\"@type\":\"SearchAction\",\"target\":{\"@type\":\"EntryPoint\",\"urlTemplate\":\"https:\/\/belleazul.com\/?s={search_term_string}\"},\"query-input\":{\"@type\":\"PropertyValueSpecification\",\"valueRequired\":true,\"valueName\":\"search_term_string\"}}],\"inLanguage\":\"it-IT\"}]}<\/script>\n<!-- \/ Yoast SEO plugin. -->","yoast_head_json":{"title":"Belle Azul | Let's talk beauty","description":"Belle Azul Let's talk beauty. The latest beauty tips and news from our Beauty Blog. The perfect beauty must-have of the week.","robots":{"index":"index","follow":"follow","max-snippet":"max-snippet:-1","max-image-preview":"max-image-preview:large","max-video-preview":"max-video-preview:-1"},"canonical":"https:\/\/belleazul.com\/beauty-buzz\/","og_locale":"it_IT","og_type":"article","og_title":"Belle Azul | Let's talk beauty","og_description":"Belle Azul Let's talk beauty. The latest beauty tips and news from our Beauty Blog. The perfect beauty must-have of the week.","og_url":"https:\/\/belleazul.com\/beauty-buzz\/","og_site_name":"Belle Azul","article_modified_time":"2017-11-21T10:56:20+00:00","og_image":[{"url":"http:\/\/belleazul.com\/wp-content\/uploads\/2017\/07\/SOCIAL-MEDIA.png","type":"","width":"","height":""}],"twitter_card":"summary_large_image","twitter_misc":{"Est. reading time":"5 minutes"},"schema":{"@context":"https:\/\/schema.org","@graph":[{"@type":"WebPage","@id":"https:\/\/belleazul.com\/beauty-buzz\/","url":"https:\/\/belleazul.com\/beauty-buzz\/","name":"Belle Azul | Let's talk beauty","isPartOf":{"@id":"https:\/\/belleazul.com\/#website"},"primaryImageOfPage":{"@id":"https:\/\/belleazul.com\/beauty-buzz\/#primaryimage"},"image":{"@id":"https:\/\/belleazul.com\/beauty-buzz\/#primaryimage"},"thumbnailUrl":"http:\/\/belleazul.com\/wp-content\/uploads\/2017\/07\/SOCIAL-MEDIA.png","datePublished":"2017-08-01T15:53:58+00:00","dateModified":"2017-11-21T10:56:20+00:00","description":"Belle Azul Let's talk beauty. The latest beauty tips and news from our Beauty Blog. The perfect beauty must-have of the week.","breadcrumb":{"@id":"https:\/\/belleazul.com\/beauty-buzz\/#breadcrumb"},"inLanguage":"it-IT","potentialAction":[{"@type":"ReadAction","target":["https:\/\/belleazul.com\/beauty-buzz\/"]}]},{"@type":"ImageObject","inLanguage":"it-IT","@id":"https:\/\/belleazul.com\/beauty-buzz\/#primaryimage","url":"http:\/\/belleazul.com\/wp-content\/uploads\/2017\/07\/SOCIAL-MEDIA.png","contentUrl":"http:\/\/belleazul.com\/wp-content\/uploads\/2017\/07\/SOCIAL-MEDIA.png"},{"@type":"BreadcrumbList","@id":"https:\/\/belleazul.com\/beauty-buzz\/#breadcrumb","itemListElement":[{"@type":"ListItem","position":1,"name":"Home","item":"https:\/\/belleazul.com\/it\/"},{"@type":"ListItem","position":2,"name":"Beauty Buzz"}]},{"@type":"WebSite","@id":"https:\/\/belleazul.com\/#website","url":"https:\/\/belleazul.com\/","name":"Belle Azul","description":"Mediterranean Beauty Brand","potentialAction":[{"@type":"SearchAction","target":{"@type":"EntryPoint","urlTemplate":"https:\/\/belleazul.com\/?s={search_term_string}"},"query-input":{"@type":"PropertyValueSpecification","valueRequired":true,"valueName":"search_term_string"}}],"inLanguage":"it-IT"}]}},"_links":{"self":[{"href":"https:\/\/belleazul.com\/it\/wp-json\/wp\/v2\/pages\/8848"}],"collection":[{"href":"https:\/\/belleazul.com\/it\/wp-json\/wp\/v2\/pages"}],"about":[{"href":"https:\/\/belleazul.com\/it\/wp-json\/wp\/v2\/types\/page"}],"author":[{"embeddable":true,"href":"https:\/\/belleazul.com\/it\/wp-json\/wp\/v2\/users\/65"}],"replies":[{"embeddable":true,"href":"https:\/\/belleazul.com\/it\/wp-json\/wp\/v2\/comments?post=8848"}],"version-history":[{"count":1,"href":"https:\/\/belleazul.com\/it\/wp-json\/wp\/v2\/pages\/8848\/revisions"}],"predecessor-version":[{"id":9254,"href":"https:\/\/belleazul.com\/it\/wp-json\/wp\/v2\/pages\/8848\/revisions\/9254"}],"wp:attachment":[{"href":"https:\/\/belleazul.com\/it\/wp-json\/wp\/v2\/media?parent=8848"}],"curies":[{"name":"wp","href":"https:\/\/api.w.org\/{rel}","templated":true}]}}