{"id":9147,"date":"2017-08-01T17:05:21","date_gmt":"2017-08-01T17:05:21","guid":{"rendered":"http:\/\/belleazul.com\/fr\/product\/pure-swiss-luminizing-eye-roll-on\/"},"modified":"2017-11-30T09:34:27","modified_gmt":"2017-11-30T09:34:27","slug":"pure-swiss-luminizing-eye-roll-on","status":"publish","type":"product","link":"https:\/\/belleazul.com\/fr\/produit\/pure-swiss-luminizing-eye-roll-on\/","title":{"rendered":"Pure Swiss Luminizing Eye Roll On"},"content":{"rendered":"<div class=\"fusion-one-sixth fusion-layout-column fusion-spacing-yes fusion-hide-on-mobile\" style=\"margin-top:0px;margin-bottom:20px;\"><div class=\"fusion-column-wrapper\"><div class=\"fusion-clearfix\"><\/div><\/div><\/div> <div class=\"fusion-one-third fusion-layout-column fusion-spacing-yes\" style=\"margin-top:0px;margin-bottom:20px;\"><div class=\"fusion-column-wrapper\">\n<h5>Dites adieu au regard fatigu\u00e9 ! Soyez au top quelque soit la dur\u00e9e de votre nuit !<\/h5>\n<div class=\"fusion-sep-clear\"><\/div><div class=\"fusion-separator fusion-full-width-sep sep-none\" style=\"border-color:#e0dede;margin-left: auto;margin-right: auto;margin-top:40px;\"><\/div>oncentr\u00e9 en Acide Hyaluronique, Vitamine C et Cellules Souches d\u2019Arganier, notre s\u00e9rum yeux hydrate intens\u00e9ment la peau tout en r\u00e9duisant visiblement les signes de fatigue pour un regard frais et repos\u00e9. Son roll-on ultra-frais d\u00e9gonfle les poches tandis que sa formule l\u00e9g\u00e8re contient \u00e9galement des nacres r\u00e9fl\u00e9chissantes pour raviver instantan\u00e9ment l\u2019\u00e9clat du regard.<div class=\"fusion-clearfix\"><\/div><\/div><\/div> <div class=\"fusion-one-third fusion-layout-column fusion-spacing-yes\" style=\"margin-top:0px;margin-bottom:20px;\"><div class=\"fusion-column-wrapper\"><img loading=\"lazy\" decoding=\"async\" class=\"aligncenter size-full wp-image-5624\" src=\"http:\/\/belleazul.com\/wp-content\/uploads\/2017\/09\/PURE-SWISS-LUMINIZING-EYE-ROLL-ON.png\" alt=\"Captura de pantalla 2017-07-26 a las 13.20.35\" width=\"499\" height=\"623\" \/><div class=\"fusion-clearfix\"><\/div><\/div><\/div> <div class=\"fusion-one-sixth fusion-layout-column fusion-column-last fusion-spacing-yes fusion-hide-on-mobile\" style=\"margin-top:0px;margin-bottom:20px;\"><div class=\"fusion-column-wrapper\"><div class=\"fusion-clearfix\"><\/div><\/div><\/div><div class=\"fusion-clearfix\"><\/div>\n<div class=\"fusion-one-half fusion-layout-column fusion-spacing-yes fusion-hide-on-mobile\" style=\"margin-top:0px;margin-bottom:20px;\"><div class=\"fusion-column-wrapper\"><img loading=\"lazy\" decoding=\"async\" class=\"aligncenter size-full wp-image-5634\" src=\"http:\/\/belleazul.com\/wp-content\/uploads\/2017\/10\/luminizing-rollon.png\" alt=\"bs_cream_scene\" width=\"575\" height=\"831\" \/><div class=\"fusion-clearfix\"><\/div><\/div><\/div> <div class=\"fusion-one-half fusion-layout-column fusion-column-last fusion-spacing-yes\" style=\"margin-top:50px;margin-bottom:20px;\"><div class=\"fusion-column-wrapper\">\n<div class=\"fusion-one-third fusion-layout-column fusion-spacing-yes\" style=\"margin-top:0px;margin-bottom:20px;\"><div class=\"fusion-column-wrapper\"><img loading=\"lazy\" decoding=\"async\" class=\"aligncenter size-full wp-image-5639\" src=\"http:\/\/belleazul.com\/wp-content\/uploads\/2017\/07\/bullet_1.png\" alt=\"bullet_1\" width=\"148\" height=\"143\" srcset=\"https:\/\/belleazul.com\/wp-content\/uploads\/2017\/07\/bullet_1-120x116.png 120w, https:\/\/belleazul.com\/wp-content\/uploads\/2017\/07\/bullet_1.png 148w\" sizes=\"(max-width: 148px) 100vw, 148px\" \/><div class=\"fusion-clearfix\"><\/div><\/div><\/div> <div class=\"fusion-two-third fusion-layout-column fusion-column-last fusion-spacing-yes\" style=\"margin-top:0px;margin-bottom:20px;\"><div class=\"fusion-column-wrapper\"><span style=\"font-size: 40px; font-weight: 600;\">Acide Hyaluronique <\/span><br \/>\nA L&#8217;Acide Hyaluronique est et reste une star intemporelle en cosm\u00e9tique ! Pas comme ces chaussures de la derni\u00e8re saison et d\u00e9j\u00e0 has been&#8230;<br \/>\nUn gramme de cet incroyable actif peut contenir jusqu&#8217;\u00e0 30 fois son poids en eau. Cela en fait l&#8217;un des ingr\u00e9dients anti-\u00e2ge les plus puissants. Il raffermit, lisse et repulpe la peau. Et comme vous le savez bien, une belle peau sera toujours \u00e0 la mode.<div class=\"fusion-clearfix\"><\/div><\/div><\/div><div class=\"fusion-clearfix\"><\/div>\n<div class=\"fusion-one-third fusion-layout-column fusion-spacing-yes\" style=\"margin-top:0px;margin-bottom:20px;\"><div class=\"fusion-column-wrapper\"><img loading=\"lazy\" decoding=\"async\" class=\"aligncenter size-full wp-image-5644\" src=\"http:\/\/belleazul.com\/wp-content\/uploads\/2017\/07\/bullet_2.png\" alt=\"bullet_2\" width=\"148\" height=\"143\" srcset=\"https:\/\/belleazul.com\/wp-content\/uploads\/2017\/07\/bullet_2-120x116.png 120w, https:\/\/belleazul.com\/wp-content\/uploads\/2017\/07\/bullet_2.png 148w\" sizes=\"(max-width: 148px) 100vw, 148px\" \/><div class=\"fusion-clearfix\"><\/div><\/div><\/div> <div class=\"fusion-two-third fusion-layout-column fusion-column-last fusion-spacing-yes\" style=\"margin-top:0px;margin-bottom:20px;\"><div class=\"fusion-column-wrapper\"><span style=\"font-size: 40px; font-weight: 600;\">Vitamine C<\/span><br \/>\nUne orange par jour \u00e9loigne le m\u00e9decin. Puissant antioxydant, la Vitamine C stimule la synth\u00e8se du collag\u00e8ne, r\u00e9duisant ainsi les rides et les lignes. De plus, il donne un coup de peps aux teints ternes. <div class=\"fusion-clearfix\"><\/div><\/div><\/div><div class=\"fusion-clearfix\"><\/div>\n<div class=\"fusion-one-third fusion-layout-column fusion-spacing-yes\" style=\"margin-top:0px;margin-bottom:20px;\"><div class=\"fusion-column-wrapper\"><img loading=\"lazy\" decoding=\"async\" class=\"aligncenter size-full wp-image-5649\" src=\"http:\/\/belleazul.com\/wp-content\/uploads\/2017\/07\/bullet_3.png\" alt=\"bullet_3\" width=\"148\" height=\"143\" srcset=\"https:\/\/belleazul.com\/wp-content\/uploads\/2017\/07\/bullet_3-120x116.png 120w, https:\/\/belleazul.com\/wp-content\/uploads\/2017\/07\/bullet_3.png 148w\" sizes=\"(max-width: 148px) 100vw, 148px\" \/><div class=\"fusion-clearfix\"><\/div><\/div><\/div> <div class=\"fusion-two-third fusion-layout-column fusion-column-last fusion-spacing-yes\" style=\"margin-top:0px;margin-bottom:20px;\"><div class=\"fusion-column-wrapper\"><span style=\"font-size: 40px; font-weight: 600;\">Cellules Souches d&#8217;Argan<\/span><br \/>\nNous avons couronn\u00e9 la Cellule Souche d&#8217;Arganier notre reine. Et nous soupoudrons tout ce que nous pouvons de sa magie. Reconnues pour ses propri\u00e9t\u00e9s r\u00e9g\u00e9n\u00e9rantes, elles contribuent \u00e0 stimuler le processus de r\u00e9paration naturelle de la peau, afin de r\u00e9duire visiblement les signes de vieillissement.<div class=\"fusion-clearfix\"><\/div><\/div><\/div><div class=\"fusion-clearfix\"><\/div> <div class=\"fusion-clearfix\"><\/div><\/div><\/div><div class=\"fusion-clearfix\"><\/div>\n<p><span style=\"font-size: 55px; color: #00bfd7; font-weight: 600;\">COMPL\u00c9TEZ VOTRE LOOK <\/span><\/p>\n<h5> Vous allez l&#8217;adorer !<\/h5>\n<div class=\"fusion-one-full fusion-layout-column fusion-column-last fusion-spacing-yes fusion-hide-on-mobile\" style=\"margin-top:0px;margin-bottom:20px;\"><div class=\"fusion-column-wrapper\">[rev_slider alias=&#8221;carrousel-productos-fr&#8221;]<div class=\"fusion-clearfix\"><\/div><\/div><\/div><div class=\"fusion-clearfix\"><\/div><div class=\"fusion-one-full fusion-layout-column fusion-column-last fusion-spacing-yes showonmobile \" style=\"margin-top:0px;margin-bottom:20px;\"><div class=\"fusion-column-wrapper\">[rev_slider alias=&#8221;carrusel-movil-fr&#8221;]<div class=\"fusion-clearfix\"><\/div><\/div><\/div><div class=\"fusion-clearfix\"><\/div>\n","protected":false},"excerpt":{"rendered":"[fullwidth background_color=\"\" background_image=\"\" background_parallax=\"none\" enable_mobile=\"no\" parallax_speed=\"0.3\" background_repeat=\"no-repeat\" background_position=\"left top\" video_url=\"\" video_aspect_ratio=\"16:9\" video_webm=\"\" video_mp4=\"\" video_ogv=\"\" video_preview_image=\"\" overlay_color=\"\" overlay_opacity=\"0.5\" video_mute=\"yes\" video_loop=\"yes\" fade=\"no\" border_size=\"0px\" border_color=\"\" border_style=\"solid\" padding_top=\"0\" padding_bottom=\"0\" padding_left=\"\" padding_right=\"\" hundred_percent=\"no\" equal_height_columns=\"no\" hide_on_mobile=\"no\" menu_anchor=\"\" class=\"\" id=\"\"][fusion_text]<\/p>\n<h1 style=\"text-align: left;\"><span style=\"font-weight: 400; font-size: 60%;\">S\u00e9rum pour les yeux anti-poches et anti-fatigue enrichi en Vitamine C et Acide Hyaluronique.<\/span><\/h1>\n<p>[\/fusion_text][\/fullwidth]\n","protected":false},"featured_media":6702,"comment_status":"open","ping_status":"closed","template":"","meta":[],"product_brand":[],"product_cat":[46,23],"product_tag":[],"class_list":{"0":"post-9147","1":"product","2":"type-product","3":"status-publish","4":"has-post-thumbnail","6":"product_cat-home-fr","7":"product_cat-visage","9":"first","10":"outofstock","11":"taxable","12":"shipping-taxable","13":"purchasable","14":"product-type-simple"},"yoast_head":"<!-- This site is optimized with the Yoast SEO plugin v25.6 - https:\/\/yoast.com\/wordpress\/plugins\/seo\/ -->\n<title>Pure Swiss Luminizing Eye Roll On - Belle Azul<\/title>\n<meta name=\"robots\" content=\"index, follow, max-snippet:-1, max-image-preview:large, max-video-preview:-1\" \/>\n<link rel=\"canonical\" href=\"https:\/\/belleazul.com\/produit\/pure-swiss-luminizing-eye-roll-on\/\" \/>\n<meta property=\"og:locale\" content=\"fr_FR\" \/>\n<meta property=\"og:type\" content=\"article\" \/>\n<meta property=\"og:title\" content=\"Pure Swiss Luminizing Eye Roll On - Belle Azul\" \/>\n<meta property=\"og:url\" content=\"https:\/\/belleazul.com\/produit\/pure-swiss-luminizing-eye-roll-on\/\" \/>\n<meta property=\"og:site_name\" content=\"Belle Azul\" \/>\n<meta property=\"article:modified_time\" content=\"2017-11-30T09:34:27+00:00\" \/>\n<meta property=\"og:image\" content=\"https:\/\/belleazul.com\/wp-content\/uploads\/2017\/07\/BA_LUMINIZING-ROLL-ON_web_boxtubo.png\" \/>\n\t<meta property=\"og:image:width\" content=\"562\" \/>\n\t<meta property=\"og:image:height\" content=\"1000\" \/>\n\t<meta property=\"og:image:type\" content=\"image\/png\" \/>\n<meta name=\"twitter:card\" content=\"summary_large_image\" \/>\n<meta name=\"twitter:description\" content=\"[fullwidth background_color=&quot;&quot; background_image=&quot;&quot; background_parallax=&quot;none&quot; enable_mobile=&quot;no&quot; parallax_speed=&quot;0.3&quot; background_repeat=&quot;no-repeat&quot; background_position=&quot;left top&quot; video_url=&quot;&quot; video_aspect_ratio=&quot;16:9&quot; video_webm=&quot;&quot; video_mp4=&quot;&quot; video_ogv=&quot;&quot; video_preview_image=&quot;&quot; overlay_color=&quot;&quot; overlay_opacity=&quot;0.5&quot; video_mute=&quot;yes&quot; video_loop=&quot;yes&quot; fade=&quot;no&quot; border_size=&quot;0px&quot; border_color=&quot;&quot; border_style=&quot;solid&quot; padding_top=&quot;0&quot; padding_bottom=&quot;0&quot; padding_left=&quot;&quot; padding_right=&quot;&quot; hundred_percent=&quot;no&quot; equal_height_columns=&quot;no&quot; hide_on_mobile=&quot;no&quot; menu_anchor=&quot;&quot; class=&quot;&quot; id=&quot;&quot;][fusion_text] S\u00e9rum pour les yeux anti-poches et anti-fatigue enrichi en Vitamine C et Acide Hyaluronique. [\/fusion_text][\/fullwidth]\" \/>\n<meta name=\"twitter:label1\" content=\"Est. reading time\" \/>\n\t<meta name=\"twitter:data1\" content=\"5 minutes\" \/>\n<script type=\"application\/ld+json\" class=\"yoast-schema-graph\">{\"@context\":\"https:\/\/schema.org\",\"@graph\":[{\"@type\":\"WebPage\",\"@id\":\"https:\/\/belleazul.com\/produit\/pure-swiss-luminizing-eye-roll-on\/\",\"url\":\"https:\/\/belleazul.com\/produit\/pure-swiss-luminizing-eye-roll-on\/\",\"name\":\"Pure Swiss Luminizing Eye Roll On - Belle Azul\",\"isPartOf\":{\"@id\":\"https:\/\/belleazul.com\/#website\"},\"primaryImageOfPage\":{\"@id\":\"https:\/\/belleazul.com\/produit\/pure-swiss-luminizing-eye-roll-on\/#primaryimage\"},\"image\":{\"@id\":\"https:\/\/belleazul.com\/produit\/pure-swiss-luminizing-eye-roll-on\/#primaryimage\"},\"thumbnailUrl\":\"https:\/\/belleazul.com\/wp-content\/uploads\/2017\/07\/BA_LUMINIZING-ROLL-ON_web_boxtubo.png\",\"datePublished\":\"2017-08-01T17:05:21+00:00\",\"dateModified\":\"2017-11-30T09:34:27+00:00\",\"breadcrumb\":{\"@id\":\"https:\/\/belleazul.com\/produit\/pure-swiss-luminizing-eye-roll-on\/#breadcrumb\"},\"inLanguage\":\"fr-FR\",\"potentialAction\":[{\"@type\":\"ReadAction\",\"target\":[\"https:\/\/belleazul.com\/produit\/pure-swiss-luminizing-eye-roll-on\/\"]}]},{\"@type\":\"ImageObject\",\"inLanguage\":\"fr-FR\",\"@id\":\"https:\/\/belleazul.com\/produit\/pure-swiss-luminizing-eye-roll-on\/#primaryimage\",\"url\":\"https:\/\/belleazul.com\/wp-content\/uploads\/2017\/07\/BA_LUMINIZING-ROLL-ON_web_boxtubo.png\",\"contentUrl\":\"https:\/\/belleazul.com\/wp-content\/uploads\/2017\/07\/BA_LUMINIZING-ROLL-ON_web_boxtubo.png\",\"width\":562,\"height\":1000},{\"@type\":\"BreadcrumbList\",\"@id\":\"https:\/\/belleazul.com\/produit\/pure-swiss-luminizing-eye-roll-on\/#breadcrumb\",\"itemListElement\":[{\"@type\":\"ListItem\",\"position\":1,\"name\":\"Home\",\"item\":\"https:\/\/belleazul.com\/fr\/\"},{\"@type\":\"ListItem\",\"position\":2,\"name\":\"Our promises\",\"item\":\"https:\/\/belleazul.com\/beauty-values\/\"},{\"@type\":\"ListItem\",\"position\":3,\"name\":\"Pure Swiss Luminizing Eye Roll On\"}]},{\"@type\":\"WebSite\",\"@id\":\"https:\/\/belleazul.com\/#website\",\"url\":\"https:\/\/belleazul.com\/\",\"name\":\"Belle Azul\",\"description\":\"Mediterranean Beauty Brand\",\"potentialAction\":[{\"@type\":\"SearchAction\",\"target\":{\"@type\":\"EntryPoint\",\"urlTemplate\":\"https:\/\/belleazul.com\/?s={search_term_string}\"},\"query-input\":{\"@type\":\"PropertyValueSpecification\",\"valueRequired\":true,\"valueName\":\"search_term_string\"}}],\"inLanguage\":\"fr-FR\"}]}<\/script>\n<!-- \/ Yoast SEO plugin. -->","yoast_head_json":{"title":"Pure Swiss Luminizing Eye Roll On - Belle Azul","robots":{"index":"index","follow":"follow","max-snippet":"max-snippet:-1","max-image-preview":"max-image-preview:large","max-video-preview":"max-video-preview:-1"},"canonical":"https:\/\/belleazul.com\/produit\/pure-swiss-luminizing-eye-roll-on\/","og_locale":"fr_FR","og_type":"article","og_title":"Pure Swiss Luminizing Eye Roll On - Belle Azul","og_url":"https:\/\/belleazul.com\/produit\/pure-swiss-luminizing-eye-roll-on\/","og_site_name":"Belle Azul","article_modified_time":"2017-11-30T09:34:27+00:00","og_image":[{"width":562,"height":1000,"url":"https:\/\/belleazul.com\/wp-content\/uploads\/2017\/07\/BA_LUMINIZING-ROLL-ON_web_boxtubo.png","type":"image\/png"}],"twitter_card":"summary_large_image","twitter_description":"[fullwidth background_color=\"\" background_image=\"\" background_parallax=\"none\" enable_mobile=\"no\" parallax_speed=\"0.3\" background_repeat=\"no-repeat\" background_position=\"left top\" video_url=\"\" video_aspect_ratio=\"16:9\" video_webm=\"\" video_mp4=\"\" video_ogv=\"\" video_preview_image=\"\" overlay_color=\"\" overlay_opacity=\"0.5\" video_mute=\"yes\" video_loop=\"yes\" fade=\"no\" border_size=\"0px\" border_color=\"\" border_style=\"solid\" padding_top=\"0\" padding_bottom=\"0\" padding_left=\"\" padding_right=\"\" hundred_percent=\"no\" equal_height_columns=\"no\" hide_on_mobile=\"no\" menu_anchor=\"\" class=\"\" id=\"\"][fusion_text] S\u00e9rum pour les yeux anti-poches et anti-fatigue enrichi en Vitamine C et Acide Hyaluronique. [\/fusion_text][\/fullwidth]","twitter_misc":{"Est. reading time":"5 minutes"},"schema":{"@context":"https:\/\/schema.org","@graph":[{"@type":"WebPage","@id":"https:\/\/belleazul.com\/produit\/pure-swiss-luminizing-eye-roll-on\/","url":"https:\/\/belleazul.com\/produit\/pure-swiss-luminizing-eye-roll-on\/","name":"Pure Swiss Luminizing Eye Roll On - Belle Azul","isPartOf":{"@id":"https:\/\/belleazul.com\/#website"},"primaryImageOfPage":{"@id":"https:\/\/belleazul.com\/produit\/pure-swiss-luminizing-eye-roll-on\/#primaryimage"},"image":{"@id":"https:\/\/belleazul.com\/produit\/pure-swiss-luminizing-eye-roll-on\/#primaryimage"},"thumbnailUrl":"https:\/\/belleazul.com\/wp-content\/uploads\/2017\/07\/BA_LUMINIZING-ROLL-ON_web_boxtubo.png","datePublished":"2017-08-01T17:05:21+00:00","dateModified":"2017-11-30T09:34:27+00:00","breadcrumb":{"@id":"https:\/\/belleazul.com\/produit\/pure-swiss-luminizing-eye-roll-on\/#breadcrumb"},"inLanguage":"fr-FR","potentialAction":[{"@type":"ReadAction","target":["https:\/\/belleazul.com\/produit\/pure-swiss-luminizing-eye-roll-on\/"]}]},{"@type":"ImageObject","inLanguage":"fr-FR","@id":"https:\/\/belleazul.com\/produit\/pure-swiss-luminizing-eye-roll-on\/#primaryimage","url":"https:\/\/belleazul.com\/wp-content\/uploads\/2017\/07\/BA_LUMINIZING-ROLL-ON_web_boxtubo.png","contentUrl":"https:\/\/belleazul.com\/wp-content\/uploads\/2017\/07\/BA_LUMINIZING-ROLL-ON_web_boxtubo.png","width":562,"height":1000},{"@type":"BreadcrumbList","@id":"https:\/\/belleazul.com\/produit\/pure-swiss-luminizing-eye-roll-on\/#breadcrumb","itemListElement":[{"@type":"ListItem","position":1,"name":"Home","item":"https:\/\/belleazul.com\/fr\/"},{"@type":"ListItem","position":2,"name":"Our promises","item":"https:\/\/belleazul.com\/beauty-values\/"},{"@type":"ListItem","position":3,"name":"Pure Swiss Luminizing Eye Roll On"}]},{"@type":"WebSite","@id":"https:\/\/belleazul.com\/#website","url":"https:\/\/belleazul.com\/","name":"Belle Azul","description":"Mediterranean Beauty Brand","potentialAction":[{"@type":"SearchAction","target":{"@type":"EntryPoint","urlTemplate":"https:\/\/belleazul.com\/?s={search_term_string}"},"query-input":{"@type":"PropertyValueSpecification","valueRequired":true,"valueName":"search_term_string"}}],"inLanguage":"fr-FR"}]}},"_links":{"self":[{"href":"https:\/\/belleazul.com\/fr\/wp-json\/wp\/v2\/product\/9147"}],"collection":[{"href":"https:\/\/belleazul.com\/fr\/wp-json\/wp\/v2\/product"}],"about":[{"href":"https:\/\/belleazul.com\/fr\/wp-json\/wp\/v2\/types\/product"}],"replies":[{"embeddable":true,"href":"https:\/\/belleazul.com\/fr\/wp-json\/wp\/v2\/comments?post=9147"}],"wp:featuredmedia":[{"embeddable":true,"href":"https:\/\/belleazul.com\/fr\/wp-json\/wp\/v2\/media\/6702"}],"wp:attachment":[{"href":"https:\/\/belleazul.com\/fr\/wp-json\/wp\/v2\/media?parent=9147"}],"wp:term":[{"taxonomy":"product_brand","embeddable":true,"href":"https:\/\/belleazul.com\/fr\/wp-json\/wp\/v2\/product_brand?post=9147"},{"taxonomy":"product_cat","embeddable":true,"href":"https:\/\/belleazul.com\/fr\/wp-json\/wp\/v2\/product_cat?post=9147"},{"taxonomy":"product_tag","embeddable":true,"href":"https:\/\/belleazul.com\/fr\/wp-json\/wp\/v2\/product_tag?post=9147"}],"curies":[{"name":"wp","href":"https:\/\/api.w.org\/{rel}","templated":true}]}}