{"id":9069,"date":"2017-08-01T17:05:17","date_gmt":"2017-08-01T17:05:17","guid":{"rendered":"http:\/\/belleazul.com\/fr\/product\/siesta-body-oil\/"},"modified":"2017-11-30T09:26:40","modified_gmt":"2017-11-30T09:26:40","slug":"siesta-body-oil","status":"publish","type":"product","link":"https:\/\/belleazul.com\/fr\/produit\/siesta-body-oil\/","title":{"rendered":"Siesta Body Oil"},"content":{"rendered":"<div class=\"fusion-one-sixth fusion-layout-column fusion-spacing-yes fusion-hide-on-mobile\" style=\"margin-top:0px;margin-bottom:20px;\"><div class=\"fusion-column-wrapper\"><div class=\"fusion-clearfix\"><\/div><\/div><\/div> <div class=\"fusion-one-third fusion-layout-column fusion-spacing-yes\" style=\"margin-top:0px;margin-bottom:20px;\"><div class=\"fusion-column-wrapper\">\n<h5>Offrez \u00e0 votre peau une nutrition intense tout en appr\u00e9ciant un moment de d\u00e9tente unique ! <\/h5>\n<div class=\"fusion-sep-clear\"><\/div><div class=\"fusion-separator fusion-full-width-sep sep-none\" style=\"border-color:#e0dede;margin-left: auto;margin-right: auto;margin-top:40px;\"><\/div>Avec 100% d&#8217;extraits naturelles, notre huile corporelle laisse la peau ferme tout en am\u00e9liorant son \u00e9lasticit\u00e9.<br \/>\nL&#8217;huile d&#8217;Amande douce nourrit la peau s\u00e8che, l&#8217;huile d&#8217;Argan r\u00e9pare et favorise sa r\u00e9g\u00e9n\u00e9ration tandis que les huiles essentielles de Romarin, de Jasmin et de Menthe raffermissent et revitalisent le corps.<br \/>\nSa texture est rapidement absorb\u00e9e tandis que son parfum tonifiant vous transporte dans une bulle de bien-\u00eatre.<div class=\"fusion-clearfix\"><\/div><\/div><\/div> <div class=\"fusion-one-third fusion-layout-column fusion-spacing-yes\" style=\"margin-top:0px;margin-bottom:20px;\"><div class=\"fusion-column-wrapper\"><img loading=\"lazy\" decoding=\"async\" class=\"aligncenter size-full wp-image-5624\" src=\"http:\/\/belleazul.com\/wp-content\/uploads\/2017\/09\/SIESTA-BODY-OIL.png\" alt=\"Captura de pantalla 2017-07-26 a las 13.20.35\" width=\"499\" height=\"623\" \/><div class=\"fusion-clearfix\"><\/div><\/div><\/div> <div class=\"fusion-one-sixth fusion-layout-column fusion-column-last fusion-spacing-yes fusion-hide-on-mobile\" style=\"margin-top:0px;margin-bottom:20px;\"><div class=\"fusion-column-wrapper\"><div class=\"fusion-clearfix\"><\/div><\/div><\/div><div class=\"fusion-clearfix\"><\/div>\n<div class=\"fusion-one-half fusion-layout-column fusion-spacing-yes fusion-hide-on-mobile\" style=\"margin-top:0px;margin-bottom:20px;\"><div class=\"fusion-column-wrapper\"><img loading=\"lazy\" decoding=\"async\" class=\"aligncenter size-full wp-image-5634\" src=\"http:\/\/belleazul.com\/wp-content\/uploads\/2017\/08\/almendras.png\" alt=\"bs_cream_scene\" width=\"575\" height=\"831\" \/><div class=\"fusion-clearfix\"><\/div><\/div><\/div> <div class=\"fusion-one-half fusion-layout-column fusion-column-last fusion-spacing-yes\" style=\"margin-top:50px;margin-bottom:20px;\"><div class=\"fusion-column-wrapper\">\n<div class=\"fusion-one-third fusion-layout-column fusion-spacing-yes\" style=\"margin-top:0px;margin-bottom:20px;\"><div class=\"fusion-column-wrapper\"><img loading=\"lazy\" decoding=\"async\" class=\"aligncenter size-full wp-image-5639\" src=\"http:\/\/belleazul.com\/wp-content\/uploads\/2017\/07\/bullet_1.png\" alt=\"bullet_1\" width=\"148\" height=\"143\" srcset=\"https:\/\/belleazul.com\/wp-content\/uploads\/2017\/07\/bullet_1-120x116.png 120w, https:\/\/belleazul.com\/wp-content\/uploads\/2017\/07\/bullet_1.png 148w\" sizes=\"(max-width: 148px) 100vw, 148px\" \/><div class=\"fusion-clearfix\"><\/div><\/div><\/div> <div class=\"fusion-two-third fusion-layout-column fusion-column-last fusion-spacing-yes\" style=\"margin-top:0px;margin-bottom:20px;\"><div class=\"fusion-column-wrapper\"><span style=\"font-size: 40px; font-weight: 600;\">Huile d&#8217;Amande Douce<\/span><br \/>\nEn plus d&#8217;\u00eatre notre snack favori, les amandes sont \u00e9galement un partenaire id\u00e9al pour votre peau. Riche en Vitamine E, acides gras, prot\u00e9ines et zinc, son huile laisse votre peau hydrat\u00e9e et \u00e9clatante de beaut\u00e9. Sa texture ultra \u00e9g\u00e8re p\u00e9n\u00e8tre facilement laissant votre peau souple et soyeuse.<div class=\"fusion-clearfix\"><\/div><\/div><\/div><div class=\"fusion-clearfix\"><\/div>\n<div class=\"fusion-one-third fusion-layout-column fusion-spacing-yes\" style=\"margin-top:0px;margin-bottom:20px;\"><div class=\"fusion-column-wrapper\"><img loading=\"lazy\" decoding=\"async\" class=\"aligncenter size-full wp-image-5644\" src=\"http:\/\/belleazul.com\/wp-content\/uploads\/2017\/07\/bullet_2.png\" alt=\"bullet_2\" width=\"148\" height=\"143\" srcset=\"https:\/\/belleazul.com\/wp-content\/uploads\/2017\/07\/bullet_2-120x116.png 120w, https:\/\/belleazul.com\/wp-content\/uploads\/2017\/07\/bullet_2.png 148w\" sizes=\"(max-width: 148px) 100vw, 148px\" \/><div class=\"fusion-clearfix\"><\/div><\/div><\/div> <div class=\"fusion-two-third fusion-layout-column fusion-column-last fusion-spacing-yes\" style=\"margin-top:0px;margin-bottom:20px;\"><div class=\"fusion-column-wrapper\"><span style=\"font-size: 40px; font-weight: 600;\">Huile d&#8217;Argan Bio &#8211; Certifi\u00e9e ECOCERT<\/span><br \/>\nNous sommes obs\u00e9d\u00e9s par ce b\u00e9b\u00e9 ! Connue sous le nom d&#8217;or liquide (bling, bling), cette huile v\u00e9g\u00e9tale r\u00e9g\u00e9n\u00e8re profond\u00e9ment la peau, r\u00e9duisant les rides et ridules. Riche en Vitamine E et en acides gras essentielle, elle nourrit et prot\u00e8ge la peau, les cheveux et les ongles.<div class=\"fusion-clearfix\"><\/div><\/div><\/div><div class=\"fusion-clearfix\"><\/div>\n<div class=\"fusion-clearfix\"><\/div><\/div><\/div><div class=\"fusion-clearfix\"><\/div>\n<p><span style=\"font-size: 55px; color: #00bfd7; font-weight: 600;\">COMPL\u00c9TEZ VOTRE LOOK <\/span><\/p>\n<h5> Vous allez l&#8217;adorer !<\/h5>\n<div class=\"fusion-one-full fusion-layout-column fusion-column-last fusion-spacing-yes fusion-hide-on-mobile\" style=\"margin-top:0px;margin-bottom:20px;\"><div class=\"fusion-column-wrapper\">[rev_slider alias=&#8221;carrousel-productos-fr&#8221;]<div class=\"fusion-clearfix\"><\/div><\/div><\/div><div class=\"fusion-clearfix\"><\/div><div class=\"fusion-one-full fusion-layout-column fusion-column-last fusion-spacing-yes showonmobile \" style=\"margin-top:0px;margin-bottom:20px;\"><div class=\"fusion-column-wrapper\">[rev_slider alias=&#8221;carrusel-movil-fr&#8221;]<div class=\"fusion-clearfix\"><\/div><\/div><\/div><div class=\"fusion-clearfix\"><\/div>\n","protected":false},"excerpt":{"rendered":"[fullwidth background_color=\"\" background_image=\"\" background_parallax=\"none\" enable_mobile=\"no\" parallax_speed=\"0.3\" background_repeat=\"no-repeat\" background_position=\"left top\" video_url=\"\" video_aspect_ratio=\"16:9\" video_webm=\"\" video_mp4=\"\" video_ogv=\"\" video_preview_image=\"\" overlay_color=\"\" overlay_opacity=\"0.5\" video_mute=\"yes\" video_loop=\"yes\" fade=\"no\" border_size=\"0px\" border_color=\"\" border_style=\"solid\" padding_top=\"0\" padding_bottom=\"0\" padding_left=\"\" padding_right=\"\" hundred_percent=\"no\" equal_height_columns=\"no\" hide_on_mobile=\"no\" menu_anchor=\"\" class=\"\" id=\"\"][fusion_text]<\/p>\n<h1 style=\"text-align: left;\"><span style=\"font-weight: 400; font-size: 60%;\">Huile pour le corps 100% naturelle pour une peau hydrat\u00e9e et raffermie.<br \/>\n<\/span><\/h1>\n<p>[\/fusion_text][\/fullwidth]\n","protected":false},"featured_media":6655,"comment_status":"open","ping_status":"closed","template":"","meta":[],"product_brand":[],"product_cat":[19,46],"product_tag":[],"class_list":{"0":"post-9069","1":"product","2":"type-product","3":"status-publish","4":"has-post-thumbnail","6":"product_cat-corps","7":"product_cat-home-fr","9":"first","10":"instock","11":"taxable","12":"shipping-taxable","13":"purchasable","14":"product-type-simple"},"yoast_head":"<!-- This site is optimized with the Yoast SEO plugin v25.6 - https:\/\/yoast.com\/wordpress\/plugins\/seo\/ -->\n<title>Siesta Body Oil - Belle Azul<\/title>\n<meta name=\"robots\" content=\"index, follow, max-snippet:-1, max-image-preview:large, max-video-preview:-1\" \/>\n<link rel=\"canonical\" href=\"https:\/\/belleazul.com\/produit\/siesta-body-oil\/\" \/>\n<meta property=\"og:locale\" content=\"fr_FR\" \/>\n<meta property=\"og:type\" content=\"article\" \/>\n<meta property=\"og:title\" content=\"Siesta Body Oil - Belle Azul\" \/>\n<meta property=\"og:url\" content=\"https:\/\/belleazul.com\/produit\/siesta-body-oil\/\" \/>\n<meta property=\"og:site_name\" content=\"Belle Azul\" \/>\n<meta property=\"article:modified_time\" content=\"2017-11-30T09:26:40+00:00\" \/>\n<meta property=\"og:image\" content=\"https:\/\/belleazul.com\/wp-content\/uploads\/2017\/08\/BA_SIESTA-BODY-OIL_BOXTUBE.png\" \/>\n\t<meta property=\"og:image:width\" content=\"652\" \/>\n\t<meta property=\"og:image:height\" content=\"1160\" \/>\n\t<meta property=\"og:image:type\" content=\"image\/png\" \/>\n<meta name=\"twitter:card\" content=\"summary_large_image\" \/>\n<meta name=\"twitter:description\" content=\"[fullwidth background_color=&quot;&quot; background_image=&quot;&quot; background_parallax=&quot;none&quot; enable_mobile=&quot;no&quot; parallax_speed=&quot;0.3&quot; background_repeat=&quot;no-repeat&quot; background_position=&quot;left top&quot; video_url=&quot;&quot; video_aspect_ratio=&quot;16:9&quot; video_webm=&quot;&quot; video_mp4=&quot;&quot; video_ogv=&quot;&quot; video_preview_image=&quot;&quot; overlay_color=&quot;&quot; overlay_opacity=&quot;0.5&quot; video_mute=&quot;yes&quot; video_loop=&quot;yes&quot; fade=&quot;no&quot; border_size=&quot;0px&quot; border_color=&quot;&quot; border_style=&quot;solid&quot; padding_top=&quot;0&quot; padding_bottom=&quot;0&quot; padding_left=&quot;&quot; padding_right=&quot;&quot; hundred_percent=&quot;no&quot; equal_height_columns=&quot;no&quot; hide_on_mobile=&quot;no&quot; menu_anchor=&quot;&quot; class=&quot;&quot; id=&quot;&quot;][fusion_text] Huile pour le corps 100% naturelle pour une peau hydrat\u00e9e et raffermie.  [\/fusion_text][\/fullwidth]\" \/>\n<meta name=\"twitter:label1\" content=\"Est. reading time\" \/>\n\t<meta name=\"twitter:data1\" content=\"5 minutes\" \/>\n<script type=\"application\/ld+json\" class=\"yoast-schema-graph\">{\"@context\":\"https:\/\/schema.org\",\"@graph\":[{\"@type\":\"WebPage\",\"@id\":\"https:\/\/belleazul.com\/produit\/siesta-body-oil\/\",\"url\":\"https:\/\/belleazul.com\/produit\/siesta-body-oil\/\",\"name\":\"Siesta Body Oil - Belle Azul\",\"isPartOf\":{\"@id\":\"https:\/\/belleazul.com\/#website\"},\"primaryImageOfPage\":{\"@id\":\"https:\/\/belleazul.com\/produit\/siesta-body-oil\/#primaryimage\"},\"image\":{\"@id\":\"https:\/\/belleazul.com\/produit\/siesta-body-oil\/#primaryimage\"},\"thumbnailUrl\":\"https:\/\/belleazul.com\/wp-content\/uploads\/2017\/08\/BA_SIESTA-BODY-OIL_BOXTUBE.png\",\"datePublished\":\"2017-08-01T17:05:17+00:00\",\"dateModified\":\"2017-11-30T09:26:40+00:00\",\"breadcrumb\":{\"@id\":\"https:\/\/belleazul.com\/produit\/siesta-body-oil\/#breadcrumb\"},\"inLanguage\":\"fr-FR\",\"potentialAction\":[{\"@type\":\"ReadAction\",\"target\":[\"https:\/\/belleazul.com\/produit\/siesta-body-oil\/\"]}]},{\"@type\":\"ImageObject\",\"inLanguage\":\"fr-FR\",\"@id\":\"https:\/\/belleazul.com\/produit\/siesta-body-oil\/#primaryimage\",\"url\":\"https:\/\/belleazul.com\/wp-content\/uploads\/2017\/08\/BA_SIESTA-BODY-OIL_BOXTUBE.png\",\"contentUrl\":\"https:\/\/belleazul.com\/wp-content\/uploads\/2017\/08\/BA_SIESTA-BODY-OIL_BOXTUBE.png\",\"width\":652,\"height\":1160},{\"@type\":\"BreadcrumbList\",\"@id\":\"https:\/\/belleazul.com\/produit\/siesta-body-oil\/#breadcrumb\",\"itemListElement\":[{\"@type\":\"ListItem\",\"position\":1,\"name\":\"Home\",\"item\":\"https:\/\/belleazul.com\/fr\/\"},{\"@type\":\"ListItem\",\"position\":2,\"name\":\"Our promises\",\"item\":\"https:\/\/belleazul.com\/beauty-values\/\"},{\"@type\":\"ListItem\",\"position\":3,\"name\":\"Siesta Body Oil\"}]},{\"@type\":\"WebSite\",\"@id\":\"https:\/\/belleazul.com\/#website\",\"url\":\"https:\/\/belleazul.com\/\",\"name\":\"Belle Azul\",\"description\":\"Mediterranean Beauty Brand\",\"potentialAction\":[{\"@type\":\"SearchAction\",\"target\":{\"@type\":\"EntryPoint\",\"urlTemplate\":\"https:\/\/belleazul.com\/?s={search_term_string}\"},\"query-input\":{\"@type\":\"PropertyValueSpecification\",\"valueRequired\":true,\"valueName\":\"search_term_string\"}}],\"inLanguage\":\"fr-FR\"}]}<\/script>\n<!-- \/ Yoast SEO plugin. -->","yoast_head_json":{"title":"Siesta Body Oil - Belle Azul","robots":{"index":"index","follow":"follow","max-snippet":"max-snippet:-1","max-image-preview":"max-image-preview:large","max-video-preview":"max-video-preview:-1"},"canonical":"https:\/\/belleazul.com\/produit\/siesta-body-oil\/","og_locale":"fr_FR","og_type":"article","og_title":"Siesta Body Oil - Belle Azul","og_url":"https:\/\/belleazul.com\/produit\/siesta-body-oil\/","og_site_name":"Belle Azul","article_modified_time":"2017-11-30T09:26:40+00:00","og_image":[{"width":652,"height":1160,"url":"https:\/\/belleazul.com\/wp-content\/uploads\/2017\/08\/BA_SIESTA-BODY-OIL_BOXTUBE.png","type":"image\/png"}],"twitter_card":"summary_large_image","twitter_description":"[fullwidth background_color=\"\" background_image=\"\" background_parallax=\"none\" enable_mobile=\"no\" parallax_speed=\"0.3\" background_repeat=\"no-repeat\" background_position=\"left top\" video_url=\"\" video_aspect_ratio=\"16:9\" video_webm=\"\" video_mp4=\"\" video_ogv=\"\" video_preview_image=\"\" overlay_color=\"\" overlay_opacity=\"0.5\" video_mute=\"yes\" video_loop=\"yes\" fade=\"no\" border_size=\"0px\" border_color=\"\" border_style=\"solid\" padding_top=\"0\" padding_bottom=\"0\" padding_left=\"\" padding_right=\"\" hundred_percent=\"no\" equal_height_columns=\"no\" hide_on_mobile=\"no\" menu_anchor=\"\" class=\"\" id=\"\"][fusion_text] Huile pour le corps 100% naturelle pour une peau hydrat\u00e9e et raffermie.  [\/fusion_text][\/fullwidth]","twitter_misc":{"Est. reading time":"5 minutes"},"schema":{"@context":"https:\/\/schema.org","@graph":[{"@type":"WebPage","@id":"https:\/\/belleazul.com\/produit\/siesta-body-oil\/","url":"https:\/\/belleazul.com\/produit\/siesta-body-oil\/","name":"Siesta Body Oil - Belle Azul","isPartOf":{"@id":"https:\/\/belleazul.com\/#website"},"primaryImageOfPage":{"@id":"https:\/\/belleazul.com\/produit\/siesta-body-oil\/#primaryimage"},"image":{"@id":"https:\/\/belleazul.com\/produit\/siesta-body-oil\/#primaryimage"},"thumbnailUrl":"https:\/\/belleazul.com\/wp-content\/uploads\/2017\/08\/BA_SIESTA-BODY-OIL_BOXTUBE.png","datePublished":"2017-08-01T17:05:17+00:00","dateModified":"2017-11-30T09:26:40+00:00","breadcrumb":{"@id":"https:\/\/belleazul.com\/produit\/siesta-body-oil\/#breadcrumb"},"inLanguage":"fr-FR","potentialAction":[{"@type":"ReadAction","target":["https:\/\/belleazul.com\/produit\/siesta-body-oil\/"]}]},{"@type":"ImageObject","inLanguage":"fr-FR","@id":"https:\/\/belleazul.com\/produit\/siesta-body-oil\/#primaryimage","url":"https:\/\/belleazul.com\/wp-content\/uploads\/2017\/08\/BA_SIESTA-BODY-OIL_BOXTUBE.png","contentUrl":"https:\/\/belleazul.com\/wp-content\/uploads\/2017\/08\/BA_SIESTA-BODY-OIL_BOXTUBE.png","width":652,"height":1160},{"@type":"BreadcrumbList","@id":"https:\/\/belleazul.com\/produit\/siesta-body-oil\/#breadcrumb","itemListElement":[{"@type":"ListItem","position":1,"name":"Home","item":"https:\/\/belleazul.com\/fr\/"},{"@type":"ListItem","position":2,"name":"Our promises","item":"https:\/\/belleazul.com\/beauty-values\/"},{"@type":"ListItem","position":3,"name":"Siesta Body Oil"}]},{"@type":"WebSite","@id":"https:\/\/belleazul.com\/#website","url":"https:\/\/belleazul.com\/","name":"Belle Azul","description":"Mediterranean Beauty Brand","potentialAction":[{"@type":"SearchAction","target":{"@type":"EntryPoint","urlTemplate":"https:\/\/belleazul.com\/?s={search_term_string}"},"query-input":{"@type":"PropertyValueSpecification","valueRequired":true,"valueName":"search_term_string"}}],"inLanguage":"fr-FR"}]}},"_links":{"self":[{"href":"https:\/\/belleazul.com\/fr\/wp-json\/wp\/v2\/product\/9069"}],"collection":[{"href":"https:\/\/belleazul.com\/fr\/wp-json\/wp\/v2\/product"}],"about":[{"href":"https:\/\/belleazul.com\/fr\/wp-json\/wp\/v2\/types\/product"}],"replies":[{"embeddable":true,"href":"https:\/\/belleazul.com\/fr\/wp-json\/wp\/v2\/comments?post=9069"}],"wp:featuredmedia":[{"embeddable":true,"href":"https:\/\/belleazul.com\/fr\/wp-json\/wp\/v2\/media\/6655"}],"wp:attachment":[{"href":"https:\/\/belleazul.com\/fr\/wp-json\/wp\/v2\/media?parent=9069"}],"wp:term":[{"taxonomy":"product_brand","embeddable":true,"href":"https:\/\/belleazul.com\/fr\/wp-json\/wp\/v2\/product_brand?post=9069"},{"taxonomy":"product_cat","embeddable":true,"href":"https:\/\/belleazul.com\/fr\/wp-json\/wp\/v2\/product_cat?post=9069"},{"taxonomy":"product_tag","embeddable":true,"href":"https:\/\/belleazul.com\/fr\/wp-json\/wp\/v2\/product_tag?post=9069"}],"curies":[{"name":"wp","href":"https:\/\/api.w.org\/{rel}","templated":true}]}}