{"id":9159,"date":"2017-08-01T17:05:21","date_gmt":"2017-08-01T17:05:21","guid":{"rendered":"http:\/\/belleazul.com\/es\/product\/pure-swiss-luminizing-eye-roll-on\/"},"modified":"2017-11-30T09:14:40","modified_gmt":"2017-11-30T09:14:40","slug":"pure-swiss-luminizing-eye-roll-on","status":"publish","type":"product","link":"https:\/\/belleazul.com\/es\/producto\/pure-swiss-luminizing-eye-roll-on\/","title":{"rendered":"Pure Swiss Luminizing Eye Roll On"},"content":{"rendered":"<div class=\"fusion-one-sixth fusion-layout-column fusion-spacing-yes fusion-hide-on-mobile\" style=\"margin-top:0px;margin-bottom:20px;\"><div class=\"fusion-column-wrapper\"><div class=\"fusion-clearfix\"><\/div><\/div><\/div> <div class=\"fusion-one-third fusion-layout-column fusion-spacing-yes\" style=\"margin-top:0px;margin-bottom:20px;\"><div class=\"fusion-column-wrapper\">\n<h5>\u00a1Miradas que atrapan!<\/h5>\n<div class=\"fusion-sep-clear\"><\/div><div class=\"fusion-separator fusion-full-width-sep sep-none\" style=\"border-color:#e0dede;margin-left: auto;margin-right: auto;margin-top:40px;\"><\/div>Enriquecido con <strong>\u00e1cido hialur\u00f3nico <\/strong>, <strong>Vitamina C <\/strong>y <strong>c\u00e9lulas madre de arg\u00e1n <\/strong>, este ser\u00fam de ojos ilumina inmediatamente los ojos cansados y apagados. Su roll on masajeador, refresca y descongestiona las bolsas en el contorno de los ojos. Su f\u00f3rmula contiene perlas reflectantes que dan brillo e iluminan el contorno de los ojos.  <div class=\"fusion-clearfix\"><\/div><\/div><\/div> <div class=\"fusion-one-third fusion-layout-column fusion-spacing-yes\" style=\"margin-top:0px;margin-bottom:20px;\"><div class=\"fusion-column-wrapper\"><img loading=\"lazy\" decoding=\"async\" class=\"aligncenter size-full wp-image-5624\" src=\"http:\/\/belleazul.com\/wp-content\/uploads\/2017\/09\/PURE-SWISS-LUMINIZING-EYE-ROLL-ON.png\" alt=\"Captura de pantalla 2017-07-26 a las 13.20.35\" width=\"499\" height=\"623\" \/><div class=\"fusion-clearfix\"><\/div><\/div><\/div> <div class=\"fusion-one-sixth fusion-layout-column fusion-column-last fusion-spacing-yes fusion-hide-on-mobile\" style=\"margin-top:0px;margin-bottom:20px;\"><div class=\"fusion-column-wrapper\"><div class=\"fusion-clearfix\"><\/div><\/div><\/div><div class=\"fusion-clearfix\"><\/div>\n<div class=\"fusion-one-half fusion-layout-column fusion-spacing-yes fusion-hide-on-mobile\" style=\"margin-top:0px;margin-bottom:20px;\"><div class=\"fusion-column-wrapper\"><img loading=\"lazy\" decoding=\"async\" class=\"aligncenter size-full wp-image-5634\" src=\"http:\/\/belleazul.com\/wp-content\/uploads\/2017\/10\/luminizing-rollon.png\" alt=\"bs_cream_scene\" width=\"575\" height=\"831\" \/><div class=\"fusion-clearfix\"><\/div><\/div><\/div> <div class=\"fusion-one-half fusion-layout-column fusion-column-last fusion-spacing-yes\" style=\"margin-top:50px;margin-bottom:20px;\"><div class=\"fusion-column-wrapper\">\n<div class=\"fusion-one-third fusion-layout-column fusion-spacing-yes\" style=\"margin-top:0px;margin-bottom:20px;\"><div class=\"fusion-column-wrapper\"><img loading=\"lazy\" decoding=\"async\" class=\"aligncenter size-full wp-image-5639\" src=\"http:\/\/belleazul.com\/wp-content\/uploads\/2017\/07\/bullet_1.png\" alt=\"bullet_1\" width=\"148\" height=\"143\" srcset=\"https:\/\/belleazul.com\/wp-content\/uploads\/2017\/07\/bullet_1-120x116.png 120w, https:\/\/belleazul.com\/wp-content\/uploads\/2017\/07\/bullet_1.png 148w\" sizes=\"(max-width: 148px) 100vw, 148px\" \/><div class=\"fusion-clearfix\"><\/div><\/div><\/div> <div class=\"fusion-two-third fusion-layout-column fusion-column-last fusion-spacing-yes\" style=\"margin-top:0px;margin-bottom:20px;\"><div class=\"fusion-column-wrapper\"><span style=\"font-size: 40px; font-weight: 600;\">\u00c1cido Hialur\u00f3nico<\/span><br \/>\nEl \u00e1cido hialur\u00f3nico es EL campe\u00f3n #1 en cosm\u00e9tica. Un gramo de este poderoso \u00e1cido, puede contener hasta 30 veces su peso en agua. Esto lo convierte en uno de los ingredientes anti-envejecimiento m\u00e1s potentes. Ayudar a afirmar, suavizar y la humectar tu piel. \u00a1Nada mejor que una piel sana!<div class=\"fusion-clearfix\"><\/div><\/div><\/div><div class=\"fusion-clearfix\"><\/div>\n<div class=\"fusion-one-third fusion-layout-column fusion-spacing-yes\" style=\"margin-top:0px;margin-bottom:20px;\"><div class=\"fusion-column-wrapper\"><img loading=\"lazy\" decoding=\"async\" class=\"aligncenter size-full wp-image-5644\" src=\"http:\/\/belleazul.com\/wp-content\/uploads\/2017\/07\/bullet_2.png\" alt=\"bullet_2\" width=\"148\" height=\"143\" srcset=\"https:\/\/belleazul.com\/wp-content\/uploads\/2017\/07\/bullet_2-120x116.png 120w, https:\/\/belleazul.com\/wp-content\/uploads\/2017\/07\/bullet_2.png 148w\" sizes=\"(max-width: 148px) 100vw, 148px\" \/><div class=\"fusion-clearfix\"><\/div><\/div><\/div> <div class=\"fusion-two-third fusion-layout-column fusion-column-last fusion-spacing-yes\" style=\"margin-top:0px;margin-bottom:20px;\"><div class=\"fusion-column-wrapper\"><span style=\"font-size: 40px; font-weight: 600;\">Vitamina C<\/span><br \/>\nUna naranja al d\u00eda, aleja al m\u00e9dico de tu vida. La Vitamina C es una poderoso antioxidante que estimula la s\u00edntesis de col\u00e1geno, reduciendo las arrugas y las l\u00edneas de expresi\u00f3n. Adem\u00e1s, es genial para aclarar la piel.    <div class=\"fusion-clearfix\"><\/div><\/div><\/div><div class=\"fusion-clearfix\"><\/div>\n<div class=\"fusion-one-third fusion-layout-column fusion-spacing-yes\" style=\"margin-top:0px;margin-bottom:20px;\"><div class=\"fusion-column-wrapper\"><img loading=\"lazy\" decoding=\"async\" class=\"aligncenter size-full wp-image-5649\" src=\"http:\/\/belleazul.com\/wp-content\/uploads\/2017\/07\/bullet_3.png\" alt=\"bullet_3\" width=\"148\" height=\"143\" srcset=\"https:\/\/belleazul.com\/wp-content\/uploads\/2017\/07\/bullet_3-120x116.png 120w, https:\/\/belleazul.com\/wp-content\/uploads\/2017\/07\/bullet_3.png 148w\" sizes=\"(max-width: 148px) 100vw, 148px\" \/><div class=\"fusion-clearfix\"><\/div><\/div><\/div> <div class=\"fusion-two-third fusion-layout-column fusion-column-last fusion-spacing-yes\" style=\"margin-top:0px;margin-bottom:20px;\"><div class=\"fusion-column-wrapper\"><span style=\"font-size: 40px; font-weight: 600;\">C\u00e9lulas Madre de Arg\u00e1n<\/span><br \/>\nLa corona de la reina, sin duda alguna, se la lleva las C\u00e9lulas Madre de Arg\u00e1n. Conocidas por sus extraordinarios beneficios regeneradores, este ingrediente ayuda a estimular el proceso de reparaci\u00f3n natural de la piel, para reducir visiblemente los signos de envejecimiento.<div class=\"fusion-clearfix\"><\/div><\/div><\/div><div class=\"fusion-clearfix\"><\/div> <div class=\"fusion-clearfix\"><\/div><\/div><\/div><div class=\"fusion-clearfix\"><\/div>\n<p><span style=\"font-size: 55px; color: #00bfd7; font-weight: 600;\">COMPLETA TU LOOK<\/span><\/p>\n<h5>\u00a1Te encantar\u00e1!<\/h5>\n<div class=\"fusion-one-full fusion-layout-column fusion-column-last fusion-spacing-yes fusion-hide-on-mobile\" style=\"margin-top:0px;margin-bottom:20px;\"><div class=\"fusion-column-wrapper\">[rev_slider alias=\u00bbcarrousel-productos-es\u00bb]<div class=\"fusion-clearfix\"><\/div><\/div><\/div><div class=\"fusion-clearfix\"><\/div><div class=\"fusion-one-full fusion-layout-column fusion-column-last fusion-spacing-yes showonmobile \" style=\"margin-top:0px;margin-bottom:20px;\"><div class=\"fusion-column-wrapper\">[rev_slider alias=\u00bbcarrusel-movil-es\u00bb]<div class=\"fusion-clearfix\"><\/div><\/div><\/div><div class=\"fusion-clearfix\"><\/div>\n","protected":false},"excerpt":{"rendered":"[fullwidth background_color=\"\" background_image=\"\" background_parallax=\"none\" enable_mobile=\"no\" parallax_speed=\"0.3\" background_repeat=\"no-repeat\" background_position=\"left top\" video_url=\"\" video_aspect_ratio=\"16:9\" video_webm=\"\" video_mp4=\"\" video_ogv=\"\" video_preview_image=\"\" overlay_color=\"\" overlay_opacity=\"0.5\" video_mute=\"yes\" video_loop=\"yes\" fade=\"no\" border_size=\"0px\" border_color=\"\" border_style=\"solid\" padding_top=\"0\" padding_bottom=\"0\" padding_left=\"\" padding_right=\"\" hundred_percent=\"no\" equal_height_columns=\"no\" hide_on_mobile=\"no\" menu_anchor=\"\" class=\"\" id=\"\"][fusion_text]<\/p>\n<h1 style=\"text-align: left;\"><span style=\"font-weight: 400; font-size: 60%;\">Ser\u00fam iluminador e hidratante para el \u00e1rea de los ojos, enriquecido con Vitamina C y \u00e1cido hialur\u00f3nico.<\/span><\/h1>\n<p>[\/fusion_text][\/fullwidth]\n","protected":false},"featured_media":6705,"comment_status":"open","ping_status":"closed","template":"","meta":[],"product_brand":[],"product_cat":[26,51],"product_tag":[],"class_list":{"0":"post-9159","1":"product","2":"type-product","3":"status-publish","4":"has-post-thumbnail","6":"product_cat-cara","7":"product_cat-home-es","9":"first","10":"outofstock","11":"taxable","12":"shipping-taxable","13":"purchasable","14":"product-type-simple"},"yoast_head":"<!-- This site is optimized with the Yoast SEO plugin v25.6 - https:\/\/yoast.com\/wordpress\/plugins\/seo\/ -->\n<title>Pure Swiss Luminizing Eye Roll On - Belle Azul<\/title>\n<meta name=\"robots\" content=\"index, follow, max-snippet:-1, max-image-preview:large, max-video-preview:-1\" \/>\n<link rel=\"canonical\" href=\"https:\/\/belleazul.com\/es\/producto\/pure-swiss-luminizing-eye-roll-on\/\" \/>\n<meta property=\"og:locale\" content=\"es_ES\" \/>\n<meta property=\"og:type\" content=\"article\" \/>\n<meta property=\"og:title\" content=\"Pure Swiss Luminizing Eye Roll On - Belle Azul\" \/>\n<meta property=\"og:url\" content=\"https:\/\/belleazul.com\/es\/producto\/pure-swiss-luminizing-eye-roll-on\/\" \/>\n<meta property=\"og:site_name\" content=\"Belle Azul\" \/>\n<meta property=\"article:modified_time\" content=\"2017-11-30T09:14:40+00:00\" \/>\n<meta property=\"og:image\" content=\"https:\/\/belleazul.com\/wp-content\/uploads\/2017\/07\/BA_LUMINIZING-ROLL-ON_web_boxtubo.png\" \/>\n\t<meta property=\"og:image:width\" content=\"562\" \/>\n\t<meta property=\"og:image:height\" content=\"1000\" \/>\n\t<meta property=\"og:image:type\" content=\"image\/png\" \/>\n<meta name=\"twitter:card\" content=\"summary_large_image\" \/>\n<meta name=\"twitter:description\" content=\"[fullwidth background_color=&quot;&quot; background_image=&quot;&quot; background_parallax=&quot;none&quot; enable_mobile=&quot;no&quot; parallax_speed=&quot;0.3&quot; background_repeat=&quot;no-repeat&quot; background_position=&quot;left top&quot; video_url=&quot;&quot; video_aspect_ratio=&quot;16:9&quot; video_webm=&quot;&quot; video_mp4=&quot;&quot; video_ogv=&quot;&quot; video_preview_image=&quot;&quot; overlay_color=&quot;&quot; overlay_opacity=&quot;0.5&quot; video_mute=&quot;yes&quot; video_loop=&quot;yes&quot; fade=&quot;no&quot; border_size=&quot;0px&quot; border_color=&quot;&quot; border_style=&quot;solid&quot; padding_top=&quot;0&quot; padding_bottom=&quot;0&quot; padding_left=&quot;&quot; padding_right=&quot;&quot; hundred_percent=&quot;no&quot; equal_height_columns=&quot;no&quot; hide_on_mobile=&quot;no&quot; menu_anchor=&quot;&quot; class=&quot;&quot; id=&quot;&quot;][fusion_text] Ser\u00fam iluminador e hidratante para el \u00e1rea de los ojos, enriquecido con Vitamina C y \u00e1cido hialur\u00f3nico. [\/fusion_text][\/fullwidth]\" \/>\n<meta name=\"twitter:label1\" content=\"Tiempo de lectura\" \/>\n\t<meta name=\"twitter:data1\" content=\"5 minutos\" \/>\n<script type=\"application\/ld+json\" class=\"yoast-schema-graph\">{\"@context\":\"https:\/\/schema.org\",\"@graph\":[{\"@type\":\"WebPage\",\"@id\":\"https:\/\/belleazul.com\/es\/producto\/pure-swiss-luminizing-eye-roll-on\/\",\"url\":\"https:\/\/belleazul.com\/es\/producto\/pure-swiss-luminizing-eye-roll-on\/\",\"name\":\"Pure Swiss Luminizing Eye Roll On - Belle Azul\",\"isPartOf\":{\"@id\":\"https:\/\/belleazul.com\/#website\"},\"primaryImageOfPage\":{\"@id\":\"https:\/\/belleazul.com\/es\/producto\/pure-swiss-luminizing-eye-roll-on\/#primaryimage\"},\"image\":{\"@id\":\"https:\/\/belleazul.com\/es\/producto\/pure-swiss-luminizing-eye-roll-on\/#primaryimage\"},\"thumbnailUrl\":\"https:\/\/belleazul.com\/wp-content\/uploads\/2017\/07\/BA_LUMINIZING-ROLL-ON_web_boxtubo.png\",\"datePublished\":\"2017-08-01T17:05:21+00:00\",\"dateModified\":\"2017-11-30T09:14:40+00:00\",\"breadcrumb\":{\"@id\":\"https:\/\/belleazul.com\/es\/producto\/pure-swiss-luminizing-eye-roll-on\/#breadcrumb\"},\"inLanguage\":\"es\",\"potentialAction\":[{\"@type\":\"ReadAction\",\"target\":[\"https:\/\/belleazul.com\/es\/producto\/pure-swiss-luminizing-eye-roll-on\/\"]}]},{\"@type\":\"ImageObject\",\"inLanguage\":\"es\",\"@id\":\"https:\/\/belleazul.com\/es\/producto\/pure-swiss-luminizing-eye-roll-on\/#primaryimage\",\"url\":\"https:\/\/belleazul.com\/wp-content\/uploads\/2017\/07\/BA_LUMINIZING-ROLL-ON_web_boxtubo.png\",\"contentUrl\":\"https:\/\/belleazul.com\/wp-content\/uploads\/2017\/07\/BA_LUMINIZING-ROLL-ON_web_boxtubo.png\",\"width\":562,\"height\":1000},{\"@type\":\"BreadcrumbList\",\"@id\":\"https:\/\/belleazul.com\/es\/producto\/pure-swiss-luminizing-eye-roll-on\/#breadcrumb\",\"itemListElement\":[{\"@type\":\"ListItem\",\"position\":1,\"name\":\"Portada\",\"item\":\"https:\/\/belleazul.com\/es\/\"},{\"@type\":\"ListItem\",\"position\":2,\"name\":\"Our promises\",\"item\":\"https:\/\/belleazul.com\/beauty-values\/\"},{\"@type\":\"ListItem\",\"position\":3,\"name\":\"Pure Swiss Luminizing Eye Roll On\"}]},{\"@type\":\"WebSite\",\"@id\":\"https:\/\/belleazul.com\/#website\",\"url\":\"https:\/\/belleazul.com\/\",\"name\":\"Belle Azul\",\"description\":\"Mediterranean Beauty Brand\",\"potentialAction\":[{\"@type\":\"SearchAction\",\"target\":{\"@type\":\"EntryPoint\",\"urlTemplate\":\"https:\/\/belleazul.com\/?s={search_term_string}\"},\"query-input\":{\"@type\":\"PropertyValueSpecification\",\"valueRequired\":true,\"valueName\":\"search_term_string\"}}],\"inLanguage\":\"es\"}]}<\/script>\n<!-- \/ Yoast SEO plugin. -->","yoast_head_json":{"title":"Pure Swiss Luminizing Eye Roll On - Belle Azul","robots":{"index":"index","follow":"follow","max-snippet":"max-snippet:-1","max-image-preview":"max-image-preview:large","max-video-preview":"max-video-preview:-1"},"canonical":"https:\/\/belleazul.com\/es\/producto\/pure-swiss-luminizing-eye-roll-on\/","og_locale":"es_ES","og_type":"article","og_title":"Pure Swiss Luminizing Eye Roll On - Belle Azul","og_url":"https:\/\/belleazul.com\/es\/producto\/pure-swiss-luminizing-eye-roll-on\/","og_site_name":"Belle Azul","article_modified_time":"2017-11-30T09:14:40+00:00","og_image":[{"width":562,"height":1000,"url":"https:\/\/belleazul.com\/wp-content\/uploads\/2017\/07\/BA_LUMINIZING-ROLL-ON_web_boxtubo.png","type":"image\/png"}],"twitter_card":"summary_large_image","twitter_description":"[fullwidth background_color=\"\" background_image=\"\" background_parallax=\"none\" enable_mobile=\"no\" parallax_speed=\"0.3\" background_repeat=\"no-repeat\" background_position=\"left top\" video_url=\"\" video_aspect_ratio=\"16:9\" video_webm=\"\" video_mp4=\"\" video_ogv=\"\" video_preview_image=\"\" overlay_color=\"\" overlay_opacity=\"0.5\" video_mute=\"yes\" video_loop=\"yes\" fade=\"no\" border_size=\"0px\" border_color=\"\" border_style=\"solid\" padding_top=\"0\" padding_bottom=\"0\" padding_left=\"\" padding_right=\"\" hundred_percent=\"no\" equal_height_columns=\"no\" hide_on_mobile=\"no\" menu_anchor=\"\" class=\"\" id=\"\"][fusion_text] Ser\u00fam iluminador e hidratante para el \u00e1rea de los ojos, enriquecido con Vitamina C y \u00e1cido hialur\u00f3nico. [\/fusion_text][\/fullwidth]","twitter_misc":{"Tiempo de lectura":"5 minutos"},"schema":{"@context":"https:\/\/schema.org","@graph":[{"@type":"WebPage","@id":"https:\/\/belleazul.com\/es\/producto\/pure-swiss-luminizing-eye-roll-on\/","url":"https:\/\/belleazul.com\/es\/producto\/pure-swiss-luminizing-eye-roll-on\/","name":"Pure Swiss Luminizing Eye Roll On - Belle Azul","isPartOf":{"@id":"https:\/\/belleazul.com\/#website"},"primaryImageOfPage":{"@id":"https:\/\/belleazul.com\/es\/producto\/pure-swiss-luminizing-eye-roll-on\/#primaryimage"},"image":{"@id":"https:\/\/belleazul.com\/es\/producto\/pure-swiss-luminizing-eye-roll-on\/#primaryimage"},"thumbnailUrl":"https:\/\/belleazul.com\/wp-content\/uploads\/2017\/07\/BA_LUMINIZING-ROLL-ON_web_boxtubo.png","datePublished":"2017-08-01T17:05:21+00:00","dateModified":"2017-11-30T09:14:40+00:00","breadcrumb":{"@id":"https:\/\/belleazul.com\/es\/producto\/pure-swiss-luminizing-eye-roll-on\/#breadcrumb"},"inLanguage":"es","potentialAction":[{"@type":"ReadAction","target":["https:\/\/belleazul.com\/es\/producto\/pure-swiss-luminizing-eye-roll-on\/"]}]},{"@type":"ImageObject","inLanguage":"es","@id":"https:\/\/belleazul.com\/es\/producto\/pure-swiss-luminizing-eye-roll-on\/#primaryimage","url":"https:\/\/belleazul.com\/wp-content\/uploads\/2017\/07\/BA_LUMINIZING-ROLL-ON_web_boxtubo.png","contentUrl":"https:\/\/belleazul.com\/wp-content\/uploads\/2017\/07\/BA_LUMINIZING-ROLL-ON_web_boxtubo.png","width":562,"height":1000},{"@type":"BreadcrumbList","@id":"https:\/\/belleazul.com\/es\/producto\/pure-swiss-luminizing-eye-roll-on\/#breadcrumb","itemListElement":[{"@type":"ListItem","position":1,"name":"Portada","item":"https:\/\/belleazul.com\/es\/"},{"@type":"ListItem","position":2,"name":"Our promises","item":"https:\/\/belleazul.com\/beauty-values\/"},{"@type":"ListItem","position":3,"name":"Pure Swiss Luminizing Eye Roll On"}]},{"@type":"WebSite","@id":"https:\/\/belleazul.com\/#website","url":"https:\/\/belleazul.com\/","name":"Belle Azul","description":"Mediterranean Beauty Brand","potentialAction":[{"@type":"SearchAction","target":{"@type":"EntryPoint","urlTemplate":"https:\/\/belleazul.com\/?s={search_term_string}"},"query-input":{"@type":"PropertyValueSpecification","valueRequired":true,"valueName":"search_term_string"}}],"inLanguage":"es"}]}},"_links":{"self":[{"href":"https:\/\/belleazul.com\/es\/wp-json\/wp\/v2\/product\/9159"}],"collection":[{"href":"https:\/\/belleazul.com\/es\/wp-json\/wp\/v2\/product"}],"about":[{"href":"https:\/\/belleazul.com\/es\/wp-json\/wp\/v2\/types\/product"}],"replies":[{"embeddable":true,"href":"https:\/\/belleazul.com\/es\/wp-json\/wp\/v2\/comments?post=9159"}],"wp:featuredmedia":[{"embeddable":true,"href":"https:\/\/belleazul.com\/es\/wp-json\/wp\/v2\/media\/6705"}],"wp:attachment":[{"href":"https:\/\/belleazul.com\/es\/wp-json\/wp\/v2\/media?parent=9159"}],"wp:term":[{"taxonomy":"product_brand","embeddable":true,"href":"https:\/\/belleazul.com\/es\/wp-json\/wp\/v2\/product_brand?post=9159"},{"taxonomy":"product_cat","embeddable":true,"href":"https:\/\/belleazul.com\/es\/wp-json\/wp\/v2\/product_cat?post=9159"},{"taxonomy":"product_tag","embeddable":true,"href":"https:\/\/belleazul.com\/es\/wp-json\/wp\/v2\/product_tag?post=9159"}],"curies":[{"name":"wp","href":"https:\/\/api.w.org\/{rel}","templated":true}]}}