{"id":9154,"date":"2017-07-31T16:33:56","date_gmt":"2017-07-31T16:33:56","guid":{"rendered":"http:\/\/belleazul.com\/es\/product\/bio-smart-advanced-repair-balm\/"},"modified":"2017-11-30T09:14:12","modified_gmt":"2017-11-30T09:14:12","slug":"bio-smart-advanced-repair-balm","status":"publish","type":"product","link":"https:\/\/belleazul.com\/es\/producto\/bio-smart-advanced-repair-balm\/","title":{"rendered":"Bio Smart Advanced Repair Balm"},"content":{"rendered":"<div class=\"fusion-one-sixth fusion-layout-column fusion-spacing-yes fusion-hide-on-mobile\" style=\"margin-top:0px;margin-bottom:20px;\"><div class=\"fusion-column-wrapper\"><div class=\"fusion-clearfix\"><\/div><\/div><\/div> <div class=\"fusion-one-third fusion-layout-column fusion-spacing-yes\" style=\"margin-top:0px;margin-bottom:20px;\"><div class=\"fusion-column-wrapper\">\n<h5>\u00a1La m\u00e1s bella durmiente!<\/h5>\n<div class=\"fusion-sep-clear\"><\/div><div class=\"fusion-separator fusion-full-width-sep sep-none\" style=\"border-color:#e0dede;margin-left: auto;margin-right: auto;margin-top:40px;\"><\/div>Enriquecida con <strong>C\u00e9lulas Madre de Manzana<\/strong>,estimula las c\u00e9lulas madre de la piel y optimiza su proceso de reparaci\u00f3n natural. Con <strong>Manteca de Karit\u00e9<\/strong> y  <strong>aceites bot\u00e1nicos<\/strong>   nutre e hidrata profundamente tu piel mientras duermes. Por la ma\u00f1ana, \u00a1Tu piel despertar\u00e1 m\u00e1s suave y renovada!<div class=\"fusion-clearfix\"><\/div><\/div><\/div> <div class=\"fusion-one-third fusion-layout-column fusion-spacing-yes\" style=\"margin-top:0px;margin-bottom:20px;\"><div class=\"fusion-column-wrapper\"><img loading=\"lazy\" decoding=\"async\" class=\"aligncenter size-full wp-image-5624\" src=\"http:\/\/belleazul.com\/wp-content\/uploads\/2017\/09\/ADVANCED-REPAIR-BALM.png\" alt=\"Captura de pantalla 2017-07-26 a las 13.20.35\" width=\"499\" height=\"623\" \/><div class=\"fusion-clearfix\"><\/div><\/div><\/div> <div class=\"fusion-one-sixth fusion-layout-column fusion-column-last fusion-spacing-yes fusion-hide-on-mobile\" style=\"margin-top:0px;margin-bottom:20px;\"><div class=\"fusion-column-wrapper\"><div class=\"fusion-clearfix\"><\/div><\/div><\/div><div class=\"fusion-clearfix\"><\/div>\n<div class=\"fusion-one-half fusion-layout-column fusion-spacing-yes fusion-hide-on-mobile\" style=\"margin-top:0px;margin-bottom:20px;\"><div class=\"fusion-column-wrapper\"><img loading=\"lazy\" decoding=\"async\" class=\"aligncenter size-full wp-image-5634\" src=\"http:\/\/belleazul.com\/wp-content\/uploads\/2017\/10\/repair.png\" alt=\"bs_cream_scene\" width=\"575\" height=\"831\" \/><div class=\"fusion-clearfix\"><\/div><\/div><\/div> <div class=\"fusion-one-half fusion-layout-column fusion-column-last fusion-spacing-yes\" style=\"margin-top:50px;margin-bottom:20px;\"><div class=\"fusion-column-wrapper\">\n<div class=\"fusion-one-third fusion-layout-column fusion-spacing-yes\" style=\"margin-top:0px;margin-bottom:20px;\"><div class=\"fusion-column-wrapper\"><img loading=\"lazy\" decoding=\"async\" class=\"aligncenter size-full wp-image-5639\" src=\"http:\/\/belleazul.com\/wp-content\/uploads\/2017\/07\/bullet_1.png\" alt=\"bullet_1\" width=\"148\" height=\"143\" srcset=\"https:\/\/belleazul.com\/wp-content\/uploads\/2017\/07\/bullet_1-120x116.png 120w, https:\/\/belleazul.com\/wp-content\/uploads\/2017\/07\/bullet_1.png 148w\" sizes=\"(max-width: 148px) 100vw, 148px\" \/><div class=\"fusion-clearfix\"><\/div><\/div><\/div> <div class=\"fusion-two-third fusion-layout-column fusion-column-last fusion-spacing-yes\" style=\"margin-top:0px;margin-bottom:20px;\"><div class=\"fusion-column-wrapper\"><span style=\"font-size: 40px; font-weight: 600;\">Manteca de Karit\u00e9<\/span><br \/>\nUn rico aceite enriquecido con vitaminas que protege la piel de los da\u00f1inos rayos UV a la vez que suaviza la textura y aumenta la regeneraci\u00f3n natural. <div class=\"fusion-clearfix\"><\/div><\/div><\/div><div class=\"fusion-clearfix\"><\/div>\n<div class=\"fusion-one-third fusion-layout-column fusion-spacing-yes\" style=\"margin-top:0px;margin-bottom:20px;\"><div class=\"fusion-column-wrapper\"><img loading=\"lazy\" decoding=\"async\" class=\"aligncenter size-full wp-image-5644\" src=\"http:\/\/belleazul.com\/wp-content\/uploads\/2017\/07\/bullet_2.png\" alt=\"bullet_2\" width=\"148\" height=\"143\" srcset=\"https:\/\/belleazul.com\/wp-content\/uploads\/2017\/07\/bullet_2-120x116.png 120w, https:\/\/belleazul.com\/wp-content\/uploads\/2017\/07\/bullet_2.png 148w\" sizes=\"(max-width: 148px) 100vw, 148px\" \/><div class=\"fusion-clearfix\"><\/div><\/div><\/div> <div class=\"fusion-two-third fusion-layout-column fusion-column-last fusion-spacing-yes\" style=\"margin-top:0px;margin-bottom:20px;\"><div class=\"fusion-column-wrapper\"><span style=\"font-size: 40px; font-weight: 600;\">C\u00e9lulas Madre de Manzana<\/span><br \/>\n\u00abNunca eres demasiado viejo para ser joven\u00bb Blancanieves. Gracias a su gran afinidad con la piel, las C\u00e9lulas Madre de Manzana son nuestra arma secreta para regenerar la dermis y reducir visiblemente los signos del envejecimiento.<div class=\"fusion-clearfix\"><\/div><\/div><\/div><div class=\"fusion-clearfix\"><\/div>\n<div class=\"fusion-clearfix\"><\/div><\/div><\/div><div class=\"fusion-clearfix\"><\/div>\n<p><span style=\"font-size: 55px; color: #00bfd7; font-weight: 600;\">COMPLETA TU LOOK<\/span><\/p>\n<h5>\u00a1Te encantar\u00e1!<\/h5>\n<div class=\"fusion-one-full fusion-layout-column fusion-column-last fusion-spacing-yes fusion-hide-on-mobile\" style=\"margin-top:0px;margin-bottom:20px;\"><div class=\"fusion-column-wrapper\">[rev_slider alias=\u00bbcarrousel-productos-es\u00bb]<div class=\"fusion-clearfix\"><\/div><\/div><\/div><div class=\"fusion-clearfix\"><\/div><div class=\"fusion-one-full fusion-layout-column fusion-column-last fusion-spacing-yes showonmobile \" style=\"margin-top:0px;margin-bottom:20px;\"><div class=\"fusion-column-wrapper\">[rev_slider alias=\u00bbcarrusel-movil-es\u00bb]<div class=\"fusion-clearfix\"><\/div><\/div><\/div><div class=\"fusion-clearfix\"><\/div>\n","protected":false},"excerpt":{"rendered":"[fullwidth background_color=\"\" background_image=\"\" background_parallax=\"none\" enable_mobile=\"no\" parallax_speed=\"0.3\" background_repeat=\"no-repeat\" background_position=\"left top\" video_url=\"\" video_aspect_ratio=\"16:9\" video_webm=\"\" video_mp4=\"\" video_ogv=\"\" video_preview_image=\"\" overlay_color=\"\" overlay_opacity=\"0.5\" video_mute=\"yes\" video_loop=\"yes\" fade=\"no\" border_size=\"0px\" border_color=\"\" border_style=\"solid\" padding_top=\"0\" padding_bottom=\"0\" padding_left=\"\" padding_right=\"\" hundred_percent=\"no\" equal_height_columns=\"no\" hide_on_mobile=\"no\" menu_anchor=\"\" class=\"\" id=\"\"][fusion_text]<\/p>\n<h1 style=\"text-align: left;\"><span style=\"font-weight: 400; font-size: 60%;\"><br \/>\n<\/span><\/h1>\n<p>Crema de noche reparadora, enriquecida con C\u00e9lulas Madre de Manzana.<\/p>\n<p><img loading=\"lazy\" decoding=\"async\" class=\"aligncenter size-full wp-image-5619\" src=\"http:\/\/belleazul.com\/wp-content\/uploads\/2017\/07\/Captura-de-pantalla-2017-07-26-a-las-12.56.29.png\" alt=\"Captura de pantalla 2017-07-26 a las 12.56.29\" width=\"168\" height=\"143\" srcset=\"https:\/\/belleazul.com\/wp-content\/uploads\/2017\/07\/Captura-de-pantalla-2017-07-26-a-las-12.56.29-120x102.png 120w, https:\/\/belleazul.com\/wp-content\/uploads\/2017\/07\/Captura-de-pantalla-2017-07-26-a-las-12.56.29.png 168w\" sizes=\"(max-width: 168px) 100vw, 168px\" \/><\/p>\n<p>[\/fusion_text][\/fullwidth]\n","protected":false},"featured_media":6673,"comment_status":"open","ping_status":"closed","template":"","meta":[],"product_brand":[],"product_cat":[60,26],"product_tag":[],"class_list":{"0":"post-9154","1":"product","2":"type-product","3":"status-publish","4":"has-post-thumbnail","6":"product_cat-bio-smart-range-es","7":"product_cat-cara","9":"first","10":"instock","11":"taxable","12":"shipping-taxable","13":"purchasable","14":"product-type-simple"},"yoast_head":"<!-- This site is optimized with the Yoast SEO plugin v25.6 - https:\/\/yoast.com\/wordpress\/plugins\/seo\/ -->\n<title>Bio Smart Advanced Repair Balm - Belle Azul<\/title>\n<meta name=\"robots\" content=\"index, follow, max-snippet:-1, max-image-preview:large, max-video-preview:-1\" \/>\n<link rel=\"canonical\" href=\"https:\/\/belleazul.com\/producto\/bio-smart-advanced-resurfacing-care-2\/\" \/>\n<meta property=\"og:locale\" content=\"es_ES\" \/>\n<meta property=\"og:type\" content=\"article\" \/>\n<meta property=\"og:title\" content=\"Bio Smart Advanced Repair Balm - Belle Azul\" \/>\n<meta property=\"og:url\" content=\"https:\/\/belleazul.com\/producto\/bio-smart-advanced-resurfacing-care-2\/\" \/>\n<meta property=\"og:site_name\" content=\"Belle Azul\" \/>\n<meta property=\"article:modified_time\" content=\"2017-11-30T09:14:12+00:00\" \/>\n<meta property=\"og:image\" content=\"https:\/\/belleazul.com\/wp-content\/uploads\/2017\/07\/BA_Biosmart_AdvancedDayt.png\" \/>\n\t<meta property=\"og:image:width\" content=\"678\" \/>\n\t<meta property=\"og:image:height\" content=\"1207\" \/>\n\t<meta property=\"og:image:type\" content=\"image\/png\" \/>\n<meta name=\"twitter:card\" content=\"summary_large_image\" \/>\n<meta name=\"twitter:description\" content=\"[fullwidth background_color=&quot;&quot; background_image=&quot;&quot; background_parallax=&quot;none&quot; enable_mobile=&quot;no&quot; parallax_speed=&quot;0.3&quot; background_repeat=&quot;no-repeat&quot; background_position=&quot;left top&quot; video_url=&quot;&quot; video_aspect_ratio=&quot;16:9&quot; video_webm=&quot;&quot; video_mp4=&quot;&quot; video_ogv=&quot;&quot; video_preview_image=&quot;&quot; overlay_color=&quot;&quot; overlay_opacity=&quot;0.5&quot; video_mute=&quot;yes&quot; video_loop=&quot;yes&quot; fade=&quot;no&quot; border_size=&quot;0px&quot; border_color=&quot;&quot; border_style=&quot;solid&quot; padding_top=&quot;0&quot; padding_bottom=&quot;0&quot; padding_left=&quot;&quot; padding_right=&quot;&quot; hundred_percent=&quot;no&quot; equal_height_columns=&quot;no&quot; hide_on_mobile=&quot;no&quot; menu_anchor=&quot;&quot; class=&quot;&quot; id=&quot;&quot;][fusion_text]   Crema de noche reparadora, enriquecida con C\u00e9lulas Madre de Manzana.    [\/fusion_text][\/fullwidth]\" \/>\n<meta name=\"twitter:label1\" content=\"Tiempo de lectura\" \/>\n\t<meta name=\"twitter:data1\" content=\"4 minutos\" \/>\n<script type=\"application\/ld+json\" class=\"yoast-schema-graph\">{\"@context\":\"https:\/\/schema.org\",\"@graph\":[{\"@type\":\"WebPage\",\"@id\":\"https:\/\/belleazul.com\/producto\/bio-smart-advanced-resurfacing-care-2\/\",\"url\":\"https:\/\/belleazul.com\/producto\/bio-smart-advanced-resurfacing-care-2\/\",\"name\":\"Bio Smart Advanced Repair Balm - Belle Azul\",\"isPartOf\":{\"@id\":\"https:\/\/belleazul.com\/#website\"},\"primaryImageOfPage\":{\"@id\":\"https:\/\/belleazul.com\/producto\/bio-smart-advanced-resurfacing-care-2\/#primaryimage\"},\"image\":{\"@id\":\"https:\/\/belleazul.com\/producto\/bio-smart-advanced-resurfacing-care-2\/#primaryimage\"},\"thumbnailUrl\":\"https:\/\/belleazul.com\/wp-content\/uploads\/2017\/07\/BA_Biosmart_AdvancedDayt.png\",\"datePublished\":\"2017-07-31T16:33:56+00:00\",\"dateModified\":\"2017-11-30T09:14:12+00:00\",\"breadcrumb\":{\"@id\":\"https:\/\/belleazul.com\/producto\/bio-smart-advanced-resurfacing-care-2\/#breadcrumb\"},\"inLanguage\":\"es\",\"potentialAction\":[{\"@type\":\"ReadAction\",\"target\":[\"https:\/\/belleazul.com\/producto\/bio-smart-advanced-resurfacing-care-2\/\"]}]},{\"@type\":\"ImageObject\",\"inLanguage\":\"es\",\"@id\":\"https:\/\/belleazul.com\/producto\/bio-smart-advanced-resurfacing-care-2\/#primaryimage\",\"url\":\"https:\/\/belleazul.com\/wp-content\/uploads\/2017\/07\/BA_Biosmart_AdvancedDayt.png\",\"contentUrl\":\"https:\/\/belleazul.com\/wp-content\/uploads\/2017\/07\/BA_Biosmart_AdvancedDayt.png\",\"width\":678,\"height\":1207},{\"@type\":\"BreadcrumbList\",\"@id\":\"https:\/\/belleazul.com\/producto\/bio-smart-advanced-resurfacing-care-2\/#breadcrumb\",\"itemListElement\":[{\"@type\":\"ListItem\",\"position\":1,\"name\":\"Portada\",\"item\":\"https:\/\/belleazul.com\/es\/\"},{\"@type\":\"ListItem\",\"position\":2,\"name\":\"Our promises\",\"item\":\"https:\/\/belleazul.com\/beauty-values\/\"},{\"@type\":\"ListItem\",\"position\":3,\"name\":\"Bio Smart Advanced Repair Balm\"}]},{\"@type\":\"WebSite\",\"@id\":\"https:\/\/belleazul.com\/#website\",\"url\":\"https:\/\/belleazul.com\/\",\"name\":\"Belle Azul\",\"description\":\"Mediterranean Beauty Brand\",\"potentialAction\":[{\"@type\":\"SearchAction\",\"target\":{\"@type\":\"EntryPoint\",\"urlTemplate\":\"https:\/\/belleazul.com\/?s={search_term_string}\"},\"query-input\":{\"@type\":\"PropertyValueSpecification\",\"valueRequired\":true,\"valueName\":\"search_term_string\"}}],\"inLanguage\":\"es\"}]}<\/script>\n<!-- \/ Yoast SEO plugin. -->","yoast_head_json":{"title":"Bio Smart Advanced Repair Balm - Belle Azul","robots":{"index":"index","follow":"follow","max-snippet":"max-snippet:-1","max-image-preview":"max-image-preview:large","max-video-preview":"max-video-preview:-1"},"canonical":"https:\/\/belleazul.com\/producto\/bio-smart-advanced-resurfacing-care-2\/","og_locale":"es_ES","og_type":"article","og_title":"Bio Smart Advanced Repair Balm - Belle Azul","og_url":"https:\/\/belleazul.com\/producto\/bio-smart-advanced-resurfacing-care-2\/","og_site_name":"Belle Azul","article_modified_time":"2017-11-30T09:14:12+00:00","og_image":[{"width":678,"height":1207,"url":"https:\/\/belleazul.com\/wp-content\/uploads\/2017\/07\/BA_Biosmart_AdvancedDayt.png","type":"image\/png"}],"twitter_card":"summary_large_image","twitter_description":"[fullwidth background_color=\"\" background_image=\"\" background_parallax=\"none\" enable_mobile=\"no\" parallax_speed=\"0.3\" background_repeat=\"no-repeat\" background_position=\"left top\" video_url=\"\" video_aspect_ratio=\"16:9\" video_webm=\"\" video_mp4=\"\" video_ogv=\"\" video_preview_image=\"\" overlay_color=\"\" overlay_opacity=\"0.5\" video_mute=\"yes\" video_loop=\"yes\" fade=\"no\" border_size=\"0px\" border_color=\"\" border_style=\"solid\" padding_top=\"0\" padding_bottom=\"0\" padding_left=\"\" padding_right=\"\" hundred_percent=\"no\" equal_height_columns=\"no\" hide_on_mobile=\"no\" menu_anchor=\"\" class=\"\" id=\"\"][fusion_text]   Crema de noche reparadora, enriquecida con C\u00e9lulas Madre de Manzana.    [\/fusion_text][\/fullwidth]","twitter_misc":{"Tiempo de lectura":"4 minutos"},"schema":{"@context":"https:\/\/schema.org","@graph":[{"@type":"WebPage","@id":"https:\/\/belleazul.com\/producto\/bio-smart-advanced-resurfacing-care-2\/","url":"https:\/\/belleazul.com\/producto\/bio-smart-advanced-resurfacing-care-2\/","name":"Bio Smart Advanced Repair Balm - Belle Azul","isPartOf":{"@id":"https:\/\/belleazul.com\/#website"},"primaryImageOfPage":{"@id":"https:\/\/belleazul.com\/producto\/bio-smart-advanced-resurfacing-care-2\/#primaryimage"},"image":{"@id":"https:\/\/belleazul.com\/producto\/bio-smart-advanced-resurfacing-care-2\/#primaryimage"},"thumbnailUrl":"https:\/\/belleazul.com\/wp-content\/uploads\/2017\/07\/BA_Biosmart_AdvancedDayt.png","datePublished":"2017-07-31T16:33:56+00:00","dateModified":"2017-11-30T09:14:12+00:00","breadcrumb":{"@id":"https:\/\/belleazul.com\/producto\/bio-smart-advanced-resurfacing-care-2\/#breadcrumb"},"inLanguage":"es","potentialAction":[{"@type":"ReadAction","target":["https:\/\/belleazul.com\/producto\/bio-smart-advanced-resurfacing-care-2\/"]}]},{"@type":"ImageObject","inLanguage":"es","@id":"https:\/\/belleazul.com\/producto\/bio-smart-advanced-resurfacing-care-2\/#primaryimage","url":"https:\/\/belleazul.com\/wp-content\/uploads\/2017\/07\/BA_Biosmart_AdvancedDayt.png","contentUrl":"https:\/\/belleazul.com\/wp-content\/uploads\/2017\/07\/BA_Biosmart_AdvancedDayt.png","width":678,"height":1207},{"@type":"BreadcrumbList","@id":"https:\/\/belleazul.com\/producto\/bio-smart-advanced-resurfacing-care-2\/#breadcrumb","itemListElement":[{"@type":"ListItem","position":1,"name":"Portada","item":"https:\/\/belleazul.com\/es\/"},{"@type":"ListItem","position":2,"name":"Our promises","item":"https:\/\/belleazul.com\/beauty-values\/"},{"@type":"ListItem","position":3,"name":"Bio Smart Advanced Repair Balm"}]},{"@type":"WebSite","@id":"https:\/\/belleazul.com\/#website","url":"https:\/\/belleazul.com\/","name":"Belle Azul","description":"Mediterranean Beauty Brand","potentialAction":[{"@type":"SearchAction","target":{"@type":"EntryPoint","urlTemplate":"https:\/\/belleazul.com\/?s={search_term_string}"},"query-input":{"@type":"PropertyValueSpecification","valueRequired":true,"valueName":"search_term_string"}}],"inLanguage":"es"}]}},"_links":{"self":[{"href":"https:\/\/belleazul.com\/es\/wp-json\/wp\/v2\/product\/9154"}],"collection":[{"href":"https:\/\/belleazul.com\/es\/wp-json\/wp\/v2\/product"}],"about":[{"href":"https:\/\/belleazul.com\/es\/wp-json\/wp\/v2\/types\/product"}],"replies":[{"embeddable":true,"href":"https:\/\/belleazul.com\/es\/wp-json\/wp\/v2\/comments?post=9154"}],"wp:featuredmedia":[{"embeddable":true,"href":"https:\/\/belleazul.com\/es\/wp-json\/wp\/v2\/media\/6673"}],"wp:attachment":[{"href":"https:\/\/belleazul.com\/es\/wp-json\/wp\/v2\/media?parent=9154"}],"wp:term":[{"taxonomy":"product_brand","embeddable":true,"href":"https:\/\/belleazul.com\/es\/wp-json\/wp\/v2\/product_brand?post=9154"},{"taxonomy":"product_cat","embeddable":true,"href":"https:\/\/belleazul.com\/es\/wp-json\/wp\/v2\/product_cat?post=9154"},{"taxonomy":"product_tag","embeddable":true,"href":"https:\/\/belleazul.com\/es\/wp-json\/wp\/v2\/product_tag?post=9154"}],"curies":[{"name":"wp","href":"https:\/\/api.w.org\/{rel}","templated":true}]}}