{"id":9047,"date":"2017-08-01T17:05:22","date_gmt":"2017-08-01T17:05:22","guid":{"rendered":"http:\/\/belleazul.com\/es\/product\/bio-smart-advanced-revitalizing-gel-cream\/"},"modified":"2017-11-30T09:02:41","modified_gmt":"2017-11-30T09:02:41","slug":"bio-smart-advanced-revitalizing-gel-cream","status":"publish","type":"product","link":"https:\/\/belleazul.com\/es\/producto\/bio-smart-advanced-revitalizing-gel-cream\/","title":{"rendered":"Bio Smart Advanced Revitalizing Gel Cream"},"content":{"rendered":"<div class=\"fusion-one-sixth fusion-layout-column fusion-spacing-yes fusion-hide-on-mobile\" style=\"margin-top:0px;margin-bottom:20px;\"><div class=\"fusion-column-wrapper\"><div class=\"fusion-clearfix\"><\/div><\/div><\/div> <div class=\"fusion-one-third fusion-layout-column fusion-spacing-yes\" style=\"margin-top:0px;margin-bottom:20px;\"><div class=\"fusion-column-wrapper\">\n<h5>\u00a1Porque las pieles grasas tambi\u00e9n quieren un cuidado anti envejecimiento!<\/h5>\n<div class=\"fusion-sep-clear\"><\/div><div class=\"fusion-separator fusion-full-width-sep sep-none\" style=\"border-color:#e0dede;margin-left: auto;margin-right: auto;margin-top:40px;\"><\/div>Ofrece los beneficios hidratantes y anti envejecimiento que tu piel necesita, sin dejar residuos grasos, gracias a nuestra f\u00f3rmula libre de aceites. Enriquecido con C\u00e9lulas Madre de Manzana, este ciudado estimula las c\u00e9lulas madres de la piel y optimiza su reposici\u00f3n natural de col\u00e1geno. Desde su primer uso, la piel se siente hidratada y renovada, dej\u00e1ndola con un acabado mate. Con su uso diario, la piel se ve m\u00e1s firme y las arrugas se van reduciendo visiblemente.<div class=\"fusion-clearfix\"><\/div><\/div><\/div> <div class=\"fusion-one-third fusion-layout-column fusion-spacing-yes\" style=\"margin-top:0px;margin-bottom:20px;\"><div class=\"fusion-column-wrapper\"><img loading=\"lazy\" decoding=\"async\" class=\"aligncenter size-full wp-image-5624\" src=\"http:\/\/belleazul.com\/wp-content\/uploads\/2017\/09\/ADVANCED-REVITALIZING-GEL-CREAM.png\" alt=\"Captura de pantalla 2017-07-26 a las 13.20.35\" width=\"499\" height=\"623\" \/><div class=\"fusion-clearfix\"><\/div><\/div><\/div> <div class=\"fusion-one-sixth fusion-layout-column fusion-column-last fusion-spacing-yes fusion-hide-on-mobile\" style=\"margin-top:0px;margin-bottom:20px;\"><div class=\"fusion-column-wrapper\"><div class=\"fusion-clearfix\"><\/div><\/div><\/div><div class=\"fusion-clearfix\"><\/div>\n<div class=\"fusion-one-half fusion-layout-column fusion-spacing-yes fusion-hide-on-mobile\" style=\"margin-top:0px;margin-bottom:20px;\"><div class=\"fusion-column-wrapper\"><img loading=\"lazy\" decoding=\"async\" class=\"aligncenter size-full wp-image-5634\" src=\"http:\/\/belleazul.com\/wp-content\/uploads\/2017\/07\/revitalizing-ingredients.png\" alt=\"bs_cream_scene\" width=\"575\" height=\"831\" \/><div class=\"fusion-clearfix\"><\/div><\/div><\/div> <div class=\"fusion-one-half fusion-layout-column fusion-column-last fusion-spacing-yes\" style=\"margin-top:50px;margin-bottom:20px;\"><div class=\"fusion-column-wrapper\">\n<div class=\"fusion-one-third fusion-layout-column fusion-spacing-yes\" style=\"margin-top:0px;margin-bottom:20px;\"><div class=\"fusion-column-wrapper\"><img loading=\"lazy\" decoding=\"async\" class=\"aligncenter size-full wp-image-5639\" src=\"http:\/\/belleazul.com\/wp-content\/uploads\/2017\/07\/bullet_1.png\" alt=\"bullet_1\" width=\"148\" height=\"143\" srcset=\"https:\/\/belleazul.com\/wp-content\/uploads\/2017\/07\/bullet_1-120x116.png 120w, https:\/\/belleazul.com\/wp-content\/uploads\/2017\/07\/bullet_1.png 148w\" sizes=\"(max-width: 148px) 100vw, 148px\" \/><div class=\"fusion-clearfix\"><\/div><\/div><\/div> <div class=\"fusion-two-third fusion-layout-column fusion-column-last fusion-spacing-yes\" style=\"margin-top:0px;margin-bottom:20px;\"><div class=\"fusion-column-wrapper\"><span style=\"font-size: 40px; font-weight: 600;\">Celulas Madre de Manzana<\/span><br \/>\n\u00abNunca eres demasiado viejo para ser joven\u00bb Blanca Nieves. Gracias a su gran afinidad con la piel, las C\u00e9lulas Madre de Manzana son nuestra arma secreta para regenerar la dermis y reducir visiblemente los signos del envejecimiento.<div class=\"fusion-clearfix\"><\/div><\/div><\/div><div class=\"fusion-clearfix\"><\/div>\n<div class=\"fusion-one-third fusion-layout-column fusion-spacing-yes\" style=\"margin-top:0px;margin-bottom:20px;\"><div class=\"fusion-column-wrapper\"><img loading=\"lazy\" decoding=\"async\" class=\"aligncenter size-full wp-image-5644\" src=\"http:\/\/belleazul.com\/wp-content\/uploads\/2017\/07\/bullet_2.png\" alt=\"bullet_2\" width=\"148\" height=\"143\" srcset=\"https:\/\/belleazul.com\/wp-content\/uploads\/2017\/07\/bullet_2-120x116.png 120w, https:\/\/belleazul.com\/wp-content\/uploads\/2017\/07\/bullet_2.png 148w\" sizes=\"(max-width: 148px) 100vw, 148px\" \/><div class=\"fusion-clearfix\"><\/div><\/div><\/div> <div class=\"fusion-two-third fusion-layout-column fusion-column-last fusion-spacing-yes\" style=\"margin-top:0px;margin-bottom:20px;\"><div class=\"fusion-column-wrapper\"><span style=\"font-size: 40px; font-weight: 600;\">Col\u00e1geno Hidrolizado<\/span><br \/>\nMol\u00e9culas naturalmente presentes en nuestros cuerpos, que se deterioran con la edad causando la aparici\u00f3n de arrugas.<div class=\"fusion-clearfix\"><\/div><\/div><\/div><div class=\"fusion-clearfix\"><\/div>\n<div class=\"fusion-one-third fusion-layout-column fusion-spacing-yes\" style=\"margin-top:0px;margin-bottom:20px;\"><div class=\"fusion-column-wrapper\"><img loading=\"lazy\" decoding=\"async\" class=\"aligncenter size-full wp-image-5649\" src=\"http:\/\/belleazul.com\/wp-content\/uploads\/2017\/07\/bullet_3.png\" alt=\"bullet_3\" width=\"148\" height=\"143\" srcset=\"https:\/\/belleazul.com\/wp-content\/uploads\/2017\/07\/bullet_3-120x116.png 120w, https:\/\/belleazul.com\/wp-content\/uploads\/2017\/07\/bullet_3.png 148w\" sizes=\"(max-width: 148px) 100vw, 148px\" \/><div class=\"fusion-clearfix\"><\/div><\/div><\/div> <div class=\"fusion-two-third fusion-layout-column fusion-column-last fusion-spacing-yes\" style=\"margin-top:0px;margin-bottom:20px;\"><div class=\"fusion-column-wrapper\"><span style=\"font-size: 40px; font-weight: 600;\">Ceratonia Siliqua<\/span><br \/>\nPotente efecto tensor que afirma inmediatamente la piel y reduce las arrugas y las finas l\u00edneas.<div class=\"fusion-clearfix\"><\/div><\/div><\/div><div class=\"fusion-clearfix\"><\/div> <div class=\"fusion-clearfix\"><\/div><\/div><\/div><div class=\"fusion-clearfix\"><\/div>\n<p><span style=\"font-size: 55px; color: #00bfd7; font-weight: 600;\">COMPLETA TU LOOK<\/span><\/p>\n<h5> \u00a1Te encantar\u00e1!<\/h5>\n<div class=\"fusion-one-full fusion-layout-column fusion-column-last fusion-spacing-yes fusion-hide-on-mobile\" style=\"margin-top:0px;margin-bottom:20px;\"><div class=\"fusion-column-wrapper\">[rev_slider alias=\u00bbcarrousel-productos-es\u00bb]<div class=\"fusion-clearfix\"><\/div><\/div><\/div><div class=\"fusion-clearfix\"><\/div><div class=\"fusion-one-full fusion-layout-column fusion-column-last fusion-spacing-yes showonmobile \" style=\"margin-top:0px;margin-bottom:20px;\"><div class=\"fusion-column-wrapper\">[rev_slider alias=\u00bbcarrusel-movil-es\u00bb]<div class=\"fusion-clearfix\"><\/div><\/div><\/div><div class=\"fusion-clearfix\"><\/div>\n","protected":false},"excerpt":{"rendered":"[fullwidth background_color=\"\" background_image=\"\" background_parallax=\"none\" enable_mobile=\"no\" parallax_speed=\"0.3\" background_repeat=\"no-repeat\" background_position=\"left top\" video_url=\"\" video_aspect_ratio=\"16:9\" video_webm=\"\" video_mp4=\"\" video_ogv=\"\" video_preview_image=\"\" overlay_color=\"\" overlay_opacity=\"0.5\" video_mute=\"yes\" video_loop=\"yes\" fade=\"no\" border_size=\"0px\" border_color=\"\" border_style=\"solid\" padding_top=\"0\" padding_bottom=\"0\" padding_left=\"\" padding_right=\"\" hundred_percent=\"no\" equal_height_columns=\"no\" hide_on_mobile=\"no\" menu_anchor=\"\" class=\"\" id=\"\"][fusion_text]<\/p>\n<h1 style=\"text-align: left;\"><span style=\"font-weight: 400; font-size: 60%;\">Crema hidratante anti-envejecimiento no grasa<br \/>\n<\/span><\/h1>\n<p><img loading=\"lazy\" decoding=\"async\" class=\"aligncenter size-full wp-image-5619\" src=\"http:\/\/belleazul.com\/wp-content\/uploads\/2017\/07\/Captura-de-pantalla-2017-07-26-a-las-12.56.29.png\" alt=\"Captura de pantalla 2017-07-26 a las 12.56.29\" width=\"168\" height=\"143\" srcset=\"https:\/\/belleazul.com\/wp-content\/uploads\/2017\/07\/Captura-de-pantalla-2017-07-26-a-las-12.56.29-120x102.png 120w, https:\/\/belleazul.com\/wp-content\/uploads\/2017\/07\/Captura-de-pantalla-2017-07-26-a-las-12.56.29.png 168w\" sizes=\"(max-width: 168px) 100vw, 168px\" \/><\/p>\n<p>[\/fusion_text][\/fullwidth]\n","protected":false},"featured_media":6678,"comment_status":"open","ping_status":"closed","template":"","meta":[],"product_brand":[],"product_cat":[60,26,61,51],"product_tag":[],"class_list":{"0":"post-9047","1":"product","2":"type-product","3":"status-publish","4":"has-post-thumbnail","6":"product_cat-bio-smart-range-es","7":"product_cat-cara","8":"product_cat-day-cream-es","9":"product_cat-home-es","11":"first","12":"instock","13":"taxable","14":"shipping-taxable","15":"purchasable","16":"product-type-simple"},"yoast_head":"<!-- This site is optimized with the Yoast SEO plugin v25.6 - https:\/\/yoast.com\/wordpress\/plugins\/seo\/ -->\n<title>Bio Smart Revitalizing Gel Cream with Apple Stem Cells<\/title>\n<meta name=\"description\" content=\"Oil-Free moisturiser and revitalizing gel cream with a matte finish ideal for oily to combination skin. Anti-a ging Day Cream with Apple Stem Cells Complex\" \/>\n<meta name=\"robots\" content=\"index, follow, max-snippet:-1, max-image-preview:large, max-video-preview:-1\" \/>\n<link rel=\"canonical\" href=\"https:\/\/belleazul.com\/producto\/bio-smart-advanced-revitalizing-gel-cream\/\" \/>\n<meta property=\"og:locale\" content=\"es_ES\" \/>\n<meta property=\"og:type\" content=\"article\" \/>\n<meta property=\"og:title\" content=\"Bio Smart Revitalizing Gel Cream with Apple Stem Cells\" \/>\n<meta property=\"og:description\" content=\"Oil-Free moisturiser and revitalizing gel cream with a matte finish ideal for oily to combination skin. Anti-a ging Day Cream with Apple Stem Cells Complex\" \/>\n<meta property=\"og:url\" content=\"https:\/\/belleazul.com\/producto\/bio-smart-advanced-revitalizing-gel-cream\/\" \/>\n<meta property=\"og:site_name\" content=\"Belle Azul\" \/>\n<meta property=\"article:modified_time\" content=\"2017-11-30T09:02:41+00:00\" \/>\n<meta property=\"og:image\" content=\"https:\/\/belleazul.com\/wp-content\/uploads\/2017\/07\/BA_Biosmart_gelCream-3.png\" \/>\n\t<meta property=\"og:image:width\" content=\"562\" \/>\n\t<meta property=\"og:image:height\" content=\"1000\" \/>\n\t<meta property=\"og:image:type\" content=\"image\/png\" \/>\n<meta name=\"twitter:card\" content=\"summary_large_image\" \/>\n<meta name=\"twitter:label1\" content=\"Tiempo de lectura\" \/>\n\t<meta name=\"twitter:data1\" content=\"5 minutos\" \/>\n<script type=\"application\/ld+json\" class=\"yoast-schema-graph\">{\"@context\":\"https:\/\/schema.org\",\"@graph\":[{\"@type\":\"WebPage\",\"@id\":\"https:\/\/belleazul.com\/producto\/bio-smart-advanced-revitalizing-gel-cream\/\",\"url\":\"https:\/\/belleazul.com\/producto\/bio-smart-advanced-revitalizing-gel-cream\/\",\"name\":\"Bio Smart Revitalizing Gel Cream with Apple Stem Cells\",\"isPartOf\":{\"@id\":\"https:\/\/belleazul.com\/#website\"},\"primaryImageOfPage\":{\"@id\":\"https:\/\/belleazul.com\/producto\/bio-smart-advanced-revitalizing-gel-cream\/#primaryimage\"},\"image\":{\"@id\":\"https:\/\/belleazul.com\/producto\/bio-smart-advanced-revitalizing-gel-cream\/#primaryimage\"},\"thumbnailUrl\":\"https:\/\/belleazul.com\/wp-content\/uploads\/2017\/07\/BA_Biosmart_gelCream-3.png\",\"datePublished\":\"2017-08-01T17:05:22+00:00\",\"dateModified\":\"2017-11-30T09:02:41+00:00\",\"description\":\"Oil-Free moisturiser and revitalizing gel cream with a matte finish ideal for oily to combination skin. Anti-a ging Day Cream with Apple Stem Cells Complex\",\"breadcrumb\":{\"@id\":\"https:\/\/belleazul.com\/producto\/bio-smart-advanced-revitalizing-gel-cream\/#breadcrumb\"},\"inLanguage\":\"es\",\"potentialAction\":[{\"@type\":\"ReadAction\",\"target\":[\"https:\/\/belleazul.com\/producto\/bio-smart-advanced-revitalizing-gel-cream\/\"]}]},{\"@type\":\"ImageObject\",\"inLanguage\":\"es\",\"@id\":\"https:\/\/belleazul.com\/producto\/bio-smart-advanced-revitalizing-gel-cream\/#primaryimage\",\"url\":\"https:\/\/belleazul.com\/wp-content\/uploads\/2017\/07\/BA_Biosmart_gelCream-3.png\",\"contentUrl\":\"https:\/\/belleazul.com\/wp-content\/uploads\/2017\/07\/BA_Biosmart_gelCream-3.png\",\"width\":562,\"height\":1000},{\"@type\":\"BreadcrumbList\",\"@id\":\"https:\/\/belleazul.com\/producto\/bio-smart-advanced-revitalizing-gel-cream\/#breadcrumb\",\"itemListElement\":[{\"@type\":\"ListItem\",\"position\":1,\"name\":\"Portada\",\"item\":\"https:\/\/belleazul.com\/es\/\"},{\"@type\":\"ListItem\",\"position\":2,\"name\":\"Our promises\",\"item\":\"https:\/\/belleazul.com\/beauty-values\/\"},{\"@type\":\"ListItem\",\"position\":3,\"name\":\"Bio Smart Advanced Revitalizing Gel Cream\"}]},{\"@type\":\"WebSite\",\"@id\":\"https:\/\/belleazul.com\/#website\",\"url\":\"https:\/\/belleazul.com\/\",\"name\":\"Belle Azul\",\"description\":\"Mediterranean Beauty Brand\",\"potentialAction\":[{\"@type\":\"SearchAction\",\"target\":{\"@type\":\"EntryPoint\",\"urlTemplate\":\"https:\/\/belleazul.com\/?s={search_term_string}\"},\"query-input\":{\"@type\":\"PropertyValueSpecification\",\"valueRequired\":true,\"valueName\":\"search_term_string\"}}],\"inLanguage\":\"es\"}]}<\/script>\n<!-- \/ Yoast SEO plugin. -->","yoast_head_json":{"title":"Bio Smart Revitalizing Gel Cream with Apple Stem Cells","description":"Oil-Free moisturiser and revitalizing gel cream with a matte finish ideal for oily to combination skin. Anti-a ging Day Cream with Apple Stem Cells Complex","robots":{"index":"index","follow":"follow","max-snippet":"max-snippet:-1","max-image-preview":"max-image-preview:large","max-video-preview":"max-video-preview:-1"},"canonical":"https:\/\/belleazul.com\/producto\/bio-smart-advanced-revitalizing-gel-cream\/","og_locale":"es_ES","og_type":"article","og_title":"Bio Smart Revitalizing Gel Cream with Apple Stem Cells","og_description":"Oil-Free moisturiser and revitalizing gel cream with a matte finish ideal for oily to combination skin. Anti-a ging Day Cream with Apple Stem Cells Complex","og_url":"https:\/\/belleazul.com\/producto\/bio-smart-advanced-revitalizing-gel-cream\/","og_site_name":"Belle Azul","article_modified_time":"2017-11-30T09:02:41+00:00","og_image":[{"width":562,"height":1000,"url":"https:\/\/belleazul.com\/wp-content\/uploads\/2017\/07\/BA_Biosmart_gelCream-3.png","type":"image\/png"}],"twitter_card":"summary_large_image","twitter_misc":{"Tiempo de lectura":"5 minutos"},"schema":{"@context":"https:\/\/schema.org","@graph":[{"@type":"WebPage","@id":"https:\/\/belleazul.com\/producto\/bio-smart-advanced-revitalizing-gel-cream\/","url":"https:\/\/belleazul.com\/producto\/bio-smart-advanced-revitalizing-gel-cream\/","name":"Bio Smart Revitalizing Gel Cream with Apple Stem Cells","isPartOf":{"@id":"https:\/\/belleazul.com\/#website"},"primaryImageOfPage":{"@id":"https:\/\/belleazul.com\/producto\/bio-smart-advanced-revitalizing-gel-cream\/#primaryimage"},"image":{"@id":"https:\/\/belleazul.com\/producto\/bio-smart-advanced-revitalizing-gel-cream\/#primaryimage"},"thumbnailUrl":"https:\/\/belleazul.com\/wp-content\/uploads\/2017\/07\/BA_Biosmart_gelCream-3.png","datePublished":"2017-08-01T17:05:22+00:00","dateModified":"2017-11-30T09:02:41+00:00","description":"Oil-Free moisturiser and revitalizing gel cream with a matte finish ideal for oily to combination skin. Anti-a ging Day Cream with Apple Stem Cells Complex","breadcrumb":{"@id":"https:\/\/belleazul.com\/producto\/bio-smart-advanced-revitalizing-gel-cream\/#breadcrumb"},"inLanguage":"es","potentialAction":[{"@type":"ReadAction","target":["https:\/\/belleazul.com\/producto\/bio-smart-advanced-revitalizing-gel-cream\/"]}]},{"@type":"ImageObject","inLanguage":"es","@id":"https:\/\/belleazul.com\/producto\/bio-smart-advanced-revitalizing-gel-cream\/#primaryimage","url":"https:\/\/belleazul.com\/wp-content\/uploads\/2017\/07\/BA_Biosmart_gelCream-3.png","contentUrl":"https:\/\/belleazul.com\/wp-content\/uploads\/2017\/07\/BA_Biosmart_gelCream-3.png","width":562,"height":1000},{"@type":"BreadcrumbList","@id":"https:\/\/belleazul.com\/producto\/bio-smart-advanced-revitalizing-gel-cream\/#breadcrumb","itemListElement":[{"@type":"ListItem","position":1,"name":"Portada","item":"https:\/\/belleazul.com\/es\/"},{"@type":"ListItem","position":2,"name":"Our promises","item":"https:\/\/belleazul.com\/beauty-values\/"},{"@type":"ListItem","position":3,"name":"Bio Smart Advanced Revitalizing Gel Cream"}]},{"@type":"WebSite","@id":"https:\/\/belleazul.com\/#website","url":"https:\/\/belleazul.com\/","name":"Belle Azul","description":"Mediterranean Beauty Brand","potentialAction":[{"@type":"SearchAction","target":{"@type":"EntryPoint","urlTemplate":"https:\/\/belleazul.com\/?s={search_term_string}"},"query-input":{"@type":"PropertyValueSpecification","valueRequired":true,"valueName":"search_term_string"}}],"inLanguage":"es"}]}},"_links":{"self":[{"href":"https:\/\/belleazul.com\/es\/wp-json\/wp\/v2\/product\/9047"}],"collection":[{"href":"https:\/\/belleazul.com\/es\/wp-json\/wp\/v2\/product"}],"about":[{"href":"https:\/\/belleazul.com\/es\/wp-json\/wp\/v2\/types\/product"}],"replies":[{"embeddable":true,"href":"https:\/\/belleazul.com\/es\/wp-json\/wp\/v2\/comments?post=9047"}],"wp:featuredmedia":[{"embeddable":true,"href":"https:\/\/belleazul.com\/es\/wp-json\/wp\/v2\/media\/6678"}],"wp:attachment":[{"href":"https:\/\/belleazul.com\/es\/wp-json\/wp\/v2\/media?parent=9047"}],"wp:term":[{"taxonomy":"product_brand","embeddable":true,"href":"https:\/\/belleazul.com\/es\/wp-json\/wp\/v2\/product_brand?post=9047"},{"taxonomy":"product_cat","embeddable":true,"href":"https:\/\/belleazul.com\/es\/wp-json\/wp\/v2\/product_cat?post=9047"},{"taxonomy":"product_tag","embeddable":true,"href":"https:\/\/belleazul.com\/es\/wp-json\/wp\/v2\/product_tag?post=9047"}],"curies":[{"name":"wp","href":"https:\/\/api.w.org\/{rel}","templated":true}]}}