{"id":10883,"date":"2018-05-11T10:35:39","date_gmt":"2018-05-11T10:35:39","guid":{"rendered":"http:\/\/belleazul.com\/es\/product\/nose-hair-wax\/"},"modified":"2024-07-18T18:21:49","modified_gmt":"2024-07-18T18:21:49","slug":"nose-hair-wax","status":"publish","type":"product","link":"https:\/\/belleazul.com\/es\/producto\/nose-hair-wax\/","title":{"rendered":"Nose Hair Wax"},"content":{"rendered":"<div class=\"fusion-one-sixth fusion-layout-column fusion-spacing-yes fusion-hide-on-mobile\" style=\"margin-top:0px;margin-bottom:20px;\"><div class=\"fusion-column-wrapper\"><div class=\"fusion-clearfix\"><\/div><\/div><\/div> <div class=\"fusion-one-third fusion-layout-column fusion-spacing-yes\" style=\"margin-top:0px;margin-bottom:20px;\"><div class=\"fusion-column-wrapper\">\n<h5>\u00a1 Desp\u00eddete del vello nasal vergonzoso!<\/h5>\n<div class=\"fusion-sep-clear\"><\/div><div class=\"fusion-separator fusion-full-width-sep sep-none\" style=\"border-color:#e0dede;margin-left: auto;margin-right: auto;margin-top:40px;\"><\/div>\u00a1 <strong>kit r\u00e1pido y f\u00e1cil<\/strong> de la eliminaci\u00f3n del de su pelo de la nariz en cuesti\u00f3n de segundos! De acuerdo con una f\u00f3rmula cuidadosamente dise\u00f1ada, la cera se dirige solamente el pelo alrededor del borde de la fosa nasal, sin afectar a las membranas sensibles de la nariz. Y prometemos&#8230; <strong>\u00a1que no duele!<\/strong> Viene con un bote de 50g de cera de abeja natural. Apto para microondas y 10 palillos de un solo uso como aplicador.\u00a0<div class=\"fusion-clearfix\"><\/div><\/div><\/div> <div class=\"fusion-one-third fusion-layout-column fusion-spacing-yes\" style=\"margin-top:0px;margin-bottom:20px;\"><div class=\"fusion-column-wrapper\">\n<p><img loading=\"lazy\" decoding=\"async\" class=\"aligncenter size-full wp-image-10220\" src=\"http:\/\/belleazul.com\/wp-content\/uploads\/2018\/05\/BA-Nose-Wax-Cinta.png\" alt=\"BA Nose Wax Cinta\" width=\"548\" height=\"706\" srcset=\"https:\/\/belleazul.com\/wp-content\/uploads\/2018\/05\/BA-Nose-Wax-Cinta-120x155.png 120w, https:\/\/belleazul.com\/wp-content\/uploads\/2018\/05\/BA-Nose-Wax-Cinta-200x258.png 200w, https:\/\/belleazul.com\/wp-content\/uploads\/2018\/05\/BA-Nose-Wax-Cinta-233x300.png 233w, https:\/\/belleazul.com\/wp-content\/uploads\/2018\/05\/BA-Nose-Wax-Cinta-400x515.png 400w, https:\/\/belleazul.com\/wp-content\/uploads\/2018\/05\/BA-Nose-Wax-Cinta-500x644.png 500w, https:\/\/belleazul.com\/wp-content\/uploads\/2018\/05\/BA-Nose-Wax-Cinta.png 548w\" sizes=\"(max-width: 548px) 100vw, 548px\" \/><\/p>\n<div class=\"fusion-clearfix\"><\/div><\/div><\/div> <div class=\"fusion-one-sixth fusion-layout-column fusion-column-last fusion-spacing-yes fusion-hide-on-mobile\" style=\"margin-top:0px;margin-bottom:20px;\"><div class=\"fusion-column-wrapper\"><div class=\"fusion-clearfix\"><\/div><\/div><\/div><div class=\"fusion-clearfix\"><\/div>\n<div class=\"fusion-one-half fusion-layout-column fusion-spacing-yes fusion-hide-on-mobile\" style=\"margin-top:0px;margin-bottom:20px;\"><div class=\"fusion-column-wrapper\">\n<p><img loading=\"lazy\" decoding=\"async\" class=\"aligncenter wp-image-10226\" src=\"http:\/\/belleazul.com\/wp-content\/uploads\/2018\/05\/Nose-Wax-How-to-use.jpg\" alt=\"Nose_Wax\" width=\"831\" height=\"831\" srcset=\"https:\/\/belleazul.com\/wp-content\/uploads\/2018\/05\/Nose-Wax-How-to-use-66x66.jpg 66w, https:\/\/belleazul.com\/wp-content\/uploads\/2018\/05\/Nose-Wax-How-to-use-120x120.jpg 120w, https:\/\/belleazul.com\/wp-content\/uploads\/2018\/05\/Nose-Wax-How-to-use-150x150.jpg 150w, https:\/\/belleazul.com\/wp-content\/uploads\/2018\/05\/Nose-Wax-How-to-use-200x200.jpg 200w, https:\/\/belleazul.com\/wp-content\/uploads\/2018\/05\/Nose-Wax-How-to-use-300x300.jpg 300w, https:\/\/belleazul.com\/wp-content\/uploads\/2018\/05\/Nose-Wax-How-to-use-400x400.jpg 400w, https:\/\/belleazul.com\/wp-content\/uploads\/2018\/05\/Nose-Wax-How-to-use-500x500.jpg 500w, https:\/\/belleazul.com\/wp-content\/uploads\/2018\/05\/Nose-Wax-How-to-use.jpg 575w\" sizes=\"(max-width: 831px) 100vw, 831px\" \/><\/p>\n<div class=\"fusion-clearfix\"><\/div><\/div><\/div> <div class=\"fusion-one-half fusion-layout-column fusion-column-last fusion-spacing-yes\" style=\"margin-top:50px;margin-bottom:20px;\"><div class=\"fusion-column-wrapper\">\n<div class=\"fusion-one-third fusion-layout-column fusion-spacing-yes\" style=\"margin-top:0px;margin-bottom:20px;\"><div class=\"fusion-column-wrapper\">\n<div class=\"fusion-clearfix\"><\/div><\/div><\/div> <div class=\"fusion-two-third fusion-layout-column fusion-column-last fusion-spacing-yes\" style=\"margin-top:0px;margin-bottom:20px;\"><div class=\"fusion-column-wrapper\"><span style=\"font-size: 40px; font-weight: 600; color: #ffcc00;\">ARE YOU READY?<\/span><\/p>\n<p><img loading=\"lazy\" decoding=\"async\" class=\"wp-image-10384 alignnone\" src=\"http:\/\/belleazul.com\/wp-content\/uploads\/2018\/05\/Punto-Azul-1.png\" alt=\"\" width=\"11\" height=\"11\" \/> Caliente la cera en el microondas en intervalos de 30 segundos hasta que se derrita por completo.<\/p>\n<p><img loading=\"lazy\" decoding=\"async\" class=\"wp-image-10384 alignnone\" src=\"http:\/\/belleazul.com\/wp-content\/uploads\/2018\/05\/Punto-Azul-1.png\" alt=\"\" width=\"11\" height=\"11\" \/> Sumerja el palo aplicador en la cera.<\/p>\n<p><img loading=\"lazy\" decoding=\"async\" class=\"wp-image-10384 alignnone\" src=\"http:\/\/belleazul.com\/wp-content\/uploads\/2018\/05\/Punto-Azul-1.png\" alt=\"\" width=\"11\" height=\"11\" \/> Cubra con cera s\u00f3lo la punta de la varilla de aplicaci\u00f3n.<\/p>\n<p><img loading=\"lazy\" decoding=\"async\" class=\"wp-image-10384 alignnone\" src=\"http:\/\/belleazul.com\/wp-content\/uploads\/2018\/05\/Punto-Azul-1.png\" alt=\"\" width=\"11\" height=\"11\" \/> Tire firmemente de la piel debajo de la nariz hacia abajo.<\/p>\n<p><img loading=\"lazy\" decoding=\"async\" class=\"wp-image-10384 alignnone\" src=\"http:\/\/belleazul.com\/wp-content\/uploads\/2018\/05\/Punto-Azul-1.png\" alt=\"\" width=\"11\" height=\"11\" \/> Inserte el aplicador en la fosa nasal. No mueva ni gire el palo.<\/p>\n<p><img loading=\"lazy\" decoding=\"async\" class=\"wp-image-10384 alignnone\" src=\"http:\/\/belleazul.com\/wp-content\/uploads\/2018\/05\/Punto-Azul-1.png\" alt=\"\" width=\"11\" height=\"11\" \/> Espere 90 segundos para que la cera se enfr\u00ede. No deje el palillo dentro de la fosa nasal por m\u00e1s de 2 minutos.<\/p>\n<p><img loading=\"lazy\" decoding=\"async\" class=\"wp-image-10384 alignnone\" src=\"http:\/\/belleazul.com\/wp-content\/uploads\/2018\/05\/Punto-Azul-1.png\" alt=\"\" width=\"11\" height=\"11\" \/> Saque el palo con un movimiento r\u00e1pido. Deseche el palo despu\u00e9s de usarlo.<\/p>\n<p><img loading=\"lazy\" decoding=\"async\" class=\"wp-image-10384 alignnone\" src=\"http:\/\/belleazul.com\/wp-content\/uploads\/2018\/05\/Punto-Azul-1.png\" alt=\"\" width=\"11\" height=\"11\" \/> Repita el proceso con la otra fosa nasal.<div class=\"fusion-clearfix\"><\/div><\/div><\/div><div class=\"fusion-clearfix\"><\/div>\n<div class=\"fusion-clearfix\"><\/div><\/div><\/div><div class=\"fusion-clearfix\"><\/div>\n<p><span style=\"font-size: 55px; color: #00bfd7; font-weight: 600;\">COMPLETE YOUR LOOK!<\/span><\/p>\n<h5>You will love it!<\/h5>\n<div class=\"fusion-one-full fusion-layout-column fusion-column-last fusion-spacing-yes fusion-hide-on-mobile\" style=\"margin-top:0px;margin-bottom:20px;\"><div class=\"fusion-column-wrapper\">[rev_slider alias=\u00bbcarrousel-productos\u00bb]<div class=\"fusion-clearfix\"><\/div><\/div><\/div><div class=\"fusion-clearfix\"><\/div><div class=\"fusion-one-full fusion-layout-column fusion-column-last fusion-spacing-yes showonmobile \" style=\"margin-top:0px;margin-bottom:20px;\"><div class=\"fusion-column-wrapper\">[rev_slider alias=\u00bbcarrusel-movil\u00bb]<div class=\"fusion-clearfix\"><\/div><\/div><\/div><div class=\"fusion-clearfix\"><\/div>\n","protected":false},"excerpt":{"rendered":"[fullwidth background_color=\"\" background_image=\"\" background_parallax=\"none\" enable_mobile=\"no\" parallax_speed=\"0.3\" background_repeat=\"no-repeat\" background_position=\"left top\" video_url=\"\" video_aspect_ratio=\"16:9\" video_webm=\"\" video_mp4=\"\" video_ogv=\"\" video_preview_image=\"\" overlay_color=\"\" overlay_opacity=\"0.5\" video_mute=\"yes\" video_loop=\"yes\" fade=\"no\" border_size=\"0px\" border_color=\"\" border_style=\"solid\" padding_top=\"0\" padding_bottom=\"0\" padding_left=\"\" padding_right=\"\" hundred_percent=\"no\" equal_height_columns=\"no\" hide_on_mobile=\"no\" menu_anchor=\"\" class=\"\" id=\"\"][fusion_text]<\/p>\n<h1 style=\"text-align: left;\"><span style=\"font-weight: 400; font-size: 60%;\">Kit natural de depilaci\u00f3n nasal para uso domestico.<br \/>\n<\/span><\/h1>\n<p>[\/fusion_text][\/fullwidth]\n","protected":false},"featured_media":10318,"comment_status":"open","ping_status":"closed","template":"","meta":[],"product_brand":[],"product_cat":[26,51],"product_tag":[],"class_list":{"0":"post-10883","1":"product","2":"type-product","3":"status-publish","4":"has-post-thumbnail","6":"product_cat-cara","7":"product_cat-home-es","9":"first","10":"instock","11":"taxable","12":"shipping-taxable","13":"purchasable","14":"product-type-simple"},"yoast_head":"<!-- This site is optimized with the Yoast SEO plugin v25.6 - https:\/\/yoast.com\/wordpress\/plugins\/seo\/ -->\n<title>Nose Hair Wax - Belle Azul<\/title>\n<meta name=\"robots\" content=\"index, follow, max-snippet:-1, max-image-preview:large, max-video-preview:-1\" \/>\n<link rel=\"canonical\" href=\"https:\/\/belleazul.com\/producto\/nose-hair-wax\/\" \/>\n<meta property=\"og:locale\" content=\"es_ES\" \/>\n<meta property=\"og:type\" content=\"article\" \/>\n<meta property=\"og:title\" content=\"Nose Hair Wax - Belle Azul\" \/>\n<meta property=\"og:url\" content=\"https:\/\/belleazul.com\/producto\/nose-hair-wax\/\" \/>\n<meta property=\"og:site_name\" content=\"Belle Azul\" \/>\n<meta property=\"article:modified_time\" content=\"2024-07-18T18:21:49+00:00\" \/>\n<meta property=\"og:image\" content=\"https:\/\/belleazul.com\/wp-content\/uploads\/2018\/05\/Nose-Wax-Box-Jar-Frente-Web-4-1.png\" \/>\n\t<meta property=\"og:image:width\" content=\"2000\" \/>\n\t<meta property=\"og:image:height\" content=\"2477\" \/>\n\t<meta property=\"og:image:type\" content=\"image\/png\" \/>\n<meta name=\"twitter:card\" content=\"summary_large_image\" \/>\n<meta name=\"twitter:description\" content=\"[fullwidth background_color=&quot;&quot; background_image=&quot;&quot; background_parallax=&quot;none&quot; enable_mobile=&quot;no&quot; parallax_speed=&quot;0.3&quot; background_repeat=&quot;no-repeat&quot; background_position=&quot;left top&quot; video_url=&quot;&quot; video_aspect_ratio=&quot;16:9&quot; video_webm=&quot;&quot; video_mp4=&quot;&quot; video_ogv=&quot;&quot; video_preview_image=&quot;&quot; overlay_color=&quot;&quot; overlay_opacity=&quot;0.5&quot; video_mute=&quot;yes&quot; video_loop=&quot;yes&quot; fade=&quot;no&quot; border_size=&quot;0px&quot; border_color=&quot;&quot; border_style=&quot;solid&quot; padding_top=&quot;0&quot; padding_bottom=&quot;0&quot; padding_left=&quot;&quot; padding_right=&quot;&quot; hundred_percent=&quot;no&quot; equal_height_columns=&quot;no&quot; hide_on_mobile=&quot;no&quot; menu_anchor=&quot;&quot; class=&quot;&quot; id=&quot;&quot;][fusion_text] Kit natural de depilaci\u00f3n nasal para uso domestico.  [\/fusion_text][\/fullwidth]\" \/>\n<meta name=\"twitter:label1\" content=\"Tiempo de lectura\" \/>\n\t<meta name=\"twitter:data1\" content=\"4 minutos\" \/>\n<script type=\"application\/ld+json\" class=\"yoast-schema-graph\">{\"@context\":\"https:\/\/schema.org\",\"@graph\":[{\"@type\":\"WebPage\",\"@id\":\"https:\/\/belleazul.com\/producto\/nose-hair-wax\/\",\"url\":\"https:\/\/belleazul.com\/producto\/nose-hair-wax\/\",\"name\":\"Nose Hair Wax - Belle Azul\",\"isPartOf\":{\"@id\":\"https:\/\/belleazul.com\/#website\"},\"primaryImageOfPage\":{\"@id\":\"https:\/\/belleazul.com\/producto\/nose-hair-wax\/#primaryimage\"},\"image\":{\"@id\":\"https:\/\/belleazul.com\/producto\/nose-hair-wax\/#primaryimage\"},\"thumbnailUrl\":\"https:\/\/belleazul.com\/wp-content\/uploads\/2018\/05\/Nose-Wax-Box-Jar-Frente-Web-4-1.png\",\"datePublished\":\"2018-05-11T10:35:39+00:00\",\"dateModified\":\"2024-07-18T18:21:49+00:00\",\"breadcrumb\":{\"@id\":\"https:\/\/belleazul.com\/producto\/nose-hair-wax\/#breadcrumb\"},\"inLanguage\":\"es\",\"potentialAction\":[{\"@type\":\"ReadAction\",\"target\":[\"https:\/\/belleazul.com\/producto\/nose-hair-wax\/\"]}]},{\"@type\":\"ImageObject\",\"inLanguage\":\"es\",\"@id\":\"https:\/\/belleazul.com\/producto\/nose-hair-wax\/#primaryimage\",\"url\":\"https:\/\/belleazul.com\/wp-content\/uploads\/2018\/05\/Nose-Wax-Box-Jar-Frente-Web-4-1.png\",\"contentUrl\":\"https:\/\/belleazul.com\/wp-content\/uploads\/2018\/05\/Nose-Wax-Box-Jar-Frente-Web-4-1.png\",\"width\":2000,\"height\":2477},{\"@type\":\"BreadcrumbList\",\"@id\":\"https:\/\/belleazul.com\/producto\/nose-hair-wax\/#breadcrumb\",\"itemListElement\":[{\"@type\":\"ListItem\",\"position\":1,\"name\":\"Portada\",\"item\":\"https:\/\/belleazul.com\/es\/\"},{\"@type\":\"ListItem\",\"position\":2,\"name\":\"Our promises\",\"item\":\"https:\/\/belleazul.com\/beauty-values\/\"},{\"@type\":\"ListItem\",\"position\":3,\"name\":\"Nose Hair Wax\"}]},{\"@type\":\"WebSite\",\"@id\":\"https:\/\/belleazul.com\/#website\",\"url\":\"https:\/\/belleazul.com\/\",\"name\":\"Belle Azul\",\"description\":\"Mediterranean Beauty Brand\",\"potentialAction\":[{\"@type\":\"SearchAction\",\"target\":{\"@type\":\"EntryPoint\",\"urlTemplate\":\"https:\/\/belleazul.com\/?s={search_term_string}\"},\"query-input\":{\"@type\":\"PropertyValueSpecification\",\"valueRequired\":true,\"valueName\":\"search_term_string\"}}],\"inLanguage\":\"es\"}]}<\/script>\n<!-- \/ Yoast SEO plugin. -->","yoast_head_json":{"title":"Nose Hair Wax - Belle Azul","robots":{"index":"index","follow":"follow","max-snippet":"max-snippet:-1","max-image-preview":"max-image-preview:large","max-video-preview":"max-video-preview:-1"},"canonical":"https:\/\/belleazul.com\/producto\/nose-hair-wax\/","og_locale":"es_ES","og_type":"article","og_title":"Nose Hair Wax - Belle Azul","og_url":"https:\/\/belleazul.com\/producto\/nose-hair-wax\/","og_site_name":"Belle Azul","article_modified_time":"2024-07-18T18:21:49+00:00","og_image":[{"width":2000,"height":2477,"url":"https:\/\/belleazul.com\/wp-content\/uploads\/2018\/05\/Nose-Wax-Box-Jar-Frente-Web-4-1.png","type":"image\/png"}],"twitter_card":"summary_large_image","twitter_description":"[fullwidth background_color=\"\" background_image=\"\" background_parallax=\"none\" enable_mobile=\"no\" parallax_speed=\"0.3\" background_repeat=\"no-repeat\" background_position=\"left top\" video_url=\"\" video_aspect_ratio=\"16:9\" video_webm=\"\" video_mp4=\"\" video_ogv=\"\" video_preview_image=\"\" overlay_color=\"\" overlay_opacity=\"0.5\" video_mute=\"yes\" video_loop=\"yes\" fade=\"no\" border_size=\"0px\" border_color=\"\" border_style=\"solid\" padding_top=\"0\" padding_bottom=\"0\" padding_left=\"\" padding_right=\"\" hundred_percent=\"no\" equal_height_columns=\"no\" hide_on_mobile=\"no\" menu_anchor=\"\" class=\"\" id=\"\"][fusion_text] Kit natural de depilaci\u00f3n nasal para uso domestico.  [\/fusion_text][\/fullwidth]","twitter_misc":{"Tiempo de lectura":"4 minutos"},"schema":{"@context":"https:\/\/schema.org","@graph":[{"@type":"WebPage","@id":"https:\/\/belleazul.com\/producto\/nose-hair-wax\/","url":"https:\/\/belleazul.com\/producto\/nose-hair-wax\/","name":"Nose Hair Wax - Belle Azul","isPartOf":{"@id":"https:\/\/belleazul.com\/#website"},"primaryImageOfPage":{"@id":"https:\/\/belleazul.com\/producto\/nose-hair-wax\/#primaryimage"},"image":{"@id":"https:\/\/belleazul.com\/producto\/nose-hair-wax\/#primaryimage"},"thumbnailUrl":"https:\/\/belleazul.com\/wp-content\/uploads\/2018\/05\/Nose-Wax-Box-Jar-Frente-Web-4-1.png","datePublished":"2018-05-11T10:35:39+00:00","dateModified":"2024-07-18T18:21:49+00:00","breadcrumb":{"@id":"https:\/\/belleazul.com\/producto\/nose-hair-wax\/#breadcrumb"},"inLanguage":"es","potentialAction":[{"@type":"ReadAction","target":["https:\/\/belleazul.com\/producto\/nose-hair-wax\/"]}]},{"@type":"ImageObject","inLanguage":"es","@id":"https:\/\/belleazul.com\/producto\/nose-hair-wax\/#primaryimage","url":"https:\/\/belleazul.com\/wp-content\/uploads\/2018\/05\/Nose-Wax-Box-Jar-Frente-Web-4-1.png","contentUrl":"https:\/\/belleazul.com\/wp-content\/uploads\/2018\/05\/Nose-Wax-Box-Jar-Frente-Web-4-1.png","width":2000,"height":2477},{"@type":"BreadcrumbList","@id":"https:\/\/belleazul.com\/producto\/nose-hair-wax\/#breadcrumb","itemListElement":[{"@type":"ListItem","position":1,"name":"Portada","item":"https:\/\/belleazul.com\/es\/"},{"@type":"ListItem","position":2,"name":"Our promises","item":"https:\/\/belleazul.com\/beauty-values\/"},{"@type":"ListItem","position":3,"name":"Nose Hair Wax"}]},{"@type":"WebSite","@id":"https:\/\/belleazul.com\/#website","url":"https:\/\/belleazul.com\/","name":"Belle Azul","description":"Mediterranean Beauty Brand","potentialAction":[{"@type":"SearchAction","target":{"@type":"EntryPoint","urlTemplate":"https:\/\/belleazul.com\/?s={search_term_string}"},"query-input":{"@type":"PropertyValueSpecification","valueRequired":true,"valueName":"search_term_string"}}],"inLanguage":"es"}]}},"_links":{"self":[{"href":"https:\/\/belleazul.com\/es\/wp-json\/wp\/v2\/product\/10883"}],"collection":[{"href":"https:\/\/belleazul.com\/es\/wp-json\/wp\/v2\/product"}],"about":[{"href":"https:\/\/belleazul.com\/es\/wp-json\/wp\/v2\/types\/product"}],"replies":[{"embeddable":true,"href":"https:\/\/belleazul.com\/es\/wp-json\/wp\/v2\/comments?post=10883"}],"wp:featuredmedia":[{"embeddable":true,"href":"https:\/\/belleazul.com\/es\/wp-json\/wp\/v2\/media\/10318"}],"wp:attachment":[{"href":"https:\/\/belleazul.com\/es\/wp-json\/wp\/v2\/media?parent=10883"}],"wp:term":[{"taxonomy":"product_brand","embeddable":true,"href":"https:\/\/belleazul.com\/es\/wp-json\/wp\/v2\/product_brand?post=10883"},{"taxonomy":"product_cat","embeddable":true,"href":"https:\/\/belleazul.com\/es\/wp-json\/wp\/v2\/product_cat?post=10883"},{"taxonomy":"product_tag","embeddable":true,"href":"https:\/\/belleazul.com\/es\/wp-json\/wp\/v2\/product_tag?post=10883"}],"curies":[{"name":"wp","href":"https:\/\/api.w.org\/{rel}","templated":true}]}}