{"id":5266,"date":"2017-07-04T15:20:10","date_gmt":"2017-07-04T15:20:10","guid":{"rendered":"http:\/\/belleazul.com\/es\/shipping-returns-policy\/"},"modified":"2017-11-15T15:35:29","modified_gmt":"2017-11-15T15:35:29","slug":"politicas-envio-devolucion","status":"publish","type":"page","link":"https:\/\/belleazul.com\/es\/politicas-envio-devolucion\/","title":{"rendered":"Pol\u00edticas de env\u00edo y devoluci\u00f3n"},"content":{"rendered":"<div class=\"fusion-one-sixth fusion-layout-column fusion-spacing-yes\" style=\"margin-top:0px;margin-bottom:20px;\"><div class=\"fusion-column-wrapper\"><div class=\"fusion-clearfix\"><\/div><\/div><\/div><div class=\"fusion-two-third fusion-layout-column fusion-spacing-yes\" style=\"margin-top:0px;margin-bottom:20px;\"><div class=\"fusion-column-wrapper\"><h1 style=\"text-align: justify;\">Pol\u00edticas de env\u00edo y devoluci\u00f3n<\/h1>\n<p>&nbsp;<\/p>\n<p style=\"text-align: justify;\"><strong>Precios y gastos de env\u00edo<\/strong><\/p>\n<p style=\"text-align: justify;\">Los precios de los productos que aparecen en la web <a href=\"http:\/\/belleazul.com\">www.belleazul.com<\/a> incluyen el IVA (Impuesto sobre el Valor A\u00f1adido) aplicable a la fecha en que se realiza el pedido. Las ofertas y promociones estar\u00e1n debidamente marcadas e identificadas, indicando el precio anterior y el de la oferta o promoci\u00f3n.<\/p>\n<p style=\"text-align: justify;\">Los precios expresados en el portal web no incluyen los costes de env\u00edo, que ser\u00e1n facturados aparte y que pueden variar seg\u00fan el destino. Estos costes ser\u00e1n especificados al cliente del sitio web antes de confirmar su pedido y cuando se valide definitivamente.<\/p>\n<p style=\"text-align: justify;\">El usuario del portal web acepta el derecho de Beauty Solutions SL de modificar sus precios en cualquier momento, facturando los productos en base a las tarifas en vigor en el momento en que se registra el pedido, conforme con la disponibilidad de los productos.<\/p>\n<p style=\"text-align: justify;\">Salvo que se existan circunstancias derivadas de la personalizaci\u00f3n de los productos, o se produzcan circunstancias imprevistas o pa\u00eds de destino: Espa\u00f1a: 2-3 d\u00edas laborables, Europa: 4-5 d\u00edas laborables, Internacional: 7-10 d\u00edas laborables, y en todo caso, en el plazo m\u00e1ximo de 30 d\u00edas a contar desde la fecha de la Confirmaci\u00f3n de Pedido.<\/p>\n<p style=\"text-align: justify;\"><strong>Formas de pago<\/strong><\/p>\n<p style=\"text-align: justify;\">Los pagos en el portal web se pueden realizar a trav\u00e9s de tarjeta bancaria (cr\u00e9dito o d\u00e9bito) o a trav\u00e9s de PayPal. El cobro en su tarjeta bancaria se realizar\u00e1 una vez se haya finalizado el pedido e introducido todos los datos correspondientes. El cobro a trav\u00e9s de PayPal se realizar\u00e1 una vez que el usuario haya introducido todos sus datos y haya hecho click en el bot\u00f3n aceptar del sistema de PayPal.<\/p>\n<p style=\"text-align: justify;\">El pago mediante tarjeta de cr\u00e9dito es totalmente seguro. La totalidad de la transacci\u00f3n se realiza de forma cifrada a trav\u00e9s de un servidor de validaci\u00f3n bancaria utiliz\u00e1ndose el protocolo de encriptaci\u00f3n SSL (Secure Socket Layer), as\u00ed pues, el n\u00famero de tu tarjeta de cr\u00e9dito y la fecha de caducidad quedan instant\u00e1neamente encriptados en tu ordenador antes de ser enviados al protocolo SSL. Nadie podr\u00e1 hacer uso de tus datos sin tu autorizaci\u00f3n, puesto que la informaci\u00f3n es ilegible. Para una mayor seguridad, estos datos no quedan almacenados en nuestro servidor, por lo cual deber\u00e1s comunicarnos toda la informaci\u00f3n con cada nuevo pedido.<\/p>\n<p style=\"text-align: justify;\">Los usuarios del sitio web ingresar\u00e1n:<\/p>\n<p style=\"text-align: justify;\">&#8211; N\u00famero de la tarjeta de cr\u00e9dito o d\u00e9bito,<br \/>\n&#8211; La fecha de vencimiento,<br \/>\n&#8211; El nombre completo del titular de la tarjeta,<br \/>\n&#8211; El c\u00f3digo de seguridad de 3 d\u00edgitos que se encuentra en la parte posterior de la tarjeta.<\/p>\n<p style=\"text-align: justify;\">Al seleccionar PayPal como medio de pago, el usuario ser\u00e1 redirigido autom\u00e1ticamente a la p\u00e1gina de PayPal para proceder con el pago. Beauty Solutions SL no se hace responsable del contenido de sitios externos.<\/p>\n<p style=\"text-align: justify;\">Beauty Solutions se reserva el derecho de rechazar todos los pedidos o entregas en los siguientes casos:<\/p>\n<p style=\"text-align: justify;\">&#8211; si se ha producido un conflicto existente con el comprador; en caso de falta total o parcial de un pago de un pedido anterior por parte del comprador.<br \/>\n&#8211; si las organizaciones bancarias rechazan la autorizaci\u00f3n de pago de la tarjeta de cr\u00e9dito\/d\u00e9bito.<br \/>\n&#8211; en caso de que no se realice el pago total o parcialmente.<\/p>\n<p style=\"text-align: justify;\"><strong>Devoluciones<\/strong><\/p>\n<p style=\"text-align: justify;\">Los productos cosm\u00e9ticos (crema, maquillaje, loci\u00f3n, gel, champ\u00fa, s\u00e9rum, labiales, m\u00e1scara, etc.) solo se pueden devolver si no se han abierto y en su envase original por cuestiones higi\u00e9nicas. Lamentablemente, no podemos recoger envases, tubos, tarros, cajas o botes abiertos. Beauty Solutions SL se reserva el derecho de rechazar aquellos art\u00edculos que el cliente haya usado o que haya da\u00f1ado.<\/p>\n<p style=\"text-align: justify;\">Los t\u00e9rminos y condiciones generales se aplicar\u00e1n a todos los productos enviados. Consulta<\/p>\n<p style=\"text-align: justify;\">Beauty Solutions SL asume toda la responsabilidad por productos defectuosos. Si el cliente recibe un producto con alg\u00fan defecto de f\u00e1brica, debe contactarnos v\u00eda email o tel\u00e9fono, en el plazo m\u00e1ximo de catorce (14) d\u00edas de realizado el pedido, indicando con detalle el defecto del producto y adjuntando el siguiente formulario.<\/p>\n<p style=\"text-align: justify;\">Tras recibir el formulario nuestro servicio de atenci\u00f3n al cliente registrar\u00e1 tu devoluci\u00f3n y recibir\u00e1s un email en un plazo de 5 d\u00edas laborales con las indicaciones para realizar la devoluci\u00f3n o cambio del producto.<\/p>\n<p style=\"text-align: justify;\"><strong>FORMULARIO DE DEVOLUCI\u00d3N<\/strong><\/p>\n<p style=\"text-align: justify;\">N\u00famero de env\u00edo:<\/p>\n<p style=\"text-align: justify;\">Fecha de recepci\u00f3n:<\/p>\n<p style=\"text-align: justify;\">Motivo de la devoluci\u00f3n: (detallar exactamente el defecto de f\u00e1brica del producto)<\/p>\n<p style=\"text-align: justify;\">Nombre:<\/p>\n<p style=\"text-align: justify;\">Apellido:<\/p>\n<p style=\"text-align: justify;\">Tel\u00e9fono:<\/p>\n<p style=\"text-align: justify;\">Direcci\u00f3n:<\/p>\n<p style=\"text-align: justify;\">Ciudad:<\/p>\n<p style=\"text-align: justify;\">C\u00f3digo Postal:<\/p>\n<p style=\"text-align: justify;\">Pa\u00eds:<\/p>\n<p style=\"text-align: justify;\">Email:<\/p>\n<div class=\"fusion-clearfix\"><\/div><\/div><\/div><div class=\"fusion-one-sixth fusion-layout-column fusion-column-last fusion-spacing-yes\" style=\"margin-top:0px;margin-bottom:20px;\"><div class=\"fusion-column-wrapper\"><div class=\"fusion-clearfix\"><\/div><\/div><\/div><div class=\"fusion-clearfix\"><\/div>\n","protected":false},"excerpt":{"rendered":"","protected":false},"author":65,"featured_media":0,"parent":0,"menu_order":0,"comment_status":"closed","ping_status":"closed","template":"","meta":{"footnotes":""},"class_list":["post-5266","page","type-page","status-publish","hentry"],"yoast_head":"<!-- This site is optimized with the Yoast SEO plugin v25.6 - https:\/\/yoast.com\/wordpress\/plugins\/seo\/ -->\n<title>Pol\u00edticas de env\u00edo y devoluci\u00f3n - Belle Azul<\/title>\n<meta name=\"robots\" content=\"index, follow, max-snippet:-1, max-image-preview:large, max-video-preview:-1\" \/>\n<link rel=\"canonical\" href=\"https:\/\/belleazul.com\/shipping-returns-policy\/\" \/>\n<meta property=\"og:locale\" content=\"es_ES\" \/>\n<meta property=\"og:type\" content=\"article\" \/>\n<meta property=\"og:title\" content=\"Pol\u00edticas de env\u00edo y devoluci\u00f3n - Belle Azul\" \/>\n<meta property=\"og:url\" content=\"https:\/\/belleazul.com\/shipping-returns-policy\/\" \/>\n<meta property=\"og:site_name\" content=\"Belle Azul\" \/>\n<meta property=\"article:modified_time\" content=\"2017-11-15T15:35:29+00:00\" \/>\n<meta name=\"twitter:card\" content=\"summary_large_image\" \/>\n<meta name=\"twitter:label1\" content=\"Tiempo de lectura\" \/>\n\t<meta name=\"twitter:data1\" content=\"5 minutos\" \/>\n<script type=\"application\/ld+json\" class=\"yoast-schema-graph\">{\"@context\":\"https:\/\/schema.org\",\"@graph\":[{\"@type\":\"WebPage\",\"@id\":\"https:\/\/belleazul.com\/shipping-returns-policy\/\",\"url\":\"https:\/\/belleazul.com\/shipping-returns-policy\/\",\"name\":\"Pol\u00edticas de env\u00edo y devoluci\u00f3n - Belle Azul\",\"isPartOf\":{\"@id\":\"https:\/\/belleazul.com\/#website\"},\"datePublished\":\"2017-07-04T15:20:10+00:00\",\"dateModified\":\"2017-11-15T15:35:29+00:00\",\"breadcrumb\":{\"@id\":\"https:\/\/belleazul.com\/shipping-returns-policy\/#breadcrumb\"},\"inLanguage\":\"es\",\"potentialAction\":[{\"@type\":\"ReadAction\",\"target\":[\"https:\/\/belleazul.com\/shipping-returns-policy\/\"]}]},{\"@type\":\"BreadcrumbList\",\"@id\":\"https:\/\/belleazul.com\/shipping-returns-policy\/#breadcrumb\",\"itemListElement\":[{\"@type\":\"ListItem\",\"position\":1,\"name\":\"Portada\",\"item\":\"https:\/\/belleazul.com\/es\/\"},{\"@type\":\"ListItem\",\"position\":2,\"name\":\"Pol\u00edticas de env\u00edo y devoluci\u00f3n\"}]},{\"@type\":\"WebSite\",\"@id\":\"https:\/\/belleazul.com\/#website\",\"url\":\"https:\/\/belleazul.com\/\",\"name\":\"Belle Azul\",\"description\":\"Mediterranean Beauty Brand\",\"potentialAction\":[{\"@type\":\"SearchAction\",\"target\":{\"@type\":\"EntryPoint\",\"urlTemplate\":\"https:\/\/belleazul.com\/?s={search_term_string}\"},\"query-input\":{\"@type\":\"PropertyValueSpecification\",\"valueRequired\":true,\"valueName\":\"search_term_string\"}}],\"inLanguage\":\"es\"}]}<\/script>\n<!-- \/ Yoast SEO plugin. -->","yoast_head_json":{"title":"Pol\u00edticas de env\u00edo y devoluci\u00f3n - Belle Azul","robots":{"index":"index","follow":"follow","max-snippet":"max-snippet:-1","max-image-preview":"max-image-preview:large","max-video-preview":"max-video-preview:-1"},"canonical":"https:\/\/belleazul.com\/shipping-returns-policy\/","og_locale":"es_ES","og_type":"article","og_title":"Pol\u00edticas de env\u00edo y devoluci\u00f3n - Belle Azul","og_url":"https:\/\/belleazul.com\/shipping-returns-policy\/","og_site_name":"Belle Azul","article_modified_time":"2017-11-15T15:35:29+00:00","twitter_card":"summary_large_image","twitter_misc":{"Tiempo de lectura":"5 minutos"},"schema":{"@context":"https:\/\/schema.org","@graph":[{"@type":"WebPage","@id":"https:\/\/belleazul.com\/shipping-returns-policy\/","url":"https:\/\/belleazul.com\/shipping-returns-policy\/","name":"Pol\u00edticas de env\u00edo y devoluci\u00f3n - Belle Azul","isPartOf":{"@id":"https:\/\/belleazul.com\/#website"},"datePublished":"2017-07-04T15:20:10+00:00","dateModified":"2017-11-15T15:35:29+00:00","breadcrumb":{"@id":"https:\/\/belleazul.com\/shipping-returns-policy\/#breadcrumb"},"inLanguage":"es","potentialAction":[{"@type":"ReadAction","target":["https:\/\/belleazul.com\/shipping-returns-policy\/"]}]},{"@type":"BreadcrumbList","@id":"https:\/\/belleazul.com\/shipping-returns-policy\/#breadcrumb","itemListElement":[{"@type":"ListItem","position":1,"name":"Portada","item":"https:\/\/belleazul.com\/es\/"},{"@type":"ListItem","position":2,"name":"Pol\u00edticas de env\u00edo y devoluci\u00f3n"}]},{"@type":"WebSite","@id":"https:\/\/belleazul.com\/#website","url":"https:\/\/belleazul.com\/","name":"Belle Azul","description":"Mediterranean Beauty Brand","potentialAction":[{"@type":"SearchAction","target":{"@type":"EntryPoint","urlTemplate":"https:\/\/belleazul.com\/?s={search_term_string}"},"query-input":{"@type":"PropertyValueSpecification","valueRequired":true,"valueName":"search_term_string"}}],"inLanguage":"es"}]}},"_links":{"self":[{"href":"https:\/\/belleazul.com\/es\/wp-json\/wp\/v2\/pages\/5266"}],"collection":[{"href":"https:\/\/belleazul.com\/es\/wp-json\/wp\/v2\/pages"}],"about":[{"href":"https:\/\/belleazul.com\/es\/wp-json\/wp\/v2\/types\/page"}],"author":[{"embeddable":true,"href":"https:\/\/belleazul.com\/es\/wp-json\/wp\/v2\/users\/65"}],"replies":[{"embeddable":true,"href":"https:\/\/belleazul.com\/es\/wp-json\/wp\/v2\/comments?post=5266"}],"version-history":[{"count":5,"href":"https:\/\/belleazul.com\/es\/wp-json\/wp\/v2\/pages\/5266\/revisions"}],"predecessor-version":[{"id":5271,"href":"https:\/\/belleazul.com\/es\/wp-json\/wp\/v2\/pages\/5266\/revisions\/5271"}],"wp:attachment":[{"href":"https:\/\/belleazul.com\/es\/wp-json\/wp\/v2\/media?parent=5266"}],"curies":[{"name":"wp","href":"https:\/\/api.w.org\/{rel}","templated":true}]}}