{"id":3035,"date":"2016-10-25T11:23:25","date_gmt":"2016-10-25T11:23:25","guid":{"rendered":"http:\/\/belleazul.com\/es\/legal-notice\/"},"modified":"2017-11-15T15:35:26","modified_gmt":"2017-11-15T15:35:26","slug":"aviso-legal","status":"publish","type":"page","link":"https:\/\/belleazul.com\/es\/aviso-legal\/","title":{"rendered":"Aviso Legal"},"content":{"rendered":"<div class=\"fusion-fullwidth fullwidth-box fusion-fullwidth-1  fusion-parallax-none nonhundred-percent-fullwidth fusion-hide-on-mobile\" style=\"border-color:#eae9e9;border-bottom-width: 0px;border-top-width: 0px;border-bottom-style: solid;border-top-style: solid;padding-bottom:10px;padding-top:10px;padding-left:;padding-right:;background-color:rgba(255,255,255,0);\"><style type=\"text\/css\" scoped=\"scoped\">.fusion-fullwidth-1 {\n                            padding-left: px !important;\n                            padding-right: px !important;\n                        }<\/style><div class=\"fusion-row\"><\/div><\/div><div class=\"fusion-fullwidth fullwidth-box fusion-fullwidth-2  fusion-parallax-none nonhundred-percent-fullwidth\" style=\"border-color:#eae9e9;border-bottom-width: 0px;border-top-width: 0px;border-bottom-style: solid;border-top-style: solid;padding-bottom:20px;padding-top:20px;padding-left:;padding-right:;background-color:rgba(255,255,255,0);\"><style type=\"text\/css\" scoped=\"scoped\">.fusion-fullwidth-2 {\n                            padding-left: px !important;\n                            padding-right: px !important;\n                        }<\/style><div class=\"fusion-row\"><h1 style=\"text-align: center;\"><span style=\"font-weight: 400; font-size: 90%;\">Aviso Legal<\/span><\/h1>\n<div class=\"fusion-sep-clear\"><\/div><div class=\"fusion-separator fusion-full-width-sep sep-none\" style=\"border-color:#e0dede;margin-left: auto;margin-right: auto;margin-top:10px;margin-bottom:10px;\"><\/div><\/div><\/div><div class=\"fusion-fullwidth fullwidth-box fusion-fullwidth-3  fusion-parallax-none nonhundred-percent-fullwidth\" style=\"border-color:#eae9e9;border-bottom-width: 0px;border-top-width: 0px;border-bottom-style: solid;border-top-style: solid;padding-bottom:0px;padding-top:0px;padding-left:;padding-right:;background-color:rgba(255,255,255,0);\"><style type=\"text\/css\" scoped=\"scoped\">.fusion-fullwidth-3 {\n                            padding-left: px !important;\n                            padding-right: px !important;\n                        }<\/style><div class=\"fusion-row\"><div class=\"fusion-one-sixth fusion-layout-column fusion-spacing-yes\" style=\"margin-top:0px;margin-bottom:20px;\"><div class=\"fusion-column-wrapper\"><div class=\"fusion-clearfix\"><\/div><\/div><\/div><div class=\"fusion-two-third fusion-layout-column fusion-spacing-yes\" style=\"margin-top:0px;margin-bottom:20px;\"><div class=\"fusion-column-wrapper\"><p>En virtud de la Ley 15\/1999, de 13 de diciembre, sobre la Protecci\u00f3n de Datos de car\u00e1cter personal, le hacemos conocedor de que sus datos personales que pueden estar en esta comunicaci\u00f3n, est\u00e1n incorporados en un fichero responsabilidad de la empresa mercantil\u00a0<strong>BEAUTY SOLUTIONS SL<\/strong>, CIF:\u00a0<strong>B66237850<\/strong>, inscrita en el Registro Mercantil de Barcelona, en el Tomo 44245, Folio 188, Hoja N\u00famero B-450.822, Inscripci\u00f3n primero el d\u00eda 2 de abril 2014. La finalidad de este fichero es gestionar el servicio solicitado.<\/p>\n<p>El usuario garantiza la autenticidad de todos aquellos datos que comunique a trav\u00e9s de\u00a0<strong>www.<\/strong><strong>belleazul.com\u00a0<\/strong>y mantendr\u00e1 actualizada la informaci\u00f3n que facilite a\u00a0<strong>BEAUTY SOLUTIONS SL<\/strong>, de forma que responda en todo momento a su situaci\u00f3n real, siendo el \u00fanico responsable de las manifestaciones falsas o inexactas que realice, as\u00ed como de los perjuicios que cause por ello a\u00a0<strong>BEAUTY SOLUTIONS SL<\/strong>\u00a0o a terceros.<\/p>\n<p><strong>BEAUTY SOLUTIONS SL<\/strong>\u00a0no puede asumir ninguna responsabilidad derivada del uso incorrecto, inapropiado o il\u00edcito de la informaci\u00f3n aparecida en las p\u00e1ginas de Internet de\u00a0<strong>BEAUTY SOLUTIONS SL<\/strong><\/p>\n<p>Con los l\u00edmites establecidos en la ley,\u00a0<strong>BEAUTY SOLUTIONS SL<\/strong>\u00a0no asume ninguna responsabilidad derivada de la falta de veracidad, integridad, actualizaci\u00f3n y precisi\u00f3n de los datos o informaciones que se contienen en sus p\u00e1ginas de Internet. Los contenidos e informaci\u00f3n de las p\u00e1ginas de Internet de\u00a0<strong>BEAUTY SOLUTIONS SL<\/strong>\u00a0est\u00e1n elaborados por profesionales debidamente cualificados para el ejercicio de su profesi\u00f3n. Sin embargo, los contenidos e informaci\u00f3n no vinculan a la susodicha, ni constituyen opiniones, consejos o asesoramiento legal de ning\u00fan tipo, pues se trata meramente de un servicio ofrecido con car\u00e1cter informativo y divulgativo.<\/p>\n<p>Las p\u00e1ginas de Internet de\u00a0<strong>BEAUTY SOLUTIONS SL<\/strong>\u00a0pueden contener enlaces (links) a otras p\u00e1ginas de terceros. Por lo tanto,\u00a0<strong>BEAUTY SOLUTIONS SL<\/strong>\u00a0no podr\u00e1 asumir responsabilidades por el contenido que pueda aparecer en p\u00e1ginas de terceros. Los textos, im\u00e1genes, sonidos, animaciones, software y el resto de contenidos incluidos en este website son propiedad exclusiva de\u00a0<strong>BEAUTY SOLUTIONS SL<\/strong>\u00a0o sus licenciantes. Cualquier acto de transmisi\u00f3n, distribuci\u00f3n, cesi\u00f3n, reproducci\u00f3n, almacenamiento o comunicaci\u00f3n p\u00fablica total o parcial, debe contar con el consentimiento expreso de <strong>BEAUTY SOLUTIONS SL<\/strong><\/p>\n<p>Asimismo, para acceder a los servicios que\u00a0<strong>BEAUTY SOLUTIONS SL<\/strong>\u00a0ofrece a trav\u00e9s del website, deber\u00e1 proporcionar algunos datos de car\u00e1cter personal. En cumplimiento de lo establecido en la LOPD 15\/1999, de 13 de diciembre, le informamos que sus datos personales quedar\u00e1n incorporados y ser\u00e1n tratados en los ficheros de\u00a0<strong>BEAUTY SOLUTIONS SL<\/strong>, con el fin de poderle prestar y ofrecer nuestros servicios. Asimismo, le informamos de la posibilidad de que ejerza los derechos de acceso, rectificaci\u00f3n, cancelaci\u00f3n y oposici\u00f3n de sus datos de car\u00e1cter personal, en\u00a0<strong>BEAUTY SOLUTIONS SL, 286 Valencia, Entlo. Barcelona<\/strong>, o bien, enviar un correo electr\u00f3nico a <strong>info@belleazul.com.<\/strong><\/p>\n<p>Su aceptaci\u00f3n al presente Aviso Legal tambi\u00e9n supone la prestaci\u00f3n de su consentimiento expreso para que\u00a0<strong>BEAUTY SOLUTIONS SL\u00a0<\/strong>pueda remitirle comunicaciones publicitarias o promocionales por correo electr\u00f3nico u otro medio de comunicaci\u00f3n equivalente, en los t\u00e9rminos establecidos por la Ley 34\/2002, de Servicios de la Sociedad de la Informaci\u00f3n y de Comercio Electr\u00f3nico. En el supuesto de no estar interesado en recibir este tipo de comunicaciones puede dirigirse a\u00a0<strong>BEAUTY SOLUTIONS SL,\u00a0<\/strong>a la direcci\u00f3n anteriormente indicada o al correo electr\u00f3nico\u00a0<strong>info@belleazul.com, <\/strong>manifestando su voluntad.<\/p>\n<p>Mediante la cumplimentaci\u00f3n y env\u00edo de los correspondientes formularios de esta web, el Usuario acepta y autoriza que sus datos personales sean objeto de tratamiento automatizado por parte de\u00a0<strong>BEAUTY SOLUTIONS SL<\/strong>. En caso que Ud. incluya en los formularios de esta web, datos de car\u00e1cter personal titularidad de terceras personas deber\u00e1, con car\u00e1cter previo a su inclusi\u00f3n, obtener su consentimiento e informarle de los extremos contenidos en los p\u00e1rrafos anteriores.<\/p>\n<p>&nbsp;<\/p>\n<p><strong><u>PROPIEDAD INTELECTUAL<\/u><\/strong><\/p>\n<p>Los contenidos suministrados por\u00a0<strong>BEAUTY SOLUTIONS SL<\/strong>\u00a0est\u00e1n sujetos a los derechos de propiedad intelectual e industrial y son titularidad exclusiva de\u00a0<strong>BEAUTY SOLUTIONS SL<\/strong>\u00a0o de las personas f\u00edsicas o jur\u00eddicas que se informe. Mediante la adquisici\u00f3n de un producto o servicio,\u00a0<strong>BEAUTY SOLUTIONS SL <\/strong>no confiere al adquirente ning\u00fan derecho de alteraci\u00f3n, explotaci\u00f3n, reproducci\u00f3n, distribuci\u00f3n o comunicaci\u00f3n p\u00fablica sobre el mismo, reserv\u00e1ndose\u00a0<strong>BEAUTY SOLUTIONS SL<\/strong>\u00a0todos estos derechos. La cesi\u00f3n de los citados derechos precisar\u00e1 el previo consentimiento por escrito por parte del titular de los mismos, de manera que el cliente no podr\u00e1 poner a disposici\u00f3n de terceras personas dichos contenidos.<\/p>\n<p>La propiedad intelectual se extiende, adem\u00e1s del contenido incluido en\u00a0<strong>BEAUTY SOLUTIONS SL<\/strong>, a sus gr\u00e1ficos, logotipos, dise\u00f1os, im\u00e1genes y c\u00f3digos fuente utilizado para su programaci\u00f3n.<\/p>\n<p><strong>BEAUTY SOLUTIONS SL<\/strong>\u00a0ha obtenido la Informaci\u00f3n y los materiales incluidos en la web de fuentes consideradas como fiables y, si bien se han tomado medidas razonables para asegurarse de que la informaci\u00f3n contenida sea la correcta,\u00a0<strong>BEAUTY SOLUTIONS SL<\/strong>\u00a0no puede garantizar que en todo momento y circunstancia dicha informaci\u00f3n sea exacta, completa, actualizada y, consecuentemente, no debe confiarse en ella como si lo fuera.\u00a0<strong>BEAUTY SOLUTIONS SL<\/strong>\u00a0declina expresamente cualquier responsabilidad por error u omisi\u00f3n en la Informaci\u00f3n contenida en las p\u00e1ginas de esta web.<\/p>\n<p><strong>BEAUTY SOLUTIONS SL<\/strong>\u00a0se reserva la facultad de modificar, suspender, cancelar o restringir el contenido de la web, los v\u00ednculos o la informaci\u00f3n obtenida a trav\u00e9s de ella, sin necesidad de previo aviso. \u00c9sta, en ning\u00fan caso, asume responsabilidad alguna como consecuencia de la incorrecta utilizaci\u00f3n de la web que pueda llevar a cabo el usuario, tanto de la informaci\u00f3n como de los servicios en ella contenidos.<\/p>\n<p>En ning\u00fan caso\u00a0<strong>BEAUTY SOLUTIONS SL,<\/strong>\u00a0sus sucursales y\/o centros de trabajo, sus directores y\/o apoderados, empleados y, en general, el personal autorizado ser\u00e1n responsables de cualquier tipo de perjuicio, p\u00e9rdidas, reclamaciones o gastos de ning\u00fan tipo, tanto si proceden, directa o indirectamente, del uso y\/o difusi\u00f3n de la web o de la Informaci\u00f3n adquirida o accedida por o a trav\u00e9s de \u00e9sta, o de sus virus inform\u00e1ticos, de fallos operativos o de interrupciones en el servicio o transmisi\u00f3n o de fallos en la l\u00ednea en el uso de la web, tanto por conexi\u00f3n directa como por v\u00ednculo u otro medio, constituyendo a todos los efectos legales un aviso a cualquier usuario de que estas posibilidades y eventos pueden ocurrir.<\/p>\n<p><strong>BEAUTY SOLUTIONS SL<\/strong>\u00a0no se hace responsable de las webs no propias a las que se pueda acceder mediante v\u00ednculos o enlaces (\u201clinks\u201d) o de cualquier contenido puesto a disposici\u00f3n de terceros. Cualquier uso de un v\u00ednculo o acceso a una web no propia ser\u00e1 realizado por voluntad y a riesgo y ventura exclusiva del usuario.\u00a0<strong>BEAUTY SOLUTIONS SL<\/strong>\u00a0no recomienda ni garantiza ninguna de la\/s Informaci\u00f3n\/es obtenida\/s por o a trav\u00e9s de un v\u00ednculo, ni se responsabiliza de ninguna p\u00e9rdida, reclamaci\u00f3n o perjuicio derivado del uso o mal uso de un v\u00ednculo, o de la Informaci\u00f3n obtenida a trav\u00e9s de \u00e9l, incluyendo otros v\u00ednculos o webs, de la interrupci\u00f3n en el servicio o en el acceso, o del intento de usar o usar mal un v\u00ednculo, tanto al conectar a la web de\u00a0<strong>BEAUTY SOLUTIONS SL<\/strong>\u00a0como al acceder a la informaci\u00f3n de otras webs desde la misma.<\/p>\n<p>&nbsp;<\/p>\n<p><strong><u>PROPIEDAD INDUSTRIAL E INTELECTUAL<\/u><\/strong><\/p>\n<p>Esta web es propiedad de\u00a0<strong>BEAUTY SOLUTIONS SL<\/strong>\u00a0Los derechos de Propiedad Intelectual y derechos de explotaci\u00f3n y reproducci\u00f3n de esta web, de sus p\u00e1ginas, pantallas, la Informaci\u00f3n que contienen, su apariencia y dise\u00f1o, as\u00ed como los v\u00ednculos (\u201chiperlinks\u201d) que se establezcan desde ella a otras p\u00e1ginas web de cualquier sociedad filial y\/o dominada de\u00a0<strong>BEAUTY SOLUTIONS SL<\/strong>, son propiedad exclusiva de \u00e9sta, salvo que expresamente se especifique otra cosa. Cualquier denominaci\u00f3n, dise\u00f1o y\/o logotipo, as\u00ed como cualquier producto o servicio ofrecidos y reflejados en esta p\u00e1gina web, son marcas debidamente registradas por\u00a0<strong>BEAUTY SOLUTIONS SL<\/strong>, por sus sociedades filiales y\/o dominadas o por terceros. Cualquier uso indebido de las mismas por personas diferentes de su leg\u00edtimo titular y sin el consentimiento expreso e inequ\u00edvoco por parte de \u00e9ste podr\u00e1 ser denunciado y perseguido a trav\u00e9s de todos los medio legales existentes en el Ordenamiento Jur\u00eddico espa\u00f1ol y\/o comunitario.<\/p>\n<p>Los derechos de propiedad intelectual y marcas de terceros est\u00e1n destacados convenientemente y deben ser respetados por todo aqu\u00e9l que acceda a esta p\u00e1gina, no siendo responsabilidad de\u00a0<strong>BEAUTY SOLUTIONS SL<\/strong>\u00a0el uso que el usuario pueda llevar a cabo al respecto, recayendo la responsabilidad exclusiva en su persona.<\/p>\n<p>S\u00f3lo para uso personal y privado se permite descargar los contenidos, copiar o imprimir cualquier p\u00e1gina de esta web. Queda prohibido reproducir, transmitir, modificar o suprimir la informaci\u00f3n, contenido o advertencias de esta web sin la previa autorizaci\u00f3n por escrito de\u00a0<strong>BEAUTY SOLUTIONS SL<\/strong><\/p>\n<p>&nbsp;<\/p>\n<p><strong><u>LEY APLICABLE Y JURISDICCION<\/u><\/strong><\/p>\n<p>Las presentes condiciones generales se rigen por la Legislaci\u00f3n espa\u00f1ola, siendo competentes los Juzgados y Tribunales espa\u00f1oles para conocer de cuantas cuestiones se susciten sobre la interpretaci\u00f3n, aplicaci\u00f3n e cumplimiento de las mismas. El usuario, por virtud de su aceptaci\u00f3n a las condiciones generales recogidas en este aviso legal, renuncia expresamente a cualquier fuero que, por aplicaci\u00f3n de la Ley de Enjuiciamiento Civil vigente pudiera corresponderle.<\/p>\n<p>&nbsp;<\/p>\n<div class=\"fusion-clearfix\"><\/div><\/div><\/div><div class=\"fusion-one-sixth fusion-layout-column fusion-column-last fusion-spacing-yes\" style=\"margin-top:0px;margin-bottom:20px;\"><div class=\"fusion-column-wrapper\"><div class=\"fusion-clearfix\"><\/div><\/div><\/div><div class=\"fusion-clearfix\"><\/div><\/div><\/div>\n","protected":false},"excerpt":{"rendered":"","protected":false},"author":65,"featured_media":0,"parent":0,"menu_order":0,"comment_status":"closed","ping_status":"closed","template":"100-width.php","meta":{"footnotes":""},"class_list":["post-3035","page","type-page","status-publish","hentry"],"yoast_head":"<!-- This site is optimized with the Yoast SEO plugin v25.6 - https:\/\/yoast.com\/wordpress\/plugins\/seo\/ -->\n<title>Belle Azul | Legal Terms<\/title>\n<meta name=\"robots\" content=\"index, follow, max-snippet:-1, max-image-preview:large, max-video-preview:-1\" \/>\n<link rel=\"canonical\" href=\"https:\/\/belleazul.com\/legal-notice\/\" \/>\n<meta property=\"og:locale\" content=\"es_ES\" \/>\n<meta property=\"og:type\" content=\"article\" \/>\n<meta property=\"og:title\" content=\"Belle Azul | Legal Terms\" \/>\n<meta property=\"og:url\" content=\"https:\/\/belleazul.com\/legal-notice\/\" \/>\n<meta property=\"og:site_name\" content=\"Belle Azul\" \/>\n<meta property=\"article:modified_time\" content=\"2017-11-15T15:35:26+00:00\" \/>\n<meta name=\"twitter:card\" content=\"summary_large_image\" \/>\n<meta name=\"twitter:label1\" content=\"Tiempo de lectura\" \/>\n\t<meta name=\"twitter:data1\" content=\"10 minutos\" \/>\n<script type=\"application\/ld+json\" class=\"yoast-schema-graph\">{\"@context\":\"https:\/\/schema.org\",\"@graph\":[{\"@type\":\"WebPage\",\"@id\":\"https:\/\/belleazul.com\/legal-notice\/\",\"url\":\"https:\/\/belleazul.com\/legal-notice\/\",\"name\":\"Belle Azul | Legal Terms\",\"isPartOf\":{\"@id\":\"https:\/\/belleazul.com\/#website\"},\"datePublished\":\"2016-10-25T11:23:25+00:00\",\"dateModified\":\"2017-11-15T15:35:26+00:00\",\"breadcrumb\":{\"@id\":\"https:\/\/belleazul.com\/legal-notice\/#breadcrumb\"},\"inLanguage\":\"es\",\"potentialAction\":[{\"@type\":\"ReadAction\",\"target\":[\"https:\/\/belleazul.com\/legal-notice\/\"]}]},{\"@type\":\"BreadcrumbList\",\"@id\":\"https:\/\/belleazul.com\/legal-notice\/#breadcrumb\",\"itemListElement\":[{\"@type\":\"ListItem\",\"position\":1,\"name\":\"Portada\",\"item\":\"https:\/\/belleazul.com\/es\/\"},{\"@type\":\"ListItem\",\"position\":2,\"name\":\"Aviso Legal\"}]},{\"@type\":\"WebSite\",\"@id\":\"https:\/\/belleazul.com\/#website\",\"url\":\"https:\/\/belleazul.com\/\",\"name\":\"Belle Azul\",\"description\":\"Mediterranean Beauty Brand\",\"potentialAction\":[{\"@type\":\"SearchAction\",\"target\":{\"@type\":\"EntryPoint\",\"urlTemplate\":\"https:\/\/belleazul.com\/?s={search_term_string}\"},\"query-input\":{\"@type\":\"PropertyValueSpecification\",\"valueRequired\":true,\"valueName\":\"search_term_string\"}}],\"inLanguage\":\"es\"}]}<\/script>\n<!-- \/ Yoast SEO plugin. -->","yoast_head_json":{"title":"Belle Azul | Legal Terms","robots":{"index":"index","follow":"follow","max-snippet":"max-snippet:-1","max-image-preview":"max-image-preview:large","max-video-preview":"max-video-preview:-1"},"canonical":"https:\/\/belleazul.com\/legal-notice\/","og_locale":"es_ES","og_type":"article","og_title":"Belle Azul | Legal Terms","og_url":"https:\/\/belleazul.com\/legal-notice\/","og_site_name":"Belle Azul","article_modified_time":"2017-11-15T15:35:26+00:00","twitter_card":"summary_large_image","twitter_misc":{"Tiempo de lectura":"10 minutos"},"schema":{"@context":"https:\/\/schema.org","@graph":[{"@type":"WebPage","@id":"https:\/\/belleazul.com\/legal-notice\/","url":"https:\/\/belleazul.com\/legal-notice\/","name":"Belle Azul | Legal Terms","isPartOf":{"@id":"https:\/\/belleazul.com\/#website"},"datePublished":"2016-10-25T11:23:25+00:00","dateModified":"2017-11-15T15:35:26+00:00","breadcrumb":{"@id":"https:\/\/belleazul.com\/legal-notice\/#breadcrumb"},"inLanguage":"es","potentialAction":[{"@type":"ReadAction","target":["https:\/\/belleazul.com\/legal-notice\/"]}]},{"@type":"BreadcrumbList","@id":"https:\/\/belleazul.com\/legal-notice\/#breadcrumb","itemListElement":[{"@type":"ListItem","position":1,"name":"Portada","item":"https:\/\/belleazul.com\/es\/"},{"@type":"ListItem","position":2,"name":"Aviso Legal"}]},{"@type":"WebSite","@id":"https:\/\/belleazul.com\/#website","url":"https:\/\/belleazul.com\/","name":"Belle Azul","description":"Mediterranean Beauty Brand","potentialAction":[{"@type":"SearchAction","target":{"@type":"EntryPoint","urlTemplate":"https:\/\/belleazul.com\/?s={search_term_string}"},"query-input":{"@type":"PropertyValueSpecification","valueRequired":true,"valueName":"search_term_string"}}],"inLanguage":"es"}]}},"_links":{"self":[{"href":"https:\/\/belleazul.com\/es\/wp-json\/wp\/v2\/pages\/3035"}],"collection":[{"href":"https:\/\/belleazul.com\/es\/wp-json\/wp\/v2\/pages"}],"about":[{"href":"https:\/\/belleazul.com\/es\/wp-json\/wp\/v2\/types\/page"}],"author":[{"embeddable":true,"href":"https:\/\/belleazul.com\/es\/wp-json\/wp\/v2\/users\/65"}],"replies":[{"embeddable":true,"href":"https:\/\/belleazul.com\/es\/wp-json\/wp\/v2\/comments?post=3035"}],"version-history":[{"count":2,"href":"https:\/\/belleazul.com\/es\/wp-json\/wp\/v2\/pages\/3035\/revisions"}],"predecessor-version":[{"id":3037,"href":"https:\/\/belleazul.com\/es\/wp-json\/wp\/v2\/pages\/3035\/revisions\/3037"}],"wp:attachment":[{"href":"https:\/\/belleazul.com\/es\/wp-json\/wp\/v2\/media?parent=3035"}],"curies":[{"name":"wp","href":"https:\/\/api.w.org\/{rel}","templated":true}]}}