{"id":9101,"date":"2017-08-01T17:05:17","date_gmt":"2017-08-01T17:05:17","guid":{"rendered":"http:\/\/belleazul.com\/de\/product\/dual-foot-cleanser\/"},"modified":"2018-01-16T11:44:00","modified_gmt":"2018-01-16T11:44:00","slug":"dual-foot-cleanser","status":"publish","type":"product","link":"https:\/\/belleazul.com\/de\/produkt\/dual-foot-cleanser\/","title":{"rendered":"Dual Foot Cleanser"},"content":{"rendered":"<div class=\"fusion-one-sixth fusion-layout-column fusion-spacing-yes fusion-hide-on-mobile\" style=\"margin-top:0px;margin-bottom:20px;\"><div class=\"fusion-column-wrapper\"><div class=\"fusion-clearfix\"><\/div><\/div><\/div> <div class=\"fusion-one-third fusion-layout-column fusion-spacing-yes\" style=\"margin-top:0px;margin-bottom:20px;\"><div class=\"fusion-column-wrapper\">\n<h5>Keine Ausreden mehr f\u00fcr ungepflegte F\u00fc\u00dfe!<\/h5>\n<div class=\"fusion-sep-clear\"><\/div><div class=\"fusion-separator fusion-full-width-sep sep-none\" style=\"border-color:#e0dede;margin-left: auto;margin-right: auto;margin-top:40px;\"><\/div>Schluss mit den Ausreden f\u00fcr trockene F\u00fc\u00dfe \u2013 mit unserer 2-in-1 Fu\u00dfpflege! Das erfrischende Gel in Kombination mit dem integrierten Bimsstein reinigt nicht nur, sondern entfernt zus\u00e4tzlich st\u00f6rende Hautschuppen sowie Hornhaut und sorgt f\u00fcr weiche und gepflegte F\u00fc\u00dfe. <div class=\"fusion-clearfix\"><\/div><\/div><\/div> <div class=\"fusion-one-third fusion-layout-column fusion-spacing-yes\" style=\"margin-top:0px;margin-bottom:20px;\"><div class=\"fusion-column-wrapper\"><img loading=\"lazy\" decoding=\"async\" class=\"aligncenter size-full wp-image-5624\" src=\"http:\/\/belleazul.com\/wp-content\/uploads\/2017\/09\/DUAL-FOOT-CLEANSER.png\" alt=\"Captura de pantalla 2017-07-26 a las 13.20.35\" width=\"499\" height=\"623\" \/><div class=\"fusion-clearfix\"><\/div><\/div><\/div> <div class=\"fusion-one-sixth fusion-layout-column fusion-column-last fusion-spacing-yes fusion-hide-on-mobile\" style=\"margin-top:0px;margin-bottom:20px;\"><div class=\"fusion-column-wrapper\"><div class=\"fusion-clearfix\"><\/div><\/div><\/div><div class=\"fusion-clearfix\"><\/div>\n<div class=\"fusion-one-half fusion-layout-column fusion-spacing-yes fusion-hide-on-mobile\" style=\"margin-top:0px;margin-bottom:20px;\"><div class=\"fusion-column-wrapper\"><img loading=\"lazy\" decoding=\"async\" class=\"aligncenter size-full wp-image-5634\" src=\"http:\/\/belleazul.com\/wp-content\/uploads\/2017\/10\/dr-nail.png\" alt=\"bs_cream_scene\" width=\"575\" height=\"831\" \/><div class=\"fusion-clearfix\"><\/div><\/div><\/div> <div class=\"fusion-one-half fusion-layout-column fusion-column-last fusion-spacing-yes\" style=\"margin-top:50px;margin-bottom:20px;\"><div class=\"fusion-column-wrapper\">\n<div class=\"fusion-one-third fusion-layout-column fusion-spacing-yes\" style=\"margin-top:0px;margin-bottom:20px;\"><div class=\"fusion-column-wrapper\"><img loading=\"lazy\" decoding=\"async\" class=\"aligncenter size-full wp-image-5639\" src=\"http:\/\/belleazul.com\/wp-content\/uploads\/2017\/07\/bullet_1.png\" alt=\"bullet_1\" width=\"148\" height=\"143\" srcset=\"https:\/\/belleazul.com\/wp-content\/uploads\/2017\/07\/bullet_1-120x116.png 120w, https:\/\/belleazul.com\/wp-content\/uploads\/2017\/07\/bullet_1.png 148w\" sizes=\"(max-width: 148px) 100vw, 148px\" \/><div class=\"fusion-clearfix\"><\/div><\/div><\/div> <div class=\"fusion-two-third fusion-layout-column fusion-column-last fusion-spacing-yes\" style=\"margin-top:0px;margin-bottom:20px;\"><div class=\"fusion-column-wrapper\"><span style=\"font-size: 40px; font-weight: 600;\">Teebaum\u00f6l:<\/span><br \/>\nDieses \u00e4therische \u00d6l wirkt antiseptisch, antimykotisch, sowie antibakteriell und hilft das Bakterium f\u00fcr h\u00e4ufige Infektionen einschlie\u00dflich Nagelpilz und Fu\u00dfpilz zu bek\u00e4mpfen. <div class=\"fusion-clearfix\"><\/div><\/div><\/div><div class=\"fusion-clearfix\"><\/div>\n<div class=\"fusion-one-third fusion-layout-column fusion-spacing-yes\" style=\"margin-top:0px;margin-bottom:20px;\"><div class=\"fusion-column-wrapper\"><img loading=\"lazy\" decoding=\"async\" class=\"aligncenter size-full wp-image-5644\" src=\"http:\/\/belleazul.com\/wp-content\/uploads\/2017\/07\/bullet_2.png\" alt=\"bullet_2\" width=\"148\" height=\"143\" srcset=\"https:\/\/belleazul.com\/wp-content\/uploads\/2017\/07\/bullet_2-120x116.png 120w, https:\/\/belleazul.com\/wp-content\/uploads\/2017\/07\/bullet_2.png 148w\" sizes=\"(max-width: 148px) 100vw, 148px\" \/><div class=\"fusion-clearfix\"><\/div><\/div><\/div> <div class=\"fusion-two-third fusion-layout-column fusion-column-last fusion-spacing-yes\" style=\"margin-top:0px;margin-bottom:20px;\"><div class=\"fusion-column-wrapper\"><span style=\"font-size: 40px; font-weight: 600;\">Pfefferminz:<\/span><br \/>\nHinterl\u00e4sst ein belebendes und erfrischendes Gef\u00fchl und unterst\u00fctzt dabei, K\u00f6rpergeruch zu bek\u00e4mpfen.<div class=\"fusion-clearfix\"><\/div><\/div><\/div><div class=\"fusion-clearfix\"><\/div>\n<div class=\"fusion-one-third fusion-layout-column fusion-spacing-yes\" style=\"margin-top:0px;margin-bottom:20px;\"><div class=\"fusion-column-wrapper\"><img loading=\"lazy\" decoding=\"async\" class=\"aligncenter size-full wp-image-5649\" src=\"http:\/\/belleazul.com\/wp-content\/uploads\/2017\/07\/bullet_3.png\" alt=\"bullet_3\" width=\"148\" height=\"143\" srcset=\"https:\/\/belleazul.com\/wp-content\/uploads\/2017\/07\/bullet_3-120x116.png 120w, https:\/\/belleazul.com\/wp-content\/uploads\/2017\/07\/bullet_3.png 148w\" sizes=\"(max-width: 148px) 100vw, 148px\" \/><div class=\"fusion-clearfix\"><\/div><\/div><\/div> <div class=\"fusion-two-third fusion-layout-column fusion-column-last fusion-spacing-yes\" style=\"margin-top:0px;margin-bottom:20px;\"><div class=\"fusion-column-wrapper\"><span style=\"font-size: 40px; font-weight: 600;\">Organisches Argan\u00f6l &#8211; zertifiziert durch ECOCERT:<\/span><br \/>\nArgan\u00f6l ist reich an Vitamin E und essentiellen Fetts\u00e4uren und dringt tief in die Dermis ein, um den Feuchtigkeitsgehalt zu f\u00fcllen, Unebenheiten auszugleichen, sowie die Haut vor \u00e4u\u00dferen Einfl\u00fcssen zu sch\u00fctzen. Als nat\u00fcrliches Antioxidans hilft es gegen vorzeitige Hautalterung vorzugehen und unterst\u00fctzt die Haut ihre Festigkeit zu erhalten.<div class=\"fusion-clearfix\"><\/div><\/div><\/div><div class=\"fusion-clearfix\"><\/div> <div class=\"fusion-clearfix\"><\/div><\/div><\/div><div class=\"fusion-clearfix\"><\/div>\n<p><span style=\"font-size: 55px; color: #00bfd7; font-weight: 600;\">COMPLETE YOUR LOOK!<\/span><\/p>\n<h5>You will love it!<\/h5>\n<div class=\"fusion-one-full fusion-layout-column fusion-column-last fusion-spacing-yes fusion-hide-on-mobile\" style=\"margin-top:0px;margin-bottom:20px;\"><div class=\"fusion-column-wrapper\">[rev_slider alias=&#8221;carrousel-productos&#8221;]<div class=\"fusion-clearfix\"><\/div><\/div><\/div><div class=\"fusion-clearfix\"><\/div><div class=\"fusion-one-full fusion-layout-column fusion-column-last fusion-spacing-yes showonmobile \" style=\"margin-top:0px;margin-bottom:20px;\"><div class=\"fusion-column-wrapper\">[rev_slider alias=&#8221;carrusel-movil&#8221;]<div class=\"fusion-clearfix\"><\/div><\/div><\/div><div class=\"fusion-clearfix\"><\/div>\n","protected":false},"excerpt":{"rendered":"[fullwidth background_color=\"\" background_image=\"\" background_parallax=\"none\" enable_mobile=\"no\" parallax_speed=\"0.3\" background_repeat=\"no-repeat\" background_position=\"left top\" video_url=\"\" video_aspect_ratio=\"16:9\" video_webm=\"\" video_mp4=\"\" video_ogv=\"\" video_preview_image=\"\" overlay_color=\"\" overlay_opacity=\"0.5\" video_mute=\"yes\" video_loop=\"yes\" fade=\"no\" border_size=\"0px\" border_color=\"\" border_style=\"solid\" padding_top=\"0\" padding_bottom=\"0\" padding_left=\"\" padding_right=\"\" hundred_percent=\"no\" equal_height_columns=\"no\" hide_on_mobile=\"no\" menu_anchor=\"\" class=\"\" id=\"\"][fusion_text]<\/p>\n<h1 style=\"text-align: left;\"><span style=\"font-weight: 400; font-size: 60%;\">2-in-1 Fu\u00dfpflege mit integriertem Bimsstein und feuchtigkeitsspendendem Reinigungsgel f\u00fcr weiche F\u00fc\u00dfe<br \/>\n<\/span><\/h1>\n<p>[\/fusion_text][\/fullwidth]\n","protected":false},"featured_media":6661,"comment_status":"open","ping_status":"closed","template":"","meta":[],"product_brand":[],"product_cat":[20],"product_tag":[],"class_list":{"0":"post-9101","1":"product","2":"type-product","3":"status-publish","4":"has-post-thumbnail","6":"product_cat-korper","8":"first","9":"instock","10":"taxable","11":"shipping-taxable","12":"purchasable","13":"product-type-simple"},"yoast_head":"<!-- This site is optimized with the Yoast SEO plugin v25.6 - https:\/\/yoast.com\/wordpress\/plugins\/seo\/ -->\n<title>Dual Foot Cleanser - Belle Azul<\/title>\n<meta name=\"robots\" content=\"index, follow, max-snippet:-1, max-image-preview:large, max-video-preview:-1\" \/>\n<link rel=\"canonical\" href=\"https:\/\/belleazul.com\/produkt\/dual-foot-cleanser\/\" \/>\n<meta property=\"og:locale\" content=\"de_DE\" \/>\n<meta property=\"og:type\" content=\"article\" \/>\n<meta property=\"og:title\" content=\"Dual Foot Cleanser - Belle Azul\" \/>\n<meta property=\"og:url\" content=\"https:\/\/belleazul.com\/produkt\/dual-foot-cleanser\/\" \/>\n<meta property=\"og:site_name\" content=\"Belle Azul\" \/>\n<meta property=\"article:modified_time\" content=\"2018-01-16T11:44:00+00:00\" \/>\n<meta property=\"og:image\" content=\"https:\/\/belleazul.com\/wp-content\/uploads\/2017\/08\/BA_DUAL-FOOT-CLEANSER_CAJA-TUBO.png\" \/>\n\t<meta property=\"og:image:width\" content=\"685\" \/>\n\t<meta property=\"og:image:height\" content=\"1220\" \/>\n\t<meta property=\"og:image:type\" content=\"image\/png\" \/>\n<meta name=\"twitter:card\" content=\"summary_large_image\" \/>\n<meta name=\"twitter:description\" content=\"[fullwidth background_color=&quot;&quot; background_image=&quot;&quot; background_parallax=&quot;none&quot; enable_mobile=&quot;no&quot; parallax_speed=&quot;0.3&quot; background_repeat=&quot;no-repeat&quot; background_position=&quot;left top&quot; video_url=&quot;&quot; video_aspect_ratio=&quot;16:9&quot; video_webm=&quot;&quot; video_mp4=&quot;&quot; video_ogv=&quot;&quot; video_preview_image=&quot;&quot; overlay_color=&quot;&quot; overlay_opacity=&quot;0.5&quot; video_mute=&quot;yes&quot; video_loop=&quot;yes&quot; fade=&quot;no&quot; border_size=&quot;0px&quot; border_color=&quot;&quot; border_style=&quot;solid&quot; padding_top=&quot;0&quot; padding_bottom=&quot;0&quot; padding_left=&quot;&quot; padding_right=&quot;&quot; hundred_percent=&quot;no&quot; equal_height_columns=&quot;no&quot; hide_on_mobile=&quot;no&quot; menu_anchor=&quot;&quot; class=&quot;&quot; id=&quot;&quot;][fusion_text] 2-in-1 Fu\u00dfpflege mit integriertem Bimsstein und feuchtigkeitsspendendem Reinigungsgel f\u00fcr weiche F\u00fc\u00dfe  [\/fusion_text][\/fullwidth]\" \/>\n<meta name=\"twitter:label1\" content=\"Est. reading time\" \/>\n\t<meta name=\"twitter:data1\" content=\"5 minutes\" \/>\n<script type=\"application\/ld+json\" class=\"yoast-schema-graph\">{\"@context\":\"https:\/\/schema.org\",\"@graph\":[{\"@type\":\"WebPage\",\"@id\":\"https:\/\/belleazul.com\/produkt\/dual-foot-cleanser\/\",\"url\":\"https:\/\/belleazul.com\/produkt\/dual-foot-cleanser\/\",\"name\":\"Dual Foot Cleanser - Belle Azul\",\"isPartOf\":{\"@id\":\"https:\/\/belleazul.com\/#website\"},\"primaryImageOfPage\":{\"@id\":\"https:\/\/belleazul.com\/produkt\/dual-foot-cleanser\/#primaryimage\"},\"image\":{\"@id\":\"https:\/\/belleazul.com\/produkt\/dual-foot-cleanser\/#primaryimage\"},\"thumbnailUrl\":\"https:\/\/belleazul.com\/wp-content\/uploads\/2017\/08\/BA_DUAL-FOOT-CLEANSER_CAJA-TUBO.png\",\"datePublished\":\"2017-08-01T17:05:17+00:00\",\"dateModified\":\"2018-01-16T11:44:00+00:00\",\"breadcrumb\":{\"@id\":\"https:\/\/belleazul.com\/produkt\/dual-foot-cleanser\/#breadcrumb\"},\"inLanguage\":\"de-DE\",\"potentialAction\":[{\"@type\":\"ReadAction\",\"target\":[\"https:\/\/belleazul.com\/produkt\/dual-foot-cleanser\/\"]}]},{\"@type\":\"ImageObject\",\"inLanguage\":\"de-DE\",\"@id\":\"https:\/\/belleazul.com\/produkt\/dual-foot-cleanser\/#primaryimage\",\"url\":\"https:\/\/belleazul.com\/wp-content\/uploads\/2017\/08\/BA_DUAL-FOOT-CLEANSER_CAJA-TUBO.png\",\"contentUrl\":\"https:\/\/belleazul.com\/wp-content\/uploads\/2017\/08\/BA_DUAL-FOOT-CLEANSER_CAJA-TUBO.png\",\"width\":685,\"height\":1220},{\"@type\":\"BreadcrumbList\",\"@id\":\"https:\/\/belleazul.com\/produkt\/dual-foot-cleanser\/#breadcrumb\",\"itemListElement\":[{\"@type\":\"ListItem\",\"position\":1,\"name\":\"Home\",\"item\":\"https:\/\/belleazul.com\/de\/\"},{\"@type\":\"ListItem\",\"position\":2,\"name\":\"Our promises\",\"item\":\"https:\/\/belleazul.com\/beauty-values\/\"},{\"@type\":\"ListItem\",\"position\":3,\"name\":\"Dual Foot Cleanser\"}]},{\"@type\":\"WebSite\",\"@id\":\"https:\/\/belleazul.com\/#website\",\"url\":\"https:\/\/belleazul.com\/\",\"name\":\"Belle Azul\",\"description\":\"Mediterranean Beauty Brand\",\"potentialAction\":[{\"@type\":\"SearchAction\",\"target\":{\"@type\":\"EntryPoint\",\"urlTemplate\":\"https:\/\/belleazul.com\/?s={search_term_string}\"},\"query-input\":{\"@type\":\"PropertyValueSpecification\",\"valueRequired\":true,\"valueName\":\"search_term_string\"}}],\"inLanguage\":\"de-DE\"}]}<\/script>\n<!-- \/ Yoast SEO plugin. -->","yoast_head_json":{"title":"Dual Foot Cleanser - Belle Azul","robots":{"index":"index","follow":"follow","max-snippet":"max-snippet:-1","max-image-preview":"max-image-preview:large","max-video-preview":"max-video-preview:-1"},"canonical":"https:\/\/belleazul.com\/produkt\/dual-foot-cleanser\/","og_locale":"de_DE","og_type":"article","og_title":"Dual Foot Cleanser - Belle Azul","og_url":"https:\/\/belleazul.com\/produkt\/dual-foot-cleanser\/","og_site_name":"Belle Azul","article_modified_time":"2018-01-16T11:44:00+00:00","og_image":[{"width":685,"height":1220,"url":"https:\/\/belleazul.com\/wp-content\/uploads\/2017\/08\/BA_DUAL-FOOT-CLEANSER_CAJA-TUBO.png","type":"image\/png"}],"twitter_card":"summary_large_image","twitter_description":"[fullwidth background_color=\"\" background_image=\"\" background_parallax=\"none\" enable_mobile=\"no\" parallax_speed=\"0.3\" background_repeat=\"no-repeat\" background_position=\"left top\" video_url=\"\" video_aspect_ratio=\"16:9\" video_webm=\"\" video_mp4=\"\" video_ogv=\"\" video_preview_image=\"\" overlay_color=\"\" overlay_opacity=\"0.5\" video_mute=\"yes\" video_loop=\"yes\" fade=\"no\" border_size=\"0px\" border_color=\"\" border_style=\"solid\" padding_top=\"0\" padding_bottom=\"0\" padding_left=\"\" padding_right=\"\" hundred_percent=\"no\" equal_height_columns=\"no\" hide_on_mobile=\"no\" menu_anchor=\"\" class=\"\" id=\"\"][fusion_text] 2-in-1 Fu\u00dfpflege mit integriertem Bimsstein und feuchtigkeitsspendendem Reinigungsgel f\u00fcr weiche F\u00fc\u00dfe  [\/fusion_text][\/fullwidth]","twitter_misc":{"Est. reading time":"5 minutes"},"schema":{"@context":"https:\/\/schema.org","@graph":[{"@type":"WebPage","@id":"https:\/\/belleazul.com\/produkt\/dual-foot-cleanser\/","url":"https:\/\/belleazul.com\/produkt\/dual-foot-cleanser\/","name":"Dual Foot Cleanser - Belle Azul","isPartOf":{"@id":"https:\/\/belleazul.com\/#website"},"primaryImageOfPage":{"@id":"https:\/\/belleazul.com\/produkt\/dual-foot-cleanser\/#primaryimage"},"image":{"@id":"https:\/\/belleazul.com\/produkt\/dual-foot-cleanser\/#primaryimage"},"thumbnailUrl":"https:\/\/belleazul.com\/wp-content\/uploads\/2017\/08\/BA_DUAL-FOOT-CLEANSER_CAJA-TUBO.png","datePublished":"2017-08-01T17:05:17+00:00","dateModified":"2018-01-16T11:44:00+00:00","breadcrumb":{"@id":"https:\/\/belleazul.com\/produkt\/dual-foot-cleanser\/#breadcrumb"},"inLanguage":"de-DE","potentialAction":[{"@type":"ReadAction","target":["https:\/\/belleazul.com\/produkt\/dual-foot-cleanser\/"]}]},{"@type":"ImageObject","inLanguage":"de-DE","@id":"https:\/\/belleazul.com\/produkt\/dual-foot-cleanser\/#primaryimage","url":"https:\/\/belleazul.com\/wp-content\/uploads\/2017\/08\/BA_DUAL-FOOT-CLEANSER_CAJA-TUBO.png","contentUrl":"https:\/\/belleazul.com\/wp-content\/uploads\/2017\/08\/BA_DUAL-FOOT-CLEANSER_CAJA-TUBO.png","width":685,"height":1220},{"@type":"BreadcrumbList","@id":"https:\/\/belleazul.com\/produkt\/dual-foot-cleanser\/#breadcrumb","itemListElement":[{"@type":"ListItem","position":1,"name":"Home","item":"https:\/\/belleazul.com\/de\/"},{"@type":"ListItem","position":2,"name":"Our promises","item":"https:\/\/belleazul.com\/beauty-values\/"},{"@type":"ListItem","position":3,"name":"Dual Foot Cleanser"}]},{"@type":"WebSite","@id":"https:\/\/belleazul.com\/#website","url":"https:\/\/belleazul.com\/","name":"Belle Azul","description":"Mediterranean Beauty Brand","potentialAction":[{"@type":"SearchAction","target":{"@type":"EntryPoint","urlTemplate":"https:\/\/belleazul.com\/?s={search_term_string}"},"query-input":{"@type":"PropertyValueSpecification","valueRequired":true,"valueName":"search_term_string"}}],"inLanguage":"de-DE"}]}},"_links":{"self":[{"href":"https:\/\/belleazul.com\/de\/wp-json\/wp\/v2\/product\/9101"}],"collection":[{"href":"https:\/\/belleazul.com\/de\/wp-json\/wp\/v2\/product"}],"about":[{"href":"https:\/\/belleazul.com\/de\/wp-json\/wp\/v2\/types\/product"}],"replies":[{"embeddable":true,"href":"https:\/\/belleazul.com\/de\/wp-json\/wp\/v2\/comments?post=9101"}],"wp:featuredmedia":[{"embeddable":true,"href":"https:\/\/belleazul.com\/de\/wp-json\/wp\/v2\/media\/6661"}],"wp:attachment":[{"href":"https:\/\/belleazul.com\/de\/wp-json\/wp\/v2\/media?parent=9101"}],"wp:term":[{"taxonomy":"product_brand","embeddable":true,"href":"https:\/\/belleazul.com\/de\/wp-json\/wp\/v2\/product_brand?post=9101"},{"taxonomy":"product_cat","embeddable":true,"href":"https:\/\/belleazul.com\/de\/wp-json\/wp\/v2\/product_cat?post=9101"},{"taxonomy":"product_tag","embeddable":true,"href":"https:\/\/belleazul.com\/de\/wp-json\/wp\/v2\/product_tag?post=9101"}],"curies":[{"name":"wp","href":"https:\/\/api.w.org\/{rel}","templated":true}]}}