{"id":8847,"date":"2017-08-01T15:53:58","date_gmt":"2017-08-01T15:53:58","guid":{"rendered":"http:\/\/belleazul.com\/de\/beauty-buzz\/"},"modified":"2018-01-17T09:22:21","modified_gmt":"2018-01-17T09:22:21","slug":"beauty-buzz","status":"publish","type":"page","link":"https:\/\/belleazul.com\/de\/beauty-buzz\/","title":{"rendered":"Beauty Buzz"},"content":{"rendered":"<div class=\"fusion-fullwidth fullwidth-box fusion-fullwidth-1  fusion-parallax-none hundred-percent-fullwidth\" style=\"border-color:#eae9e9;border-bottom-width: 0px;border-top-width: 0px;border-bottom-style: solid;border-top-style: solid;padding-bottom:0px;padding-top:600px;padding-left:0px;padding-right:0px;background-color:rgba(255,255,255,0);background-position:center center;background-repeat:no-repeat;-webkit-background-size:cover;-moz-background-size:cover;-o-background-size:cover;background-size:cover;-ms-filter: &quot;progid:DXImageTransform.Microsoft.AlphaImageLoader(src=&#039;http:\/\/belleazul.com\/wp-content\/uploads\/2017\/07\/HEADER-BLOG-1.jpg&#039;, sizingMethod=&#039;scale&#039;)&quot;;background-image: url(http:\/\/belleazul.com\/wp-content\/uploads\/2017\/07\/HEADER-BLOG-1.jpg);\"><style type=\"text\/css\" scoped=\"scoped\">.fusion-fullwidth-1 {\n                            padding-left: 0px !important;\n                            padding-right: 0px !important;\n                        }<\/style><div class=\"fusion-row\"><\/div><\/div><div class=\"fusion-one-third fusion-layout-column fusion-spacing-yes\" style=\"margin-top:0px;margin-bottom:20px;\"><div class=\"fusion-column-wrapper\"><div class=\"fusion-clearfix\"><\/div><\/div><\/div><div class=\"fusion-one-third fusion-layout-column fusion-spacing-yes\" style=\"margin-top:0px;margin-bottom:20px;\"><div class=\"fusion-column-wrapper\"><div class=\"fusion-sep-clear\"><\/div><div class=\"fusion-separator fusion-full-width-sep sep-none\" style=\"border-color:#e0dede;margin-left: auto;margin-right: auto;margin-top:40px;margin-bottom:40px;\"><\/div><h5>Hello beauties!<\/h5>\n<p class=\"p1\">In der Beauty-Welt gibt es unendlich viele M\u00f6glichkeiten, wie man von innen heraus toll aussehen und sich fabelhaft  f\u00fchlen kann. Beauty Buzz sorgt daf\u00fcr, dass Sie es immer richtig machen.<br \/>\nFinden Sie die neusten Beauty-Hacks, Tipps &#038; Tricks, Do &#038; Dont&#8217;s sowie Ratschl\u00e4ge f\u00fcr 1 nicer gesunder Lifestyle.<\/p>\n<div class=\"fusion-clearfix\"><\/div><\/div><\/div><div class=\"fusion-one-third fusion-layout-column fusion-column-last fusion-spacing-yes\" style=\"margin-top:0px;margin-bottom:20px;\"><div class=\"fusion-column-wrapper\"><div class=\"fusion-clearfix\"><\/div><\/div><\/div><div class=\"fusion-clearfix\"><\/div><div class=\"fusion-fullwidth fullwidth-box fusion-fullwidth-2  fusion-parallax-none nonhundred-percent-fullwidth\" style=\"border-color:#eae9e9;border-bottom-width: 0px;border-top-width: 0px;border-bottom-style: solid;border-top-style: solid;padding-bottom:20px;padding-top:80px;padding-left:;padding-right:;background-color:rgba(255,255,255,0);\"><style type=\"text\/css\" scoped=\"scoped\">.fusion-fullwidth-2 {\n                            padding-left: px !important;\n                            padding-right: px !important;\n                        }<\/style><div class=\"fusion-row\"><div class=\"fusion-recent-posts avada-container layout-default layout-columns-3 imgblog\"><section class=\"fusion-columns columns fusion-columns-3 columns-3\"><div class=\"fusion-column column col col-lg-4 col-md-4 col-sm-4\"><div class=\"fusion-flexslider flexslider flexslider-hover-type-none\"><ul class=\"slides\"><li><a href=\"https:\/\/belleazul.com\/de\/what-causes-heavy-legs-how-can-we-treat-them\/\" class=\"hover-type-none\"><img decoding=\"async\" src=\"https:\/\/belleazul.com\/wp-content\/uploads\/2018\/08\/pexels-photo-839605-700x441.jpeg\" alt=\"\" \/><\/a><\/li><\/ul><\/div><div class=\"recent-posts-content\">\n\t\n\t\t\t<span class=\"vcard\" style=\"display: none;\">\n\t\t\t<span class=\"fn\">\n\t\t\t\t<a href=\"https:\/\/belleazul.com\/de\/author\/tomerfargmail-com\/\" title=\"Posts by Tomer Farkas\" rel=\"author\">Tomer Farkas<\/a>\t\t\t<\/span>\n\t\t<\/span>\n\t\n\t\t\t<span class=\"updated\" style=\"display:none;\">\n\t\t\t2018-08-17T11:18:45+00:00\t\t<\/span>\n\t\n<h4 class=\"entry-title\"><a href=\"https:\/\/belleazul.com\/de\/what-causes-heavy-legs-how-can-we-treat-them\/\">What Causes Heavy Legs and How Can We Treat Them?<\/a><\/h4><\/div><\/div><div class=\"fusion-column column col col-lg-4 col-md-4 col-sm-4\"><div class=\"fusion-flexslider flexslider flexslider-hover-type-none\"><ul class=\"slides\"><li><a href=\"https:\/\/belleazul.com\/de\/calorie-intake-how-many-calories-consume-day\/\" class=\"hover-type-none\"><img decoding=\"async\" src=\"https:\/\/belleazul.com\/wp-content\/uploads\/2018\/07\/belly-body-calories-diet-42069-700x441.jpeg\" alt=\"\" \/><\/a><\/li><\/ul><\/div><div class=\"recent-posts-content\">\n\t\n\t\t\t<span class=\"vcard\" style=\"display: none;\">\n\t\t\t<span class=\"fn\">\n\t\t\t\t<a href=\"https:\/\/belleazul.com\/de\/author\/tomerfargmail-com\/\" title=\"Posts by Tomer Farkas\" rel=\"author\">Tomer Farkas<\/a>\t\t\t<\/span>\n\t\t<\/span>\n\t\n\t\t\t<span class=\"updated\" style=\"display:none;\">\n\t\t\t2018-07-11T11:43:45+00:00\t\t<\/span>\n\t\n<h4 class=\"entry-title\"><a href=\"https:\/\/belleazul.com\/de\/calorie-intake-how-many-calories-consume-day\/\">Calorie Intake: How Many Calories Should You Consume a Day?<\/a><\/h4><\/div><\/div><div class=\"fusion-column column col col-lg-4 col-md-4 col-sm-4\"><div class=\"fusion-flexslider flexslider flexslider-hover-type-none\"><ul class=\"slides\"><li><a href=\"https:\/\/belleazul.com\/de\/truth-adding-face-mask-skincare-routine\/\" class=\"hover-type-none\"><img decoding=\"async\" src=\"https:\/\/belleazul.com\/wp-content\/uploads\/2018\/06\/Captura.jpg\" alt=\"\" \/><\/a><\/li><\/ul><\/div><div class=\"recent-posts-content\">\n\t\n\t\t\t<span class=\"vcard\" style=\"display: none;\">\n\t\t\t<span class=\"fn\">\n\t\t\t\t<a href=\"https:\/\/belleazul.com\/de\/author\/tomerfargmail-com\/\" title=\"Posts by Tomer Farkas\" rel=\"author\">Tomer Farkas<\/a>\t\t\t<\/span>\n\t\t<\/span>\n\t\n\t\t\t<span class=\"updated\" style=\"display:none;\">\n\t\t\t2018-06-27T08:34:30+00:00\t\t<\/span>\n\t\n<h4 class=\"entry-title\"><a href=\"https:\/\/belleazul.com\/de\/truth-adding-face-mask-skincare-routine\/\">The Truth About Adding A Face Mask To Your Skincare Routine<\/a><\/h4><\/div><\/div><div class=\"fusion-clearfix\"><\/div><div class=\"fusion-column column col col-lg-4 col-md-4 col-sm-4\"><div class=\"fusion-flexslider flexslider flexslider-hover-type-none\"><ul class=\"slides\"><li><a href=\"https:\/\/belleazul.com\/de\/top-5-ways-relieve-stress\/\" class=\"hover-type-none\"><img decoding=\"async\" src=\"https:\/\/belleazul.com\/wp-content\/uploads\/2018\/06\/pexels-photo-313690-700x441.jpeg\" alt=\"\" \/><\/a><\/li><\/ul><\/div><div class=\"recent-posts-content\">\n\t\n\t\t\t<span class=\"vcard\" style=\"display: none;\">\n\t\t\t<span class=\"fn\">\n\t\t\t\t<a href=\"https:\/\/belleazul.com\/de\/author\/tomerfargmail-com\/\" title=\"Posts by Tomer Farkas\" rel=\"author\">Tomer Farkas<\/a>\t\t\t<\/span>\n\t\t<\/span>\n\t\n\t\t\t<span class=\"updated\" style=\"display:none;\">\n\t\t\t2018-06-13T09:46:46+00:00\t\t<\/span>\n\t\n<h4 class=\"entry-title\"><a href=\"https:\/\/belleazul.com\/de\/top-5-ways-relieve-stress\/\">Top 5 Ways to Relieve Stress<\/a><\/h4><\/div><\/div><div class=\"fusion-column column col col-lg-4 col-md-4 col-sm-4\"><div class=\"fusion-flexslider flexslider flexslider-hover-type-none\"><ul class=\"slides\"><li><a href=\"https:\/\/belleazul.com\/de\/get-holiday-feet-ready-beach\/\" class=\"hover-type-none\"><img decoding=\"async\" src=\"https:\/\/belleazul.com\/wp-content\/uploads\/2018\/06\/closed-for-holiday-1583103_960_720-700x441.jpg\" alt=\"\" \/><\/a><\/li><\/ul><\/div><div class=\"recent-posts-content\">\n\t\n\t\t\t<span class=\"vcard\" style=\"display: none;\">\n\t\t\t<span class=\"fn\">\n\t\t\t\t<a href=\"https:\/\/belleazul.com\/de\/author\/tomerfargmail-com\/\" title=\"Posts by Tomer Farkas\" rel=\"author\">Tomer Farkas<\/a>\t\t\t<\/span>\n\t\t<\/span>\n\t\n\t\t\t<span class=\"updated\" style=\"display:none;\">\n\t\t\t2018-06-06T10:17:23+00:00\t\t<\/span>\n\t\n<h4 class=\"entry-title\"><a href=\"https:\/\/belleazul.com\/de\/get-holiday-feet-ready-beach\/\">Get Your Holiday Feet Ready for the Beach!<\/a><\/h4><\/div><\/div><div class=\"fusion-column column col col-lg-4 col-md-4 col-sm-4\"><div class=\"fusion-flexslider flexslider flexslider-hover-type-none\"><ul class=\"slides\"><li><a href=\"https:\/\/belleazul.com\/de\/skin-care-routine-4-steps-glowing-skin\/\" class=\"hover-type-none\"><img decoding=\"async\" src=\"https:\/\/belleazul.com\/wp-content\/uploads\/2018\/05\/2-skin20160712_IMG_0047-700x441.jpg\" alt=\"\" \/><\/a><\/li><\/ul><\/div><div class=\"recent-posts-content\">\n\t\n\t\t\t<span class=\"vcard\" style=\"display: none;\">\n\t\t\t<span class=\"fn\">\n\t\t\t\t<a href=\"https:\/\/belleazul.com\/de\/author\/tomerfargmail-com\/\" title=\"Posts by Tomer Farkas\" rel=\"author\">Tomer Farkas<\/a>\t\t\t<\/span>\n\t\t<\/span>\n\t\n\t\t\t<span class=\"updated\" style=\"display:none;\">\n\t\t\t2018-05-30T10:04:14+00:00\t\t<\/span>\n\t\n<h4 class=\"entry-title\"><a href=\"https:\/\/belleazul.com\/de\/skin-care-routine-4-steps-glowing-skin\/\">Skin Care Routine: 4 Steps to Having a Glowing Skin<\/a><\/h4><\/div><\/div><div class=\"fusion-clearfix\"><\/div><div class=\"fusion-column column col col-lg-4 col-md-4 col-sm-4\"><div class=\"fusion-flexslider flexslider flexslider-hover-type-none\"><ul class=\"slides\"><li><a href=\"https:\/\/belleazul.com\/de\/how-to-keep-your-skin-hydrated-in-the-summer\/\" class=\"hover-type-none\"><img decoding=\"async\" src=\"https:\/\/belleazul.com\/wp-content\/uploads\/2018\/05\/Jarra-450x441.jpg\" alt=\"\" \/><\/a><\/li><\/ul><\/div><div class=\"recent-posts-content\">\n\t\n\t\t\t<span class=\"vcard\" style=\"display: none;\">\n\t\t\t<span class=\"fn\">\n\t\t\t\t<a href=\"https:\/\/belleazul.com\/de\/author\/tomerfargmail-com\/\" title=\"Posts by Tomer Farkas\" rel=\"author\">Tomer Farkas<\/a>\t\t\t<\/span>\n\t\t<\/span>\n\t\n\t\t\t<span class=\"updated\" style=\"display:none;\">\n\t\t\t2018-05-30T09:12:59+00:00\t\t<\/span>\n\t\n<h4 class=\"entry-title\"><a href=\"https:\/\/belleazul.com\/de\/how-to-keep-your-skin-hydrated-in-the-summer\/\">How to Keep Your Skin Hydrated in the Summer?<\/a><\/h4><\/div><\/div><div class=\"fusion-column column col col-lg-4 col-md-4 col-sm-4\"><div class=\"fusion-flexslider flexslider flexslider-hover-type-none\"><ul class=\"slides\"><li><a href=\"https:\/\/belleazul.com\/de\/7-beauty-secrets-every-girl-should-know\/\" class=\"hover-type-none\"><img decoding=\"async\" src=\"https:\/\/belleazul.com\/wp-content\/uploads\/2018\/05\/Heart-450x441.jpg\" alt=\"\" \/><\/a><\/li><\/ul><\/div><div class=\"recent-posts-content\">\n\t\n\t\t\t<span class=\"vcard\" style=\"display: none;\">\n\t\t\t<span class=\"fn\">\n\t\t\t\t<a href=\"https:\/\/belleazul.com\/de\/author\/tomerfargmail-com\/\" title=\"Posts by Tomer Farkas\" rel=\"author\">Tomer Farkas<\/a>\t\t\t<\/span>\n\t\t<\/span>\n\t\n\t\t\t<span class=\"updated\" style=\"display:none;\">\n\t\t\t2018-05-10T08:54:41+00:00\t\t<\/span>\n\t\n<h4 class=\"entry-title\"><a href=\"https:\/\/belleazul.com\/de\/7-beauty-secrets-every-girl-should-know\/\">7 Beauty Secrets That Every Girl Should Know<\/a><\/h4><\/div><\/div><div class=\"fusion-column column col col-lg-4 col-md-4 col-sm-4\"><div class=\"fusion-flexslider flexslider flexslider-hover-type-none\"><ul class=\"slides\"><li><a href=\"https:\/\/belleazul.com\/de\/summer-beauty-routine\/\" class=\"hover-type-none\"><img decoding=\"async\" src=\"https:\/\/belleazul.com\/wp-content\/uploads\/2017\/07\/BLOG-FOTOS-WEB-03-2-450x441.png\" alt=\"\" \/><\/a><\/li><\/ul><\/div><div class=\"recent-posts-content\">\n\t\n\t\t\t<span class=\"vcard\" style=\"display: none;\">\n\t\t\t<span class=\"fn\">\n\t\t\t\t<a href=\"https:\/\/belleazul.com\/de\/author\/tomerfargmail-com\/\" title=\"Posts by Tomer Farkas\" rel=\"author\">Tomer Farkas<\/a>\t\t\t<\/span>\n\t\t<\/span>\n\t\n\t\t\t<span class=\"updated\" style=\"display:none;\">\n\t\t\t2017-07-21T11:41:37+00:00\t\t<\/span>\n\t\n<h4 class=\"entry-title\"><a href=\"https:\/\/belleazul.com\/de\/summer-beauty-routine\/\">Summer 2017: A beauty must have for every destination<\/a><\/h4><\/div><\/div><div class=\"fusion-clearfix\"><\/div><div class=\"fusion-column column col col-lg-4 col-md-4 col-sm-4\"><div class=\"fusion-flexslider flexslider flexslider-hover-type-none\"><ul class=\"slides\"><li><a href=\"https:\/\/belleazul.com\/de\/fun-multimasking\/\" class=\"hover-type-none\"><img decoding=\"async\" src=\"https:\/\/belleazul.com\/wp-content\/uploads\/2017\/02\/BLOG-FOTOS-WEB-01-4-450x441.png\" alt=\"\" \/><\/a><\/li><\/ul><\/div><div class=\"recent-posts-content\">\n\t\n\t\t\t<span class=\"vcard\" style=\"display: none;\">\n\t\t\t<span class=\"fn\">\n\t\t\t\t<a href=\"https:\/\/belleazul.com\/de\/author\/tomerfargmail-com\/\" title=\"Posts by Tomer Farkas\" rel=\"author\">Tomer Farkas<\/a>\t\t\t<\/span>\n\t\t<\/span>\n\t\n\t\t\t<span class=\"updated\" style=\"display:none;\">\n\t\t\t2017-02-06T11:46:26+00:00\t\t<\/span>\n\t\n<h4 class=\"entry-title\"><a href=\"https:\/\/belleazul.com\/de\/fun-multimasking\/\">Fun Multimasking Trend<\/a><\/h4><\/div><\/div><div class=\"fusion-column column col col-lg-4 col-md-4 col-sm-4\"><div class=\"fusion-flexslider flexslider flexslider-hover-type-none\"><ul class=\"slides\"><li><a href=\"https:\/\/belleazul.com\/de\/hi-and-welcome-to-our-blog\/\" class=\"hover-type-none\"><img decoding=\"async\" src=\"https:\/\/belleazul.com\/wp-content\/uploads\/2016\/09\/Belle_Azul_Instant_Lift-700x441.png\" alt=\"\" \/><\/a><\/li><\/ul><\/div><div class=\"recent-posts-content\">\n\t\n\t\t\t<span class=\"vcard\" style=\"display: none;\">\n\t\t\t<span class=\"fn\">\n\t\t\t\t<a href=\"https:\/\/belleazul.com\/de\/author\/tomerfargmail-com\/\" title=\"Posts by Tomer Farkas\" rel=\"author\">Tomer Farkas<\/a>\t\t\t<\/span>\n\t\t<\/span>\n\t\n\t\t\t<span class=\"updated\" style=\"display:none;\">\n\t\t\t2016-11-15T09:21:59+00:00\t\t<\/span>\n\t\n<h4 class=\"entry-title\"><a href=\"https:\/\/belleazul.com\/de\/hi-and-welcome-to-our-blog\/\">Hi &#038; welcome to our blog!<\/a><\/h4><\/div><\/div><\/section><\/div><\/div><\/div><div class=\"fusion-bg-parallax\" data-bg-align=\"center center\" data-direction=\"down\" data-mute=\"yes\" data-opacity=\"100\" data-velocity=\"-0.3\" data-mobile-enabled=\"false\" data-break-parents=\"0\" data-bg-image=\"http:\/\/belleazul.com\/wp-content\/uploads\/2017\/07\/blog_down.jpg\" data-bg-repeat=\"false\"><\/div><div class=\"fusion-fullwidth fullwidth-box fusion-fullwidth-3  fusion-parallax-down hundred-percent-fullwidth\" style=\"border-color:#eae9e9;border-bottom-width: 0px;border-top-width: 0px;border-bottom-style: solid;border-top-style: solid;padding-bottom:0px;padding-top:600px;padding-left:0px;padding-right:0px;\"><style type=\"text\/css\" scoped=\"scoped\">.fusion-fullwidth-3 {\n                            padding-left: 0px !important;\n                            padding-right: 0px !important;\n                        }<\/style><div class=\"fusion-row\"><\/div><\/div><div class=\"fusion-fullwidth fullwidth-box fusion-fullwidth-4  fusion-parallax-none nonhundred-percent-fullwidth\" style=\"border-color:#eae9e9;border-bottom-width: 0px;border-top-width: 0px;border-bottom-style: solid;border-top-style: solid;padding-bottom:80px;padding-top:80px;padding-left:;padding-right:;background-color:rgba(255,255,255,0);\"><style type=\"text\/css\" scoped=\"scoped\">.fusion-fullwidth-4 {\n                            padding-left: px !important;\n                            padding-right: px !important;\n                        }<\/style><div class=\"fusion-row\"><div class=\"fusion-one-third fusion-layout-column fusion-spacing-yes\" style=\"margin-top:0px;margin-bottom:20px;\"><div class=\"fusion-column-wrapper\"><div class=\"fusion-clearfix\"><\/div><\/div><\/div><div class=\"fusion-one-third fusion-layout-column fusion-spacing-yes\" style=\"margin-top:0px;margin-bottom:20px;\"><div class=\"fusion-column-wrapper\"><span class=\"fusion-imageframe imageframe-none imageframe-1 hover-type-none\"> <img decoding=\"async\" alt=\"\" src=\"http:\/\/belleazul.com\/wp-content\/uploads\/2017\/07\/SOCIAL-MEDIA.png\" class=\"img-responsive\"\/><\/span><div class=\"fusion-clearfix\"><\/div><\/div><\/div><div class=\"fusion-one-third fusion-layout-column fusion-column-last fusion-spacing-yes\" style=\"margin-top:0px;margin-bottom:20px;\"><div class=\"fusion-column-wrapper\"><div class=\"fusion-clearfix\"><\/div><\/div><\/div><div class=\"fusion-clearfix\"><\/div><\/div><\/div><div class=\"fusion-fullwidth fullwidth-box fusion-fullwidth-5  fusion-parallax-none nonhundred-percent-fullwidth\" style=\"border-color:#eae9e9;border-bottom-width: 0px;border-top-width: 0px;border-bottom-style: solid;border-top-style: solid;padding-bottom:20px;padding-top:20px;padding-left:;padding-right:;background-color:rgba(255,255,255,0);\"><style type=\"text\/css\" scoped=\"scoped\">.fusion-fullwidth-5 {\n                            padding-left: px !important;\n                            padding-right: px !important;\n                        }<\/style><div class=\"fusion-row\"><div class=\"fusion-one-full fusion-layout-column fusion-column-last fusion-spacing-yes\" style=\"margin-top:0px;margin-bottom:20px;\"><div class=\"fusion-column-wrapper\"><div data-is data-is-api=\"https:\/\/belleazul.com\/wp-content\/plugins\/elfsight-instashow\/api\/\" data-is-source=\"@belleazul\" data-is-limit=\"0\" data-is-cache-media-time=\"0\" data-is-columns=\"4\" data-is-rows=\"1\" data-is-gutter=\"0\" data-is-responsive=\"%7B%22800%22%3A%7B%22columns%22%3A%222%22%2C%22rows%22%3A%221%22%2C%22gutter%22%3A%220%22%7D%7D\" data-is-speed=\"600\" data-is-auto=\"0\" data-is-popup-speed=\"400\"><\/div>\n<div class=\"fusion-clearfix\"><\/div><\/div><\/div><div class=\"fusion-clearfix\"><\/div><\/div><\/div>\n","protected":false},"excerpt":{"rendered":"","protected":false},"author":65,"featured_media":0,"parent":0,"menu_order":0,"comment_status":"closed","ping_status":"closed","template":"100-width.php","meta":{"footnotes":""},"class_list":["post-8847","page","type-page","status-publish","hentry"],"yoast_head":"<!-- This site is optimized with the Yoast SEO plugin v25.6 - https:\/\/yoast.com\/wordpress\/plugins\/seo\/ -->\n<title>Belle Azul | Let&#039;s talk beauty<\/title>\n<meta name=\"description\" content=\"Belle Azul Let&#039;s talk beauty. The latest beauty tips and news from our Beauty Blog. The perfect beauty must-have of the week.\" \/>\n<meta name=\"robots\" content=\"index, follow, max-snippet:-1, max-image-preview:large, max-video-preview:-1\" \/>\n<link rel=\"canonical\" href=\"https:\/\/belleazul.com\/beauty-buzz\/\" \/>\n<meta property=\"og:locale\" content=\"de_DE\" \/>\n<meta property=\"og:type\" content=\"article\" \/>\n<meta property=\"og:title\" content=\"Belle Azul | Let&#039;s talk beauty\" \/>\n<meta property=\"og:description\" content=\"Belle Azul Let&#039;s talk beauty. The latest beauty tips and news from our Beauty Blog. The perfect beauty must-have of the week.\" \/>\n<meta property=\"og:url\" content=\"https:\/\/belleazul.com\/beauty-buzz\/\" \/>\n<meta property=\"og:site_name\" content=\"Belle Azul\" \/>\n<meta property=\"article:modified_time\" content=\"2018-01-17T09:22:21+00:00\" \/>\n<meta property=\"og:image\" content=\"http:\/\/belleazul.com\/wp-content\/uploads\/2017\/07\/SOCIAL-MEDIA.png\" \/>\n<meta name=\"twitter:card\" content=\"summary_large_image\" \/>\n<meta name=\"twitter:label1\" content=\"Est. reading time\" \/>\n\t<meta name=\"twitter:data1\" content=\"5 minutes\" \/>\n<script type=\"application\/ld+json\" class=\"yoast-schema-graph\">{\"@context\":\"https:\/\/schema.org\",\"@graph\":[{\"@type\":\"WebPage\",\"@id\":\"https:\/\/belleazul.com\/beauty-buzz\/\",\"url\":\"https:\/\/belleazul.com\/beauty-buzz\/\",\"name\":\"Belle Azul | Let's talk beauty\",\"isPartOf\":{\"@id\":\"https:\/\/belleazul.com\/#website\"},\"primaryImageOfPage\":{\"@id\":\"https:\/\/belleazul.com\/beauty-buzz\/#primaryimage\"},\"image\":{\"@id\":\"https:\/\/belleazul.com\/beauty-buzz\/#primaryimage\"},\"thumbnailUrl\":\"http:\/\/belleazul.com\/wp-content\/uploads\/2017\/07\/SOCIAL-MEDIA.png\",\"datePublished\":\"2017-08-01T15:53:58+00:00\",\"dateModified\":\"2018-01-17T09:22:21+00:00\",\"description\":\"Belle Azul Let's talk beauty. The latest beauty tips and news from our Beauty Blog. The perfect beauty must-have of the week.\",\"breadcrumb\":{\"@id\":\"https:\/\/belleazul.com\/beauty-buzz\/#breadcrumb\"},\"inLanguage\":\"de-DE\",\"potentialAction\":[{\"@type\":\"ReadAction\",\"target\":[\"https:\/\/belleazul.com\/beauty-buzz\/\"]}]},{\"@type\":\"ImageObject\",\"inLanguage\":\"de-DE\",\"@id\":\"https:\/\/belleazul.com\/beauty-buzz\/#primaryimage\",\"url\":\"http:\/\/belleazul.com\/wp-content\/uploads\/2017\/07\/SOCIAL-MEDIA.png\",\"contentUrl\":\"http:\/\/belleazul.com\/wp-content\/uploads\/2017\/07\/SOCIAL-MEDIA.png\"},{\"@type\":\"BreadcrumbList\",\"@id\":\"https:\/\/belleazul.com\/beauty-buzz\/#breadcrumb\",\"itemListElement\":[{\"@type\":\"ListItem\",\"position\":1,\"name\":\"Home\",\"item\":\"https:\/\/belleazul.com\/de\/\"},{\"@type\":\"ListItem\",\"position\":2,\"name\":\"Beauty Buzz\"}]},{\"@type\":\"WebSite\",\"@id\":\"https:\/\/belleazul.com\/#website\",\"url\":\"https:\/\/belleazul.com\/\",\"name\":\"Belle Azul\",\"description\":\"Mediterranean Beauty Brand\",\"potentialAction\":[{\"@type\":\"SearchAction\",\"target\":{\"@type\":\"EntryPoint\",\"urlTemplate\":\"https:\/\/belleazul.com\/?s={search_term_string}\"},\"query-input\":{\"@type\":\"PropertyValueSpecification\",\"valueRequired\":true,\"valueName\":\"search_term_string\"}}],\"inLanguage\":\"de-DE\"}]}<\/script>\n<!-- \/ Yoast SEO plugin. -->","yoast_head_json":{"title":"Belle Azul | Let's talk beauty","description":"Belle Azul Let's talk beauty. The latest beauty tips and news from our Beauty Blog. The perfect beauty must-have of the week.","robots":{"index":"index","follow":"follow","max-snippet":"max-snippet:-1","max-image-preview":"max-image-preview:large","max-video-preview":"max-video-preview:-1"},"canonical":"https:\/\/belleazul.com\/beauty-buzz\/","og_locale":"de_DE","og_type":"article","og_title":"Belle Azul | Let's talk beauty","og_description":"Belle Azul Let's talk beauty. The latest beauty tips and news from our Beauty Blog. The perfect beauty must-have of the week.","og_url":"https:\/\/belleazul.com\/beauty-buzz\/","og_site_name":"Belle Azul","article_modified_time":"2018-01-17T09:22:21+00:00","og_image":[{"url":"http:\/\/belleazul.com\/wp-content\/uploads\/2017\/07\/SOCIAL-MEDIA.png","type":"","width":"","height":""}],"twitter_card":"summary_large_image","twitter_misc":{"Est. reading time":"5 minutes"},"schema":{"@context":"https:\/\/schema.org","@graph":[{"@type":"WebPage","@id":"https:\/\/belleazul.com\/beauty-buzz\/","url":"https:\/\/belleazul.com\/beauty-buzz\/","name":"Belle Azul | Let's talk beauty","isPartOf":{"@id":"https:\/\/belleazul.com\/#website"},"primaryImageOfPage":{"@id":"https:\/\/belleazul.com\/beauty-buzz\/#primaryimage"},"image":{"@id":"https:\/\/belleazul.com\/beauty-buzz\/#primaryimage"},"thumbnailUrl":"http:\/\/belleazul.com\/wp-content\/uploads\/2017\/07\/SOCIAL-MEDIA.png","datePublished":"2017-08-01T15:53:58+00:00","dateModified":"2018-01-17T09:22:21+00:00","description":"Belle Azul Let's talk beauty. The latest beauty tips and news from our Beauty Blog. The perfect beauty must-have of the week.","breadcrumb":{"@id":"https:\/\/belleazul.com\/beauty-buzz\/#breadcrumb"},"inLanguage":"de-DE","potentialAction":[{"@type":"ReadAction","target":["https:\/\/belleazul.com\/beauty-buzz\/"]}]},{"@type":"ImageObject","inLanguage":"de-DE","@id":"https:\/\/belleazul.com\/beauty-buzz\/#primaryimage","url":"http:\/\/belleazul.com\/wp-content\/uploads\/2017\/07\/SOCIAL-MEDIA.png","contentUrl":"http:\/\/belleazul.com\/wp-content\/uploads\/2017\/07\/SOCIAL-MEDIA.png"},{"@type":"BreadcrumbList","@id":"https:\/\/belleazul.com\/beauty-buzz\/#breadcrumb","itemListElement":[{"@type":"ListItem","position":1,"name":"Home","item":"https:\/\/belleazul.com\/de\/"},{"@type":"ListItem","position":2,"name":"Beauty Buzz"}]},{"@type":"WebSite","@id":"https:\/\/belleazul.com\/#website","url":"https:\/\/belleazul.com\/","name":"Belle Azul","description":"Mediterranean Beauty Brand","potentialAction":[{"@type":"SearchAction","target":{"@type":"EntryPoint","urlTemplate":"https:\/\/belleazul.com\/?s={search_term_string}"},"query-input":{"@type":"PropertyValueSpecification","valueRequired":true,"valueName":"search_term_string"}}],"inLanguage":"de-DE"}]}},"_links":{"self":[{"href":"https:\/\/belleazul.com\/de\/wp-json\/wp\/v2\/pages\/8847"}],"collection":[{"href":"https:\/\/belleazul.com\/de\/wp-json\/wp\/v2\/pages"}],"about":[{"href":"https:\/\/belleazul.com\/de\/wp-json\/wp\/v2\/types\/page"}],"author":[{"embeddable":true,"href":"https:\/\/belleazul.com\/de\/wp-json\/wp\/v2\/users\/65"}],"replies":[{"embeddable":true,"href":"https:\/\/belleazul.com\/de\/wp-json\/wp\/v2\/comments?post=8847"}],"version-history":[{"count":1,"href":"https:\/\/belleazul.com\/de\/wp-json\/wp\/v2\/pages\/8847\/revisions"}],"predecessor-version":[{"id":9901,"href":"https:\/\/belleazul.com\/de\/wp-json\/wp\/v2\/pages\/8847\/revisions\/9901"}],"wp:attachment":[{"href":"https:\/\/belleazul.com\/de\/wp-json\/wp\/v2\/media?parent=8847"}],"curies":[{"name":"wp","href":"https:\/\/api.w.org\/{rel}","templated":true}]}}